{"id":1006,"date":"2023-10-19T14:19:04","date_gmt":"2023-10-19T12:19:04","guid":{"rendered":"https:\/\/sanfeliz.es\/?page_id=1006"},"modified":"2025-02-18T16:09:00","modified_gmt":"2025-02-18T15:09:00","slug":"regala","status":"publish","type":"page","link":"https:\/\/sanfeliz.es\/en\/regala\/","title":{"rendered":"Gifts"},"content":{"rendered":"\t\t<div data-elementor-type=\"wp-page\" data-elementor-id=\"1006\" class=\"elementor elementor-1006\" data-elementor-post-type=\"page\">\n\t\t\t\t<div class=\"elementor-element elementor-element-24c16cf6 e-flex e-con-boxed e-con e-parent\" data-id=\"24c16cf6\" data-element_type=\"container\" data-e-type=\"container\" data-settings=\"{&quot;background_background&quot;:&quot;classic&quot;}\">\n\t\t\t\t\t<div class=\"e-con-inner\">\n\t\t<div class=\"elementor-element elementor-element-71f79242 e-con-full e-flex e-con e-child\" data-id=\"71f79242\" data-element_type=\"container\" data-e-type=\"container\">\n\t\t\t\t<div class=\"elementor-element elementor-element-af9fcbd elementor-widget elementor-widget-text-editor\" data-id=\"af9fcbd\" data-element_type=\"widget\" data-e-type=\"widget\" data-widget_type=\"text-editor.default\">\n\t\t\t\t<div class=\"elementor-widget-container\">\n\t\t\t\t\t\t\t\t\t<p>Sorprende a esa persona especial con esta experiencia \u00fanica en Espacio Rural San Feliz.<\/p>\t\t\t\t\t\t\t\t<\/div>\n\t\t\t\t<\/div>\n\t\t\t\t<div class=\"elementor-element elementor-element-073c2c1 elementor-widget elementor-widget-image\" data-id=\"073c2c1\" data-element_type=\"widget\" data-e-type=\"widget\" data-widget_type=\"image.default\">\n\t\t\t\t<div class=\"elementor-widget-container\">\n\t\t\t\t\t\t\t\t\t\t\t\t\t\t\t<img fetchpriority=\"high\" decoding=\"async\" width=\"800\" height=\"800\" src=\"https:\/\/sanfeliz.es\/wp-content\/uploads\/2025\/02\/bono-regalo-1024x1024.jpg\" class=\"attachment-large size-large wp-image-2660\" alt=\"bono regalo\" srcset=\"https:\/\/sanfeliz.es\/wp-content\/uploads\/2025\/02\/bono-regalo-1024x1024.jpg 1024w, https:\/\/sanfeliz.es\/wp-content\/uploads\/2025\/02\/bono-regalo-300x300.jpg 300w, https:\/\/sanfeliz.es\/wp-content\/uploads\/2025\/02\/bono-regalo-150x150.jpg 150w, https:\/\/sanfeliz.es\/wp-content\/uploads\/2025\/02\/bono-regalo-768x768.jpg 768w, https:\/\/sanfeliz.es\/wp-content\/uploads\/2025\/02\/bono-regalo-12x12.jpg 12w, https:\/\/sanfeliz.es\/wp-content\/uploads\/2025\/02\/bono-regalo.jpg 1080w\" sizes=\"(max-width: 800px) 100vw, 800px\" \/>\t\t\t\t\t\t\t\t\t\t\t\t\t\t\t<\/div>\n\t\t\t\t<\/div>\n\t\t\t\t<div class=\"elementor-element elementor-element-1f371a1 elementor-widget elementor-widget-text-editor\" data-id=\"1f371a1\" data-element_type=\"widget\" data-e-type=\"widget\" data-widget_type=\"text-editor.default\">\n\t\t\t\t<div class=\"elementor-widget-container\">\n\t\t\t\t\t\t\t\t\t<ul><li>Contacta con nosotros y te personalizamos tu regalo.<\/li><li>Las reservas est\u00e1n sujetas a disponibilidad y estancias m\u00ednimas.<\/li><li>Disponible para cualquier fecha, excepto de julio al 15 de septiembre, Semana Santa, festivos o puentes.<\/li><li>El precio del bono es por el alojamiento de 2 noches para 2 personas. Los servicios extras que pudiera haber, se cobrar\u00e1n al poseedor de la tarjeta.<\/li><li>Todos los bonos tienen caducidad pasados los 11 meses.<\/li><li>El bono se enviar\u00e1 por correo electr\u00f3nico y se pagar\u00e1 mediante una transferencia bancaria.<\/li><\/ul>\t\t\t\t\t\t\t\t<\/div>\n\t\t\t\t<\/div>\n\t\t\t\t<\/div>\n\t\t<div class=\"elementor-element elementor-element-68890400 e-con-full e-flex e-con e-child\" data-id=\"68890400\" data-element_type=\"container\" data-e-type=\"container\" data-settings=\"{&quot;background_background&quot;:&quot;classic&quot;}\">\n\t\t\t\t<div class=\"elementor-element elementor-element-7d92717 elementor-button-align-start elementor-widget elementor-widget-form\" data-id=\"7d92717\" data-element_type=\"widget\" data-e-type=\"widget\" data-settings=\"{&quot;button_width&quot;:&quot;50&quot;,&quot;step_next_label&quot;:&quot;Siguiente&quot;,&quot;step_previous_label&quot;:&quot;Anterior&quot;,&quot;step_type&quot;:&quot;number_text&quot;,&quot;step_icon_shape&quot;:&quot;circle&quot;}\" data-widget_type=\"form.default\">\n\t\t\t\t<div class=\"elementor-widget-container\">\n\t\t\t\t\t\t\t<form class=\"elementor-form\" method=\"post\" name=\"Nuevo formulario\" aria-label=\"Nuevo formulario\">\n\t\t\t<input type=\"hidden\" name=\"post_id\" value=\"1006\"\/>\n\t\t\t<input type=\"hidden\" name=\"form_id\" value=\"7d92717\"\/>\n\t\t\t<input type=\"hidden\" name=\"referer_title\" value=\"Regala - Espacio Rural San Feliz\" \/>\n\n\t\t\t\t\t\t\t<input type=\"hidden\" name=\"queried_id\" value=\"1006\"\/>\n\t\t\t\n\t\t\t<div class=\"elementor-form-fields-wrapper elementor-labels-above\">\n\t\t\t\t\t\t\t\t<div class=\"elementor-field-type-text elementor-field-group elementor-column elementor-field-group-name elementor-col-100 elementor-field-required\">\n\t\t\t\t\t\t\t\t\t\t\t\t<label for=\"form-field-name\" class=\"elementor-field-label\">\n\t\t\t\t\t\t\t\tNombre\t\t\t\t\t\t\t<\/label>\n\t\t\t\t\t\t\t\t\t\t\t\t\t\t<input size=\"1\" type=\"text\" name=\"form_fields[name]\" id=\"form-field-name\" class=\"elementor-field elementor-size-sm  elementor-field-textual\" placeholder=\"Nombre\" required=\"required\">\n\t\t\t\t\t\t\t\t\t\t\t<\/div>\n\t\t\t\t\t\t\t\t<div class=\"elementor-field-type-email elementor-field-group elementor-column elementor-field-group-email elementor-col-100 elementor-field-required\">\n\t\t\t\t\t\t\t\t\t\t\t\t<label for=\"form-field-email\" class=\"elementor-field-label\">\n\t\t\t\t\t\t\t\tCorreo electr\u00f3nico\t\t\t\t\t\t\t<\/label>\n\t\t\t\t\t\t\t\t\t\t\t\t\t\t<input size=\"1\" type=\"email\" name=\"form_fields[email]\" id=\"form-field-email\" class=\"elementor-field elementor-size-sm  elementor-field-textual\" placeholder=\"Correo electr\u00f3nico\" required=\"required\">\n\t\t\t\t\t\t\t\t\t\t\t<\/div>\n\t\t\t\t\t\t\t\t<div class=\"elementor-field-type-tel elementor-field-group elementor-column elementor-field-group-field_fb06ce3 elementor-col-100 elementor-field-required\">\n\t\t\t\t\t\t\t\t\t\t\t\t<label for=\"form-field-field_fb06ce3\" class=\"elementor-field-label\">\n\t\t\t\t\t\t\t\tTel\u00e9fono\t\t\t\t\t\t\t<\/label>\n\t\t\t\t\t\t\t\t<input size=\"1\" type=\"tel\" name=\"form_fields[field_fb06ce3]\" id=\"form-field-field_fb06ce3\" class=\"elementor-field elementor-size-sm  elementor-field-textual\" placeholder=\"Tel\u00e9fono\" required=\"required\" pattern=\"[0-9()#&amp;+*-=.]+\" title=\"Solo se aceptan n\u00fameros y caracteres de tel\u00e9fono (#,-,*,etc).\">\n\n\t\t\t\t\t\t<\/div>\n\t\t\t\t\t\t\t\t<div class=\"elementor-field-type-select elementor-field-group elementor-column elementor-field-group-field_bac89bf elementor-col-100 elementor-field-required\">\n\t\t\t\t\t\t\t\t\t\t\t\t<label for=\"form-field-field_bac89bf\" class=\"elementor-field-label\">\n\t\t\t\t\t\t\t\tProvincia\t\t\t\t\t\t\t<\/label>\n\t\t\t\t\t\t\t\t<div class=\"elementor-field elementor-select-wrapper remove-before \">\n\t\t\t<div class=\"select-caret-down-wrapper\">\n\t\t\t\t<i aria-hidden=\"true\" class=\"eicon-caret-down\"><\/i>\t\t\t<\/div>\n\t\t\t<select name=\"form_fields[field_bac89bf]\" id=\"form-field-field_bac89bf\" class=\"elementor-field-textual elementor-size-sm\" required=\"required\">\n\t\t\t\t\t\t\t\t\t<option value=\"---------\">---------<\/option>\n\t\t\t\t\t\t\t\t\t<option value=\"Fuera de Espa\u00f1a\">Not sending from Spain<\/option>\n\t\t\t\t\t\t\t\t\t<option value=\"A Coru\u00f1a\">A Coru\u00f1a<\/option>\n\t\t\t\t\t\t\t\t\t<option value=\"\u00c1lava\">\u00c1lava<\/option>\n\t\t\t\t\t\t\t\t\t<option value=\"Albacete\">Albacete<\/option>\n\t\t\t\t\t\t\t\t\t<option value=\"Alicante\">Alicante<\/option>\n\t\t\t\t\t\t\t\t\t<option value=\"Almer\u00eda\">Almer\u00eda<\/option>\n\t\t\t\t\t\t\t\t\t<option value=\"Asturias\">Asturias<\/option>\n\t\t\t\t\t\t\t\t\t<option value=\"\u00c1vila\">\u00c1vila<\/option>\n\t\t\t\t\t\t\t\t\t<option value=\"Badajoz\">Badajoz<\/option>\n\t\t\t\t\t\t\t\t\t<option value=\"Barcelona\">Barcelona<\/option>\n\t\t\t\t\t\t\t\t\t<option value=\"Burgos\">Burgos<\/option>\n\t\t\t\t\t\t\t\t\t<option value=\"C\u00e1ceres\">C\u00e1ceres<\/option>\n\t\t\t\t\t\t\t\t\t<option value=\"C\u00e1diz\">C\u00e1diz<\/option>\n\t\t\t\t\t\t\t\t\t<option value=\"Cantabria\">Cantabria<\/option>\n\t\t\t\t\t\t\t\t\t<option value=\"Castell\u00f3n\">Castell\u00f3n<\/option>\n\t\t\t\t\t\t\t\t\t<option value=\"Ceuta\">Ceuta<\/option>\n\t\t\t\t\t\t\t\t\t<option value=\"Ciudad Real\">Ciudad Real<\/option>\n\t\t\t\t\t\t\t\t\t<option value=\"C\u00f3rdoba\">C\u00f3rdoba<\/option>\n\t\t\t\t\t\t\t\t\t<option value=\"Cuenca\">Cuenca<\/option>\n\t\t\t\t\t\t\t\t\t<option value=\"Girona\">Girona<\/option>\n\t\t\t\t\t\t\t\t\t<option value=\"Gran Canaria\">Gran Canaria<\/option>\n\t\t\t\t\t\t\t\t\t<option value=\"Granada\">Granada<\/option>\n\t\t\t\t\t\t\t\t\t<option value=\"Guadalajara\">Guadalajara<\/option>\n\t\t\t\t\t\t\t\t\t<option value=\"Guip\u00fazcoa\">Guip\u00fazcoa<\/option>\n\t\t\t\t\t\t\t\t\t<option value=\"Huelva\">Huelva<\/option>\n\t\t\t\t\t\t\t\t\t<option value=\"Huesca\">Huesca<\/option>\n\t\t\t\t\t\t\t\t\t<option value=\"Islas Baleares\">Islas Baleares<\/option>\n\t\t\t\t\t\t\t\t\t<option value=\"Ja\u00e9n\">Ja\u00e9n<\/option>\n\t\t\t\t\t\t\t\t\t<option value=\"La Rioja\">La Rioja<\/option>\n\t\t\t\t\t\t\t\t\t<option value=\"Le\u00f3n\">Le\u00f3n<\/option>\n\t\t\t\t\t\t\t\t\t<option value=\"Lleida\">Lleida<\/option>\n\t\t\t\t\t\t\t\t\t<option value=\"Lugo\">Lugo<\/option>\n\t\t\t\t\t\t\t\t\t<option value=\"Madrid\">Madrid<\/option>\n\t\t\t\t\t\t\t\t\t<option value=\"M\u00e1laga\">M\u00e1laga<\/option>\n\t\t\t\t\t\t\t\t\t<option value=\"Melilla\">Melilla<\/option>\n\t\t\t\t\t\t\t\t\t<option value=\"Murcia\">Murcia<\/option>\n\t\t\t\t\t\t\t\t\t<option value=\"Navarra\">Navarra<\/option>\n\t\t\t\t\t\t\t\t\t<option value=\"Ourense\">Ourense<\/option>\n\t\t\t\t\t\t\t\t\t<option value=\"Palencia\">Palencia<\/option>\n\t\t\t\t\t\t\t\t\t<option value=\"Pontevedra\">Pontevedra<\/option>\n\t\t\t\t\t\t\t\t\t<option value=\"Salamanca\">Salamanca<\/option>\n\t\t\t\t\t\t\t\t\t<option value=\"Segovia\">Segovia<\/option>\n\t\t\t\t\t\t\t\t\t<option value=\"Sevilla\">Sevilla<\/option>\n\t\t\t\t\t\t\t\t\t<option value=\"Soria\">Soria<\/option>\n\t\t\t\t\t\t\t\t\t<option value=\"St. Cruz de Tenerife\">St. Cruz de Tenerife<\/option>\n\t\t\t\t\t\t\t\t\t<option value=\"Tarragona\">Tarragona<\/option>\n\t\t\t\t\t\t\t\t\t<option value=\"Teruel\">Teruel<\/option>\n\t\t\t\t\t\t\t\t\t<option value=\"Toledo\">Toledo<\/option>\n\t\t\t\t\t\t\t\t\t<option value=\"Valencia\">Valencia<\/option>\n\t\t\t\t\t\t\t\t\t<option value=\"Valladolid\">Valladolid<\/option>\n\t\t\t\t\t\t\t\t\t<option value=\"Vizcaya\">Vizcaya<\/option>\n\t\t\t\t\t\t\t\t\t<option value=\"Zamora\">Zamora<\/option>\n\t\t\t\t\t\t\t\t\t<option value=\"Zaragoza\">Zaragoza<\/option>\n\t\t\t\t\t\t\t<\/select>\n\t\t<\/div>\n\t\t\t\t\t\t<\/div>\n\t\t\t\t\t\t\t\t<div class=\"elementor-field-type-textarea elementor-field-group elementor-column elementor-field-group-message elementor-col-100\">\n\t\t\t\t\t\t\t\t\t\t\t\t<label for=\"form-field-message\" class=\"elementor-field-label\">\n\t\t\t\t\t\t\t\tMensaje\t\t\t\t\t\t\t<\/label>\n\t\t\t\t\t\t<textarea class=\"elementor-field-textual elementor-field  elementor-size-sm\" name=\"form_fields[message]\" id=\"form-field-message\" rows=\"4\" placeholder=\"Mensaje\"><\/textarea>\t\t\t\t<\/div>\n\t\t\t\t\t\t\t\t<div class=\"elementor-field-group elementor-column elementor-field-type-submit elementor-col-50 e-form__buttons\">\n\t\t\t\t\t<button class=\"elementor-button elementor-size-sm\" type=\"submit\">\n\t\t\t\t\t\t<span class=\"elementor-button-content-wrapper\">\n\t\t\t\t\t\t\t\t\t\t\t\t\t\t\t\t\t\t\t\t\t\t<span class=\"elementor-button-text\">Enviar<\/span>\n\t\t\t\t\t\t\t\t\t\t\t\t\t<\/span>\n\t\t\t\t\t<\/button>\n\t\t\t\t<\/div>\n\t\t\t<\/div>\n\t\t<\/form>\n\t\t\t\t\t\t<\/div>\n\t\t\t\t<\/div>\n\t\t\t\t<\/div>\n\t\t\t\t\t<\/div>\n\t\t\t\t<\/div>\n\t\t\t\t<\/div>\n\t\t","protected":false},"excerpt":{"rendered":"<p>Sorprende a esa persona especial con esta experiencia \u00fanica en Espacio Rural San Feliz. Contacta con nosotros y te personalizamos tu regalo. Las reservas est\u00e1n sujetas a disponibilidad y estancias m\u00ednimas. Disponible para cualquier fecha, excepto de julio al 15 de septiembre, Semana Santa, festivos o puentes. El precio del bono es por el alojamiento [&hellip;]<\/p>\n","protected":false},"author":1,"featured_media":0,"parent":0,"menu_order":0,"comment_status":"closed","ping_status":"closed","template":"elementor_header_footer","meta":{"footnotes":""},"class_list":["post-1006","page","type-page","status-publish","hentry"],"yoast_head":"<!-- This site is optimized with the Yoast SEO plugin v27.4 - https:\/\/yoast.com\/product\/yoast-seo-wordpress\/ -->\n<title>Regala - Espacio Rural San Feliz<\/title>\n<meta name=\"description\" content=\"Sorprende a esa persona especial con esta experiencia \u00fanica en Apartamentos Rurales San Feliz.\" \/>\n<meta name=\"robots\" content=\"index, follow, max-snippet:-1, max-image-preview:large, max-video-preview:-1\" \/>\n<link rel=\"canonical\" href=\"https:\/\/sanfeliz.es\/en\/regala\/\" \/>\n<meta property=\"og:locale\" content=\"en_GB\" \/>\n<meta property=\"og:type\" content=\"article\" \/>\n<meta property=\"og:title\" content=\"Regala - Espacio Rural San Feliz\" \/>\n<meta property=\"og:description\" content=\"Sorprende a esa persona especial con esta experiencia \u00fanica en Apartamentos Rurales San Feliz.\" \/>\n<meta property=\"og:url\" content=\"https:\/\/sanfeliz.es\/en\/regala\/\" \/>\n<meta property=\"og:site_name\" content=\"Espacio Rural San Feliz\" \/>\n<meta property=\"article:modified_time\" content=\"2025-02-18T15:09:00+00:00\" \/>\n<meta property=\"og:image\" content=\"https:\/\/sanfeliz.es\/wp-content\/uploads\/2025\/02\/bono-regalo.jpg\" \/>\n\t<meta property=\"og:image:width\" content=\"1080\" \/>\n\t<meta property=\"og:image:height\" content=\"1080\" \/>\n\t<meta property=\"og:image:type\" content=\"image\/jpeg\" \/>\n<meta name=\"twitter:card\" content=\"summary_large_image\" \/>\n<meta name=\"twitter:label1\" content=\"Estimated reading time\" \/>\n\t<meta name=\"twitter:data1\" content=\"1 minute\" \/>\n<script type=\"application\/ld+json\" class=\"yoast-schema-graph\">{\"@context\":\"https:\\\/\\\/schema.org\",\"@graph\":[{\"@type\":\"WebPage\",\"@id\":\"https:\\\/\\\/sanfeliz.es\\\/regala\\\/\",\"url\":\"https:\\\/\\\/sanfeliz.es\\\/regala\\\/\",\"name\":\"Regala - Espacio Rural San Feliz\",\"isPartOf\":{\"@id\":\"https:\\\/\\\/sanfeliz.es\\\/#website\"},\"primaryImageOfPage\":{\"@id\":\"https:\\\/\\\/sanfeliz.es\\\/regala\\\/#primaryimage\"},\"image\":{\"@id\":\"https:\\\/\\\/sanfeliz.es\\\/regala\\\/#primaryimage\"},\"thumbnailUrl\":\"https:\\\/\\\/sanfeliz.es\\\/wp-content\\\/uploads\\\/2025\\\/02\\\/bono-regalo-1024x1024.jpg\",\"datePublished\":\"2023-10-19T12:19:04+00:00\",\"dateModified\":\"2025-02-18T15:09:00+00:00\",\"description\":\"Sorprende a esa persona especial con esta experiencia \u00fanica en Apartamentos Rurales San Feliz.\",\"breadcrumb\":{\"@id\":\"https:\\\/\\\/sanfeliz.es\\\/regala\\\/#breadcrumb\"},\"inLanguage\":\"en-GB\",\"potentialAction\":[{\"@type\":\"ReadAction\",\"target\":[\"https:\\\/\\\/sanfeliz.es\\\/regala\\\/\"]}]},{\"@type\":\"ImageObject\",\"inLanguage\":\"en-GB\",\"@id\":\"https:\\\/\\\/sanfeliz.es\\\/regala\\\/#primaryimage\",\"url\":\"https:\\\/\\\/sanfeliz.es\\\/wp-content\\\/uploads\\\/2025\\\/02\\\/bono-regalo-1024x1024.jpg\",\"contentUrl\":\"https:\\\/\\\/sanfeliz.es\\\/wp-content\\\/uploads\\\/2025\\\/02\\\/bono-regalo-1024x1024.jpg\"},{\"@type\":\"BreadcrumbList\",\"@id\":\"https:\\\/\\\/sanfeliz.es\\\/regala\\\/#breadcrumb\",\"itemListElement\":[{\"@type\":\"ListItem\",\"position\":1,\"name\":\"Portada\",\"item\":\"https:\\\/\\\/sanfeliz.es\\\/\"},{\"@type\":\"ListItem\",\"position\":2,\"name\":\"Regala\"}]},{\"@type\":\"WebSite\",\"@id\":\"https:\\\/\\\/sanfeliz.es\\\/#website\",\"url\":\"https:\\\/\\\/sanfeliz.es\\\/\",\"name\":\"Espacio Rural San Feliz\",\"description\":\"Apartamentos rurales San feliz\",\"publisher\":{\"@id\":\"https:\\\/\\\/sanfeliz.es\\\/#organization\"},\"potentialAction\":[{\"@type\":\"SearchAction\",\"target\":{\"@type\":\"EntryPoint\",\"urlTemplate\":\"https:\\\/\\\/sanfeliz.es\\\/?s={search_term_string}\"},\"query-input\":{\"@type\":\"PropertyValueSpecification\",\"valueRequired\":true,\"valueName\":\"search_term_string\"}}],\"inLanguage\":\"en-GB\"},{\"@type\":\"Organization\",\"@id\":\"https:\\\/\\\/sanfeliz.es\\\/#organization\",\"name\":\"Espacio Rural San Feliz\",\"url\":\"https:\\\/\\\/sanfeliz.es\\\/\",\"logo\":{\"@type\":\"ImageObject\",\"inLanguage\":\"en-GB\",\"@id\":\"https:\\\/\\\/sanfeliz.es\\\/#\\\/schema\\\/logo\\\/image\\\/\",\"url\":\"https:\\\/\\\/sanfeliz.es\\\/wp-content\\\/uploads\\\/2023\\\/09\\\/logo-san-feliz-web.png\",\"contentUrl\":\"https:\\\/\\\/sanfeliz.es\\\/wp-content\\\/uploads\\\/2023\\\/09\\\/logo-san-feliz-web.png\",\"width\":350,\"height\":124,\"caption\":\"Espacio Rural San Feliz\"},\"image\":{\"@id\":\"https:\\\/\\\/sanfeliz.es\\\/#\\\/schema\\\/logo\\\/image\\\/\"}}]}<\/script>\n<!-- \/ Yoast SEO plugin. -->","yoast_head_json":{"title":"Regala - Espacio Rural San Feliz","description":"Surprise that special person with this unique experience at Apartamentos Rurales San Feliz.","robots":{"index":"index","follow":"follow","max-snippet":"max-snippet:-1","max-image-preview":"max-image-preview:large","max-video-preview":"max-video-preview:-1"},"canonical":"https:\/\/sanfeliz.es\/en\/regala\/","og_locale":"en_GB","og_type":"article","og_title":"Regala - Espacio Rural San Feliz","og_description":"Sorprende a esa persona especial con esta experiencia \u00fanica en Apartamentos Rurales San Feliz.","og_url":"https:\/\/sanfeliz.es\/en\/regala\/","og_site_name":"Espacio Rural San Feliz","article_modified_time":"2025-02-18T15:09:00+00:00","og_image":[{"width":1080,"height":1080,"url":"https:\/\/sanfeliz.es\/wp-content\/uploads\/2025\/02\/bono-regalo.jpg","type":"image\/jpeg"}],"twitter_card":"summary_large_image","twitter_misc":{"Estimated reading time":"1 minute"},"schema":{"@context":"https:\/\/schema.org","@graph":[{"@type":"WebPage","@id":"https:\/\/sanfeliz.es\/regala\/","url":"https:\/\/sanfeliz.es\/regala\/","name":"Regala - Espacio Rural San Feliz","isPartOf":{"@id":"https:\/\/sanfeliz.es\/#website"},"primaryImageOfPage":{"@id":"https:\/\/sanfeliz.es\/regala\/#primaryimage"},"image":{"@id":"https:\/\/sanfeliz.es\/regala\/#primaryimage"},"thumbnailUrl":"https:\/\/sanfeliz.es\/wp-content\/uploads\/2025\/02\/bono-regalo-1024x1024.jpg","datePublished":"2023-10-19T12:19:04+00:00","dateModified":"2025-02-18T15:09:00+00:00","description":"Surprise that special person with this unique experience at Apartamentos Rurales San Feliz.","breadcrumb":{"@id":"https:\/\/sanfeliz.es\/regala\/#breadcrumb"},"inLanguage":"en-GB","potentialAction":[{"@type":"ReadAction","target":["https:\/\/sanfeliz.es\/regala\/"]}]},{"@type":"ImageObject","inLanguage":"en-GB","@id":"https:\/\/sanfeliz.es\/regala\/#primaryimage","url":"https:\/\/sanfeliz.es\/wp-content\/uploads\/2025\/02\/bono-regalo-1024x1024.jpg","contentUrl":"https:\/\/sanfeliz.es\/wp-content\/uploads\/2025\/02\/bono-regalo-1024x1024.jpg"},{"@type":"BreadcrumbList","@id":"https:\/\/sanfeliz.es\/regala\/#breadcrumb","itemListElement":[{"@type":"ListItem","position":1,"name":"Portada","item":"https:\/\/sanfeliz.es\/"},{"@type":"ListItem","position":2,"name":"Regala"}]},{"@type":"WebSite","@id":"https:\/\/sanfeliz.es\/#website","url":"https:\/\/sanfeliz.es\/","name":"Espacio Rural San Feliz","description":"Apartamentos rurales San feliz","publisher":{"@id":"https:\/\/sanfeliz.es\/#organization"},"potentialAction":[{"@type":"SearchAction","target":{"@type":"EntryPoint","urlTemplate":"https:\/\/sanfeliz.es\/?s={search_term_string}"},"query-input":{"@type":"PropertyValueSpecification","valueRequired":true,"valueName":"search_term_string"}}],"inLanguage":"en-GB"},{"@type":"Organization","@id":"https:\/\/sanfeliz.es\/#organization","name":"Espacio Rural San Feliz","url":"https:\/\/sanfeliz.es\/","logo":{"@type":"ImageObject","inLanguage":"en-GB","@id":"https:\/\/sanfeliz.es\/#\/schema\/logo\/image\/","url":"https:\/\/sanfeliz.es\/wp-content\/uploads\/2023\/09\/logo-san-feliz-web.png","contentUrl":"https:\/\/sanfeliz.es\/wp-content\/uploads\/2023\/09\/logo-san-feliz-web.png","width":350,"height":124,"caption":"Espacio Rural San Feliz"},"image":{"@id":"https:\/\/sanfeliz.es\/#\/schema\/logo\/image\/"}}]}},"_links":{"self":[{"href":"https:\/\/sanfeliz.es\/en\/wp-json\/wp\/v2\/pages\/1006","targetHints":{"allow":["GET"]}}],"collection":[{"href":"https:\/\/sanfeliz.es\/en\/wp-json\/wp\/v2\/pages"}],"about":[{"href":"https:\/\/sanfeliz.es\/en\/wp-json\/wp\/v2\/types\/page"}],"author":[{"embeddable":true,"href":"https:\/\/sanfeliz.es\/en\/wp-json\/wp\/v2\/users\/1"}],"replies":[{"embeddable":true,"href":"https:\/\/sanfeliz.es\/en\/wp-json\/wp\/v2\/comments?post=1006"}],"version-history":[{"count":0,"href":"https:\/\/sanfeliz.es\/en\/wp-json\/wp\/v2\/pages\/1006\/revisions"}],"wp:attachment":[{"href":"https:\/\/sanfeliz.es\/en\/wp-json\/wp\/v2\/media?parent=1006"}],"curies":[{"name":"wp","href":"https:\/\/api.w.org\/{rel}","templated":true}]}}