{"id":1288,"date":"2023-10-31T14:06:26","date_gmt":"2023-10-31T13:06:26","guid":{"rendered":"https:\/\/sanfeliz.es\/?page_id=1288"},"modified":"2025-03-10T13:54:38","modified_gmt":"2025-03-10T12:54:38","slug":"aviso-legal","status":"publish","type":"page","link":"https:\/\/sanfeliz.es\/en\/aviso-legal\/","title":{"rendered":"Legal Notice"},"content":{"rendered":"<div data-elementor-type=\"wp-page\" data-elementor-id=\"1288\" class=\"elementor elementor-1288\" data-elementor-post-type=\"page\">\n\t\t\t\t<div class=\"elementor-element elementor-element-d5cfde3 e-con-full e-flex e-con e-parent\" data-id=\"d5cfde3\" data-element_type=\"container\" data-e-type=\"container\" data-settings=\"{&quot;background_background&quot;:&quot;classic&quot;}\">\n\t\t\t\t<\/div>\n\t\t<div class=\"elementor-element elementor-element-2753b1f2 e-flex e-con-boxed e-con e-parent\" data-id=\"2753b1f2\" data-element_type=\"container\" data-e-type=\"container\">\n\t\t\t\t\t<div class=\"e-con-inner\">\n\t\t<div class=\"elementor-element elementor-element-61866bb6 e-con-full e-flex e-con e-child\" data-id=\"61866bb6\" data-element_type=\"container\" data-e-type=\"container\">\n\t\t\t\t<div class=\"elementor-element elementor-element-60dbb3a elementor-widget elementor-widget-text-editor\" data-id=\"60dbb3a\" data-element_type=\"widget\" data-e-type=\"widget\" data-widget_type=\"text-editor.default\">\n\t\t\t\t<div class=\"elementor-widget-container\">\n\t\t\t\t\t\t\t\t\t<h2 class=\"tarifas\">Identificaci\u00f3n de la empresa<\/h2><p>\u2022 Titular de la Web: Elena N\u00fa\u00f1ez Mart\u00ednez<\/p><p>\u2022 Domicilio: Lugar San Feliz, 17, San Feliz, Lena, Asturias, Espa\u00f1a<\/p><p>\u2022 Correo electr\u00f3nico: info@sanfeliz.es<\/p><p>\u2022 N.I.F.: 71774725-M<\/p><h2 class=\"tarifas\">Finalidad<\/h2><p>La finalidad del sitio web SANFELIZ.ES es vender estancias en los alojamientos a los clientes. Se ofrece informaci\u00f3n p\u00fablica y accesible sobre los productos que se venden.<\/p><h2 class=\"tarifas\">Condiciones de uso del portal web<\/h2><p>Se reserva el derecho de mejorar, modificar o suprimir, unilateralmente y sin previo aviso, el servicio y\/o contenidos de dicho portal atendiendo a los m\u00e1s diversos criterios. Obligaci\u00f3n de hacer un uso correcto del portal: El Usuario se compromete a hacer un uso adecuado de la web y a no emplearla para incurrir en actividades il\u00edcitas o contrarias a la buena fe y al ordenamiento legal (a t\u00edtulo meramente indicativo y no exhaustivo); provocar da\u00f1os en los sistemas f\u00edsicos y l\u00f3gicos del responsable, de sus proveedores o de terceras personas, introducir o difundir en la red virus inform\u00e1ticos o cualesquiera otros sistemas f\u00edsicos o l\u00f3gicos que sean susceptibles de provocar los da\u00f1os anteriormente mencionados, sin olvidar todos aquellos que vulneren o transgredan el honor, la intimidad personal o familiar y a la imagen de las personas, de los derechos de propiedad y de toda otra naturaleza pertenecientes a un tercero como consecuencia de la transmisi\u00f3n, difusi\u00f3n, almacenamiento, puesta a disposici\u00f3n, recepci\u00f3n, obtenci\u00f3n o acceso a los contenidos o la imagen de terceros; la realizaci\u00f3n de actos de competencia desleal y publicidad il\u00edcita como consecuencia de la transmisi\u00f3n, difusi\u00f3n, almacenamiento, puesta a disposici\u00f3n, recepci\u00f3n, obtenci\u00f3n o acceso a los contenidos; la falta de veracidad, exactitud, exhaustividad, pertinencia y\/o actualidad de los contenidos dejando el Usuario, en todo caso, indemne a SANFELIZ.ES frente a cualquier reclamaci\u00f3n, judicial o extrajudicial.<\/p><p>El Usuario, as\u00ed como cualquier persona que acceda al portal se obliga a no remitir cualesquiera mensajes no solicitados ni consentidos previamente a una persona o a una pluralidad de personas. El responsable perseguir\u00e1 el incumplimiento de las anteriores condiciones, as\u00ed como cualquier utilizaci\u00f3n indebida del servicio prestado en su portal ejerciendo todas las acciones civiles y penales que les puedan corresponder en derecho. SANFELIZ.ES excluye cualquier responsabilidad por los da\u00f1os y perjuicios de toda naturaleza que puedan deberse a los contenidos y\/o servicios prestados o suministrados por cualesquiera terceros ajenos a SANFELIZ.ES.<\/p><p>Cancelaci\u00f3n del acceso, servicios y contenidos: SANFELIZ.ES podr\u00e1, a su sola discreci\u00f3n, denegar, retirar, suspender y\/o bloquear en cualquier momento y sin necesidad de previo aviso el acceso a los contenidos o la prestaci\u00f3n de los servicios puestos a disposici\u00f3n (a modo enunciativo y no exhaustivo: foros, chats, publicaci\u00f3n de contenidos, etc.) a aquellos Usuarios que incumplan estas Condiciones, pudiendo eliminar su cuenta y toda la informaci\u00f3n y archivos relativos a la misma o, en su caso, denegarle el acceso a tales archivos o al propio servicio. SANFELIZ.ES no asumir\u00e1 responsabilidad alguna por la cancelaci\u00f3n del acceso al servicio. SANFELIZ.ES se reserva la facultad de limitar, total o parcialmente, el acceso a los servicios a determinados Usuarios, as\u00ed como de cancelar, suspender, bloquear o eliminar determinado tipo de contenidos mediante la utilizaci\u00f3n de instrumentos tecnol\u00f3gicos aptos al efecto, si tuviese conocimiento efectivo de que la actividad o la informaci\u00f3n almacenada y\/o difundida es il\u00edcita o de que lesiona bienes o derechos de un tercero. El Usuario reconoce y acepta que SANFELIZ.ES se reserva el derecho a cancelar las cuentas que se hallen inactivas durante un periodo de tiempo no razonable.<\/p><h2 class=\"tarifas\">Limitaci\u00f3n de responsabilidad<\/h2><p>La informaci\u00f3n y servicios incluidos o disponibles a trav\u00e9s de este sitio Web pueden incluir incorrecciones o errores tipogr\u00e1ficos. De forma peri\u00f3dica el Titular incorpora mejoras y\/o cambios a la informaci\u00f3n contenida y\/o los Servicios que puede introducir en cualquier momento.<\/p><p>El Titular no declara ni garantiza que los servicios o contenidos sean interrumpidos o que est\u00e9n libres de errores, que los defectos sean corregidos, o que el servicio o el servidor que lo pone a disposici\u00f3n est\u00e9n libres de virus u otros componentes nocivos sin perjuicio de que el Titular realiza todos los esfuerzos en evitar este tipo de incidentes.<\/p><p>El Titular declina cualquier responsabilidad en caso de que existan interrupciones o un mal funcionamiento de los Servicios o contenidos ofrecidos en Internet, cualquiera que sea su causa. Asimismo, el Titular no se hace responsable por ca\u00eddas de la red, p\u00e9rdidas de negocio a consecuencia de dichas ca\u00eddas, suspensiones temporales de fluido el\u00e9ctrico o cualquier otro tipo de da\u00f1o indirecto que te pueda ser causado por causas ajenas a el Titular.<\/p><p>Antes de tomar decisiones y\/o acciones con base a la informaci\u00f3n incluida en el sitio Web, el Titular le recomienda comprobar y contrastar la informaci\u00f3n recibida con otras fuentes.<\/p><h2 class=\"tarifas\">Menores de edad<\/h2><p>La plena responsabilidad en la determinaci\u00f3n de los concretos contenidos y servicios a los que acceden los menores de edad corresponde a los mayores a cuyo cargo se encuentran. Como Internet hace posible el acceso a contenidos que pueden no ser apropiados para menores, se informa a los Usuarios de que existen mecanismos, en particular programas inform\u00e1ticos de filtro y bloqueo, que permiten limitar los contenidos disponibles y, aunque no resultan infalibles, son de especial utilidad para controlar y restringir los materiales a los que pueden acceder los menores.<\/p><h2 class=\"tarifas\">Legislaci\u00f3n aplicable<\/h2><p>Las presentes condiciones de uso se rigen en todos y cada uno de sus extremos por la ley espa\u00f1ola.<\/p><p>Siempre que no haya una norma que obligue a otra cosa, para cuantas cuestiones se susciten sobre la interpretaci\u00f3n, aplicaci\u00f3n y cumplimiento de este Aviso Legal, as\u00ed como de las reclamaciones que puedan derivarse de su uso, las partes acuerdan someterse a los Jueces y Tribunales de la provincia de Asturias, con renuncia expresa de cualquier otra jurisdicci\u00f3n que pudiera corresponderles.<\/p><h2 class=\"tarifas\">Proceso de reserva<\/h2><p>Reservar en Apartamentos Rurales San Feliz es muy f\u00e1cil e intuitivo, pero si tienes dudas s\u00f3lo tienes que seguir estos sencillos pasos.<\/p><p><style>\n                              #listita li{<br \/>                                  line-height: 20px<br \/>                              }<\/p>\n<\/style><\/p><ul id=\"listita\"><li>En la pesta\u00f1a \u00abreserva\u00bb y en cada apartamento en \u00abver disponibilidad\u00bb d\u00f3nde al hacer clic enlaza directamente al proceso de venta.<\/li><li>El siguiente paso es el calendario. Para poder reservar hay que escoger unas fechas y consultar la disponibilidad. En la misma p\u00e1gina del calendario tambi\u00e9n aparece toda la informaci\u00f3n importante como las condiciones de reserva, la ubicaci\u00f3n, el contacto y varios comentarios de otros clientes.<\/li><li>Una vez escogidas las fechas, en la misma p\u00e1gina se muestran los apartamentos que est\u00e1n disponibles y toda la informaci\u00f3n acerca de cada uno, como cu\u00e1nta capacidad tiene y cu\u00e1l es el precio.<\/li><li>Se selecciona el apartamento que se desea y se deber\u00e1 rellenar todos los datos de la persona que se vaya a alojar.<\/li><li>Una vez rellenado todo y aceptando los t\u00e9rminos y condiciones, se hace clic en el bot\u00f3n de \u201creservar\u201d y autom\u00e1ticamente se env\u00eda un e-mail de confirmaci\u00f3n de reserva al correo electr\u00f3nico que se haya autorizado con anterioridad.<\/li><li>Para hacer efectiva la reserva, antes de 48h se debe ingresar un anticipo del 50% del total en el n\u00famero de cuenta que aparece en el e-mail o bien a trav\u00e9s del TPV virtual. En la entrega de llaves, se deposita el 50% restante.<\/li><\/ul>\t\t\t\t\t\t\t\t<\/div>\n\t\t\t\t<\/div>\n\t\t\t\t<\/div>\n\t\t\t\t\t<\/div>\n\t\t\t\t<\/div>\n\t\t\t\t<\/div>","protected":false},"excerpt":{"rendered":"<p>Identificaci\u00f3n de la empresa \u2022 Titular de la Web: Elena N\u00fa\u00f1ez Mart\u00ednez \u2022 Domicilio: Lugar San Feliz, 17, San Feliz, Lena, Asturias, Espa\u00f1a \u2022 Correo electr\u00f3nico: info@sanfeliz.es \u2022 N.I.F.: 71774725-M Finalidad La finalidad del sitio web SANFELIZ.ES es vender estancias en los alojamientos a los clientes. Se ofrece informaci\u00f3n p\u00fablica y accesible sobre los productos [&hellip;]<\/p>\n","protected":false},"author":1,"featured_media":0,"parent":0,"menu_order":0,"comment_status":"closed","ping_status":"closed","template":"elementor_header_footer","meta":{"footnotes":""},"class_list":["post-1288","page","type-page","status-publish","hentry"],"yoast_head":"<!-- This site is optimized with the Yoast SEO plugin v27.3 - https:\/\/yoast.com\/product\/yoast-seo-wordpress\/ -->\n<title>Aviso Legal - Espacio Rural San Feliz<\/title>\n<meta name=\"description\" content=\"Aviso legal\" \/>\n<meta name=\"robots\" content=\"index, follow, max-snippet:-1, max-image-preview:large, max-video-preview:-1\" \/>\n<link rel=\"canonical\" href=\"https:\/\/sanfeliz.es\/en\/aviso-legal\/\" \/>\n<meta property=\"og:locale\" content=\"en_GB\" \/>\n<meta property=\"og:type\" content=\"article\" \/>\n<meta property=\"og:title\" content=\"Aviso Legal - Espacio Rural San Feliz\" \/>\n<meta property=\"og:description\" content=\"Aviso legal\" \/>\n<meta property=\"og:url\" content=\"https:\/\/sanfeliz.es\/en\/aviso-legal\/\" \/>\n<meta property=\"og:site_name\" content=\"Espacio Rural San Feliz\" \/>\n<meta property=\"article:modified_time\" content=\"2025-03-10T12:54:38+00:00\" \/>\n<meta name=\"twitter:card\" content=\"summary_large_image\" \/>\n<meta name=\"twitter:label1\" content=\"Estimated reading time\" \/>\n\t<meta name=\"twitter:data1\" content=\"6 minutes\" \/>\n<script type=\"application\/ld+json\" class=\"yoast-schema-graph\">{\"@context\":\"https:\\\/\\\/schema.org\",\"@graph\":[{\"@type\":\"WebPage\",\"@id\":\"https:\\\/\\\/sanfeliz.es\\\/aviso-legal\\\/\",\"url\":\"https:\\\/\\\/sanfeliz.es\\\/aviso-legal\\\/\",\"name\":\"Aviso Legal - Espacio Rural San Feliz\",\"isPartOf\":{\"@id\":\"https:\\\/\\\/sanfeliz.es\\\/#website\"},\"datePublished\":\"2023-10-31T13:06:26+00:00\",\"dateModified\":\"2025-03-10T12:54:38+00:00\",\"description\":\"Aviso legal\",\"breadcrumb\":{\"@id\":\"https:\\\/\\\/sanfeliz.es\\\/aviso-legal\\\/#breadcrumb\"},\"inLanguage\":\"en-GB\",\"potentialAction\":[{\"@type\":\"ReadAction\",\"target\":[\"https:\\\/\\\/sanfeliz.es\\\/aviso-legal\\\/\"]}]},{\"@type\":\"BreadcrumbList\",\"@id\":\"https:\\\/\\\/sanfeliz.es\\\/aviso-legal\\\/#breadcrumb\",\"itemListElement\":[{\"@type\":\"ListItem\",\"position\":1,\"name\":\"Portada\",\"item\":\"https:\\\/\\\/sanfeliz.es\\\/\"},{\"@type\":\"ListItem\",\"position\":2,\"name\":\"Aviso Legal\"}]},{\"@type\":\"WebSite\",\"@id\":\"https:\\\/\\\/sanfeliz.es\\\/#website\",\"url\":\"https:\\\/\\\/sanfeliz.es\\\/\",\"name\":\"Espacio Rural San Feliz\",\"description\":\"Apartamentos rurales San feliz\",\"publisher\":{\"@id\":\"https:\\\/\\\/sanfeliz.es\\\/#organization\"},\"potentialAction\":[{\"@type\":\"SearchAction\",\"target\":{\"@type\":\"EntryPoint\",\"urlTemplate\":\"https:\\\/\\\/sanfeliz.es\\\/?s={search_term_string}\"},\"query-input\":{\"@type\":\"PropertyValueSpecification\",\"valueRequired\":true,\"valueName\":\"search_term_string\"}}],\"inLanguage\":\"en-GB\"},{\"@type\":\"Organization\",\"@id\":\"https:\\\/\\\/sanfeliz.es\\\/#organization\",\"name\":\"Espacio Rural San Feliz\",\"url\":\"https:\\\/\\\/sanfeliz.es\\\/\",\"logo\":{\"@type\":\"ImageObject\",\"inLanguage\":\"en-GB\",\"@id\":\"https:\\\/\\\/sanfeliz.es\\\/#\\\/schema\\\/logo\\\/image\\\/\",\"url\":\"https:\\\/\\\/sanfeliz.es\\\/wp-content\\\/uploads\\\/2023\\\/09\\\/logo-san-feliz-web.png\",\"contentUrl\":\"https:\\\/\\\/sanfeliz.es\\\/wp-content\\\/uploads\\\/2023\\\/09\\\/logo-san-feliz-web.png\",\"width\":350,\"height\":124,\"caption\":\"Espacio Rural San Feliz\"},\"image\":{\"@id\":\"https:\\\/\\\/sanfeliz.es\\\/#\\\/schema\\\/logo\\\/image\\\/\"}}]}<\/script>\n<!-- \/ Yoast SEO plugin. -->","yoast_head_json":{"title":"Aviso Legal - Espacio Rural San Feliz","description":"Aviso legal","robots":{"index":"index","follow":"follow","max-snippet":"max-snippet:-1","max-image-preview":"max-image-preview:large","max-video-preview":"max-video-preview:-1"},"canonical":"https:\/\/sanfeliz.es\/en\/aviso-legal\/","og_locale":"en_GB","og_type":"article","og_title":"Aviso Legal - Espacio Rural San Feliz","og_description":"Aviso legal","og_url":"https:\/\/sanfeliz.es\/en\/aviso-legal\/","og_site_name":"Espacio Rural San Feliz","article_modified_time":"2025-03-10T12:54:38+00:00","twitter_card":"summary_large_image","twitter_misc":{"Estimated reading time":"6 minutes"},"schema":{"@context":"https:\/\/schema.org","@graph":[{"@type":"WebPage","@id":"https:\/\/sanfeliz.es\/aviso-legal\/","url":"https:\/\/sanfeliz.es\/aviso-legal\/","name":"Aviso Legal - Espacio Rural San Feliz","isPartOf":{"@id":"https:\/\/sanfeliz.es\/#website"},"datePublished":"2023-10-31T13:06:26+00:00","dateModified":"2025-03-10T12:54:38+00:00","description":"Aviso legal","breadcrumb":{"@id":"https:\/\/sanfeliz.es\/aviso-legal\/#breadcrumb"},"inLanguage":"en-GB","potentialAction":[{"@type":"ReadAction","target":["https:\/\/sanfeliz.es\/aviso-legal\/"]}]},{"@type":"BreadcrumbList","@id":"https:\/\/sanfeliz.es\/aviso-legal\/#breadcrumb","itemListElement":[{"@type":"ListItem","position":1,"name":"Portada","item":"https:\/\/sanfeliz.es\/"},{"@type":"ListItem","position":2,"name":"Aviso Legal"}]},{"@type":"WebSite","@id":"https:\/\/sanfeliz.es\/#website","url":"https:\/\/sanfeliz.es\/","name":"Espacio Rural San Feliz","description":"Apartamentos rurales San feliz","publisher":{"@id":"https:\/\/sanfeliz.es\/#organization"},"potentialAction":[{"@type":"SearchAction","target":{"@type":"EntryPoint","urlTemplate":"https:\/\/sanfeliz.es\/?s={search_term_string}"},"query-input":{"@type":"PropertyValueSpecification","valueRequired":true,"valueName":"search_term_string"}}],"inLanguage":"en-GB"},{"@type":"Organization","@id":"https:\/\/sanfeliz.es\/#organization","name":"Espacio Rural San Feliz","url":"https:\/\/sanfeliz.es\/","logo":{"@type":"ImageObject","inLanguage":"en-GB","@id":"https:\/\/sanfeliz.es\/#\/schema\/logo\/image\/","url":"https:\/\/sanfeliz.es\/wp-content\/uploads\/2023\/09\/logo-san-feliz-web.png","contentUrl":"https:\/\/sanfeliz.es\/wp-content\/uploads\/2023\/09\/logo-san-feliz-web.png","width":350,"height":124,"caption":"Espacio Rural San Feliz"},"image":{"@id":"https:\/\/sanfeliz.es\/#\/schema\/logo\/image\/"}}]}},"_links":{"self":[{"href":"https:\/\/sanfeliz.es\/en\/wp-json\/wp\/v2\/pages\/1288","targetHints":{"allow":["GET"]}}],"collection":[{"href":"https:\/\/sanfeliz.es\/en\/wp-json\/wp\/v2\/pages"}],"about":[{"href":"https:\/\/sanfeliz.es\/en\/wp-json\/wp\/v2\/types\/page"}],"author":[{"embeddable":true,"href":"https:\/\/sanfeliz.es\/en\/wp-json\/wp\/v2\/users\/1"}],"replies":[{"embeddable":true,"href":"https:\/\/sanfeliz.es\/en\/wp-json\/wp\/v2\/comments?post=1288"}],"version-history":[{"count":10,"href":"https:\/\/sanfeliz.es\/en\/wp-json\/wp\/v2\/pages\/1288\/revisions"}],"predecessor-version":[{"id":2849,"href":"https:\/\/sanfeliz.es\/en\/wp-json\/wp\/v2\/pages\/1288\/revisions\/2849"}],"wp:attachment":[{"href":"https:\/\/sanfeliz.es\/en\/wp-json\/wp\/v2\/media?parent=1288"}],"curies":[{"name":"wp","href":"https:\/\/api.w.org\/{rel}","templated":true}]}}