{"id":1303,"date":"2023-10-31T14:19:19","date_gmt":"2023-10-31T13:19:19","guid":{"rendered":"https:\/\/sanfeliz.es\/?page_id=1303"},"modified":"2026-01-15T19:15:35","modified_gmt":"2026-01-15T18:15:35","slug":"condicionalidad","status":"publish","type":"page","link":"https:\/\/sanfeliz.es\/en\/condicionalidad\/","title":{"rendered":"Conditionality"},"content":{"rendered":"<div data-elementor-type=\"wp-page\" data-elementor-id=\"1303\" class=\"elementor elementor-1303\" data-elementor-post-type=\"page\">\n\t\t\t\t<div class=\"elementor-element elementor-element-d5cfde3 e-con-full e-flex e-con e-parent\" data-id=\"d5cfde3\" data-element_type=\"container\" data-e-type=\"container\" data-settings=\"{&quot;background_background&quot;:&quot;classic&quot;}\">\n\t\t\t\t<\/div>\n\t\t<div class=\"elementor-element elementor-element-2753b1f2 e-flex e-con-boxed e-con e-parent\" data-id=\"2753b1f2\" data-element_type=\"container\" data-e-type=\"container\">\n\t\t\t\t\t<div class=\"e-con-inner\">\n\t\t<div class=\"elementor-element elementor-element-61866bb6 e-con-full e-flex e-con e-child\" data-id=\"61866bb6\" data-element_type=\"container\" data-e-type=\"container\">\n\t\t\t\t<div class=\"elementor-element elementor-element-60dbb3a elementor-widget elementor-widget-text-editor\" data-id=\"60dbb3a\" data-element_type=\"widget\" data-e-type=\"widget\" data-widget_type=\"text-editor.default\">\n\t\t\t\t<div class=\"elementor-widget-container\">\n\t\t\t\t\t\t\t\t\t<p>Nuestra pol\u00edtica de reservas es la contenida en la <strong>Ley de Turismo del Principado de Asturias<\/strong>. Las reservas del alojamiento no ser\u00e1n en firme hasta que el cliente no justifique el ingreso del 50% del importe total de la estancia, ya sea por tarjeta o transferencia, a la hora de hacer la reserva en un m\u00e1ximo de 48h.<br \/>El resto del importe ser\u00e1 pagado 48h antes de la llegada. \u00a0Adem\u00e1s, se pedir\u00e1n los datos de una tarjeta a modo garant\u00eda durante la estancia, que se har\u00e1 durante el <em>check-in<\/em>.<br \/>No se aceptan pagos con cheques de viaje.<br \/>Por norma general la entrada se har\u00e1 a partir de las 17:00 horas y la salida tendr\u00e1 que efectuarse antes de las 12:00 horas.<br \/>La hora m\u00e1xima del <em>check-in<\/em> son las 21:00h. Una vez pasado ese horario, el cliente podr\u00e1 hacer el <em>check-in\u00a0<\/em>hasta las 23:00h donde deber\u00e1 abonar 20\u20ac a modo suplemento en la llegada.\u00a0<\/p><p>El cliente podr\u00e1 solicitar la entrada con un horario anterior y\/o la salida con un horario posterior, pagando un importe adicional de 50,00 \u20ac por cada cambio solicitado. De esta manera, la entrada podr\u00e1 hacerse por la ma\u00f1ana, a partir de las 12:00 horas y la salida pasar\u00e1 a ser por la tarde siempre antes de las 17:00 horas.<br \/>Todas las estancias que hayan sido reservadas a trav\u00e9s de la p\u00e1gina web, este servicio de <em>check-in early y check-out late\u00a0<\/em>ser\u00e1 gratuito.\u00a0<\/p><p>En cualquier caso, esta solicitud, deber\u00e1 comunicarse al propietario con antelaci\u00f3n pudiendo efectuarse siempre y cuando la entrada y\/o salida siguiente lo permita.<\/p><p>Cuando se efect\u00faa una reserva quedan expresamente aceptadas todas las condiciones indicadas.<\/p><h2 class=\"tarifas\">POL\u00cdTICA DE CANCELACIONES<\/h2><p>Las cancelaciones tanto parciales como totales deben avisarse a la mayor brevedad posible.<\/p><p>La pol\u00edtica de cancelaci\u00f3n despu\u00e9s de haber transferido el 50% de la reserva, ya sea por transferencia o tarjeta son las siguientes:<\/p><ul class=\"bloqueTexto\"><li>Avisando antes de 15 d\u00edas de la fecha de la reserva: la devoluci\u00f3n ser\u00e1 del 100% del total del importe entregado para la se\u00f1al de la reserva.<\/li><li>Entre los 15 d\u00edas y antes de los 7 d\u00edas la devoluci\u00f3n ser\u00e1 parcial, devolviendo el 50% del anticipo.<\/li><li>En los 7 d\u00edas anteriores a la fecha de la reserva no habr\u00e1 devoluci\u00f3n.<\/li><\/ul><p>Todas las devoluciones tienen una comisi\u00f3n del 10% del importe total entregado para la se\u00f1al de la reserva en concepto de gastos de gesti\u00f3n y tramitaci\u00f3n.<\/p><h2 class=\"tarifas\">POL\u00cdTICA DE OBJETOS PERDIDOS<\/h2><p>En el supuesto en que al cliente se le haya olvidado alguna prenda u objeto en nuestros alojamientos, se proceder\u00e1 a etiquetar y guardar indicando el sitio exacto y el estado en que ha sido encontrado, y si en un plazo no superior a una semana- a partir de la fecha de salida- no muestra inter\u00e9s en recuperarlo, se proceder\u00e1 a deshacerse de \u00e9l. La<strong> Ley de Protecci\u00f3n de Datos <\/strong>nos impide que por iniciativa propia nos pongamos en contacto con el cliente, por lo que inevitablemente, \u00e9ste ha de contactar con nosotros para poder devolv\u00e9rselo. Si procede el env\u00edo del mismo a la direcci\u00f3n que nos proporcione el cliente, en la forma que \u00e9ste establezca, corresponde a \u00e9l los gastos ocasionados.<\/p><h2 class=\"tarifas\">NORMAS GENERALES DE OBLIGADO CUMPLIMIENTO<\/h2><p><b>Espacio Rural San Feliz\u00a0<\/b>ha elaborado unas naturales y sencillas normas con la intenci\u00f3n de ofrecer a nuestros clientes un mejor entendimiento y una mayor eficacia en la gesti\u00f3n de nuestros servicios. Rogamos pues a \u00e9stos, su cumplimiento:<\/p><p>&#8211; Respeto a los vecinos de la localidad, su forma de vida, su entorno, sus seres vivos, su territorio, su paisaje, su medioambiente\u2026<\/p><p><strong>&#8211; El alojamiento nunca ser\u00e1 ocupado por m\u00e1s personas de las acordadas en la reserva. El incumplimiento de esta norma conlleva una sanci\u00f3n de 100\u20ac.<\/strong><\/p><p>&#8211; El cliente manifiesta conocer el inventario de todos los bienes y equipamiento de alojamiento, comprometi\u00e9ndose a entregarlos en perfectas condiciones, siendo responsable en caso de p\u00e9rdida o deterioro de los mismos y debiendo comunicarlo para su reposici\u00f3n o reparaci\u00f3n inmediata.<\/p><p>&#8211; El equipamiento de la casa (manteler\u00edas, toallas, mantas, cubiertos, etc.) no pueden ser sacados del alojamiento ni utilizados para otras cosas que no sean su uso natural.<\/p><p>&#8211; No se permite cambiar los muebles ni los enseres de sitios sin previa consulta.<\/p><p>&#8211; Comprometidos con el medio ambiente, el cambio de ropa de ba\u00f1o, cocina y s\u00e1banas se realizar\u00e1 una vez por semana. Se entregar\u00e1 doblado y en su totalidad. Como norma de higiene permanecer\u00e1 siempre la s\u00e1bana protectora.<\/p><p>&#8211; El estado general del alojamiento al abandonar \u00e9ste, ha de ser igual al de la entrada.<\/p><p>&#8211; La vajilla y enseres de cocina, habr\u00e1 de dejarse limpios y correctamente colocados en su lugar correspondiente.<\/p><p>&#8211; Las cenizas y troncos sobrantes de la chimenea (precio no incluido en el alojamiento) ser\u00e1n apagadas y retiradas en el recipiente para ello.<\/p><p>&#8211; La basura ha de depositarse en el contenedor que est\u00e1 a la entrada y salida del pueblo.<\/p><p>&#8211; La empresa no se hace responsable de los accidentes que puedan producirse dentro del recinto.<\/p><p>&#8211; La empresa no se hace responsable de los objetos y valores no depositados bajo su custodia contra recibo.<\/p><p><strong>&#8211; La excesiva suciedad del apartamento durante el <em>check-out<\/em> llevar\u00e1 una sanci\u00f3n de 100\u20ac.<\/strong><\/p><p>&#8211; Con el mayor respeto hacia la intimidad, la empresa se reserva el derecho de entrar en el alojamiento en caso de necesidad.<\/p><p>&#8211; Queda terminantemente prohibido manipular los emisores el\u00e9ctricos de calefacci\u00f3n.<\/p><p style=\"font-weight: 400;\"><strong>\u00a0&#8211;\u00a0<\/strong><strong>El horario de entrada es desde las 17:00h hasta las 21:00h. El cliente puede hacer el <em>check-in<\/em> de 21:00h a 23:00h abonando en su llegada un suplemento de 20\u20ac.<\/strong><strong>El cliente podr\u00e1 solicitar la entrada con un horario anterior y\/o la salida con un horario posterior, desde las 12:00h hasta las 17:00h, pagando un importe adicional de 50\u20ac por cada cambio solicitado.<\/strong><\/p><p>&#8211; Los clientes se hacen responsables de mantener la casa correctamente cerrada en su ausencia.<\/p><p><strong>&#8211; No se admite el uso de velas por ser el alojamiento de madera en su totalidad. Ni fumar dentro del apartamento. Esto conllevar\u00e1 una sanci\u00f3n de 100\u20ac.<\/strong><\/p><p><strong>&#8211; El alojamiento es Dogfriendly y el suplemento de la mascota es de 10\u20ac por noche. Solo se permite 1 perro por estancia de m\u00e1ximo 15kg. <\/strong><\/p><ul><li style=\"font-weight: 400;\">Las mascotas no pueden acceder a la segunda planta ni quedarse solas en el apartamento.<\/li><li style=\"font-weight: 400;\">En caso de ruidos o inconvenientes causados por la mascota, Espacio Rural San Feliz se reserva el derecho de cancelar la estancia del hu\u00e9sped.<\/li><li style=\"font-weight: 400;\">No est\u00e1 permitido usar las toallas o s\u00e1banas para limpiar al animal.<\/li><li style=\"font-weight: 400;\">La mascota no deber\u00e1 usar el ba\u00f1o del apartamento.<\/li><li style=\"font-weight: 400;\">No se permite que el perro haga sus necesidades en cualquier espacio interior.<\/li><li style=\"font-weight: 400;\">Cualquier da\u00f1o causado por el animal ser\u00e1 responsabilidad del propietario y el incumplimiento de cualquiera de estas normas, conllevar\u00e1 un cargo adicional a su tarjeta de cr\u00e9dito de 100\u20ac.<\/li><\/ul><p>&#8211; La factura se abonar\u00e1 al ocupar el alojamiento, despu\u00e9s de visto el mismo y aceptadas inexcusablemente estas normas.<\/p><p><strong>El incumplimiento de cualquiera de estas normas dar\u00e1 lugar a la anulaci\u00f3n de acuerdo o contrato establecido y a la consiguiente compensaci\u00f3n econ\u00f3mica que suponga el gasto.<\/strong><\/p><h2 class=\"tarifas\">POL\u00cdTICA DE CALIDAD Y ATENCI\u00d3N AL CLIENTE<\/h2><p><strong>Espacio Rural San Feliz\u00a0<\/strong>est\u00e1 catalogado como Apartamentos Tur\u00edsticos Rurales, categor\u00eda de dos llaves y registrada en la <strong>Consejer\u00eda de Turismo con la signatura: AR.340.AS.<\/strong><br \/>Espacio Rural San Feliz en su pol\u00edtica de calidad y atenci\u00f3n al cliente se afana continuamente en mejorar la calidad de sus servicios, para incrementar de esta manera la satisfacci\u00f3n de sus clientes y fidelizar a los mismos.<br \/>El objetivo que nos motiva cada d\u00eda, es trabajar para garantizar la mayor comodidad en nuestros apartamentos, en la bienvenida y en el servicio al cliente.<br \/>Nuestro compromiso con el bienestar del cliente es claro y sencillo: tratamos de que duerma tranquila y relajadamente, sinti\u00e9ndose como en su propia casa.<br \/>Desde Espacio Rural San Feliz, manifestamos nuestro compromiso con el desarrollo sostenible; la salud, la naturaleza, nuestra huella de carbono, la innovaci\u00f3n, el desarrollo local, el empleo y la comunicaci\u00f3n, forman parte de nuestro ideario y compromiso para que el planeta sea un lugar mejor.<br \/>Espacio Rural San Feliz se compromete a poner en pr\u00e1ctica a diario iniciativas y procedimientos para:<\/p><ul class=\"bloqueTexto\" type=\"disc\"><li>Reducir el consumo de agua.<\/li><li>Reducir el consumo de energ\u00eda.<\/li><li>Separar los residuos.<\/li><li>Formar a los nuevos colaboradores, y llevar a cabo campa\u00f1as anuales de sensibilizaci\u00f3n para la concienciaci\u00f3n de todos los equipos, proveedores y clientes.<\/li><\/ul><p>Espacio Rural San Feliz se compromete a desarrollar los siguientes puntos de su ideario, para as\u00ed poder contribuir a que nuestro planeta sea un lugar mejor y m\u00e1s habitable actuando a trav\u00e9s de:<\/p><ul class=\"bloqueTexto\" type=\"disc\"><li>SALUD:\u00a0Ofreciendo productos con etiqueta ecol\u00f3gica (productos biodegradables para\u00a0\u00a0 mantenimiento, pintura y revestimiento de suelo).<\/li><li>NATURALEZA: Equipando las duchas y grifos con reguladores de consumo. Reciclando los residuos.\u00a0<\/li><li>CARBONO: Utilizando bombillas de bajo consumo en sus instalaciones de iluminaci\u00f3n permanentes. Controlando y analizando su consumo energ\u00e9tico mensualmente. Utilizando energ\u00edas renovables y de bajo impacto ambiental.<\/li><li>INNOVACI\u00d3N: Integrando c\u00f3mo m\u00ednimo elementos ecol\u00f3gicos en los alojamientos (ropa de cama, de ba\u00f1o, papel u otros elementos). Utilizando gama de productos de acogida en dispensadores con etiqueta ecol\u00f3gica.<\/li><li>LOCAL: Adquiriendo y utilizando preferentemente productos locales. Ofrecer productos de comercio justo que ayudan a proteger los ecosistemas locales. No adquirir productos del mar en peligro de extinci\u00f3n.<\/li><li>EMPLEO: Organizando actividades de formaci\u00f3n sobre los riesgos psicol\u00f3gicos y sociales asociados al trabajo. Organizar actividades de formaci\u00f3n ling\u00fc\u00edstica para los colaboradores.<\/li><li>DI\u00c1LOGO: Cumpliendo con los niveles est\u00e1ndares de exigencias del programa de calidad tur\u00edstica SICTED.<\/li><\/ul><p>Consiguiendo certificados medioambientales y distintivos de compromiso, procurando ser eficientes para mejorar la calidad de nuestro entorno.<\/p><p>Para mejorar nuestros servicios y as\u00ed poder atenderte mejor siempre, nos gustar\u00eda recibir tus comentarios, sugerencias y preguntas. Le invitamos a hacerlo a trav\u00e9s del correo electr\u00f3nico <a href=\"mailto:info@sanfeliz.es\">info@sanfeliz.es<\/a><\/p>\t\t\t\t\t\t\t\t<\/div>\n\t\t\t\t<\/div>\n\t\t\t\t<\/div>\n\t\t\t\t\t<\/div>\n\t\t\t\t<\/div>\n\t\t\t\t<\/div>","protected":false},"excerpt":{"rendered":"<p>Nuestra pol\u00edtica de reservas es la contenida en la Ley de Turismo del Principado de Asturias. Las reservas del alojamiento no ser\u00e1n en firme hasta que el cliente no justifique el ingreso del 50% del importe total de la estancia, ya sea por tarjeta o transferencia, a la hora de hacer la reserva en un [&hellip;]<\/p>\n","protected":false},"author":1,"featured_media":0,"parent":0,"menu_order":0,"comment_status":"closed","ping_status":"closed","template":"elementor_header_footer","meta":{"footnotes":""},"class_list":["post-1303","page","type-page","status-publish","hentry"],"yoast_head":"<!-- This site is optimized with the Yoast SEO plugin v27.3 - https:\/\/yoast.com\/product\/yoast-seo-wordpress\/ -->\n<title>Condicionalidad - Espacio Rural San Feliz<\/title>\n<meta name=\"description\" content=\"Condicionalidad de los alojamientos rurales San feliz situados en el conejo de Lena, Principado de Asturias\" \/>\n<meta name=\"robots\" content=\"index, follow, max-snippet:-1, max-image-preview:large, max-video-preview:-1\" \/>\n<link rel=\"canonical\" href=\"https:\/\/sanfeliz.es\/en\/condicionalidad\/\" \/>\n<meta property=\"og:locale\" content=\"en_GB\" \/>\n<meta property=\"og:type\" content=\"article\" \/>\n<meta property=\"og:title\" content=\"Condicionalidad - Espacio Rural San Feliz\" \/>\n<meta property=\"og:description\" content=\"Condicionalidad de los alojamientos rurales San feliz situados en el conejo de Lena, Principado de Asturias\" \/>\n<meta property=\"og:url\" content=\"https:\/\/sanfeliz.es\/en\/condicionalidad\/\" \/>\n<meta property=\"og:site_name\" content=\"Espacio Rural San Feliz\" \/>\n<meta property=\"article:modified_time\" content=\"2026-01-15T18:15:35+00:00\" \/>\n<meta name=\"twitter:card\" content=\"summary_large_image\" \/>\n<meta name=\"twitter:label1\" content=\"Estimated reading time\" \/>\n\t<meta name=\"twitter:data1\" content=\"8 minutes\" \/>\n<script type=\"application\/ld+json\" class=\"yoast-schema-graph\">{\"@context\":\"https:\\\/\\\/schema.org\",\"@graph\":[{\"@type\":\"WebPage\",\"@id\":\"https:\\\/\\\/sanfeliz.es\\\/condicionalidad\\\/\",\"url\":\"https:\\\/\\\/sanfeliz.es\\\/condicionalidad\\\/\",\"name\":\"Condicionalidad - Espacio Rural San Feliz\",\"isPartOf\":{\"@id\":\"https:\\\/\\\/sanfeliz.es\\\/#website\"},\"datePublished\":\"2023-10-31T13:19:19+00:00\",\"dateModified\":\"2026-01-15T18:15:35+00:00\",\"description\":\"Condicionalidad de los alojamientos rurales San feliz situados en el conejo de Lena, Principado de Asturias\",\"breadcrumb\":{\"@id\":\"https:\\\/\\\/sanfeliz.es\\\/condicionalidad\\\/#breadcrumb\"},\"inLanguage\":\"en-GB\",\"potentialAction\":[{\"@type\":\"ReadAction\",\"target\":[\"https:\\\/\\\/sanfeliz.es\\\/condicionalidad\\\/\"]}]},{\"@type\":\"BreadcrumbList\",\"@id\":\"https:\\\/\\\/sanfeliz.es\\\/condicionalidad\\\/#breadcrumb\",\"itemListElement\":[{\"@type\":\"ListItem\",\"position\":1,\"name\":\"Portada\",\"item\":\"https:\\\/\\\/sanfeliz.es\\\/\"},{\"@type\":\"ListItem\",\"position\":2,\"name\":\"Condicionalidad\"}]},{\"@type\":\"WebSite\",\"@id\":\"https:\\\/\\\/sanfeliz.es\\\/#website\",\"url\":\"https:\\\/\\\/sanfeliz.es\\\/\",\"name\":\"Espacio Rural San Feliz\",\"description\":\"Apartamentos rurales San feliz\",\"publisher\":{\"@id\":\"https:\\\/\\\/sanfeliz.es\\\/#organization\"},\"potentialAction\":[{\"@type\":\"SearchAction\",\"target\":{\"@type\":\"EntryPoint\",\"urlTemplate\":\"https:\\\/\\\/sanfeliz.es\\\/?s={search_term_string}\"},\"query-input\":{\"@type\":\"PropertyValueSpecification\",\"valueRequired\":true,\"valueName\":\"search_term_string\"}}],\"inLanguage\":\"en-GB\"},{\"@type\":\"Organization\",\"@id\":\"https:\\\/\\\/sanfeliz.es\\\/#organization\",\"name\":\"Espacio Rural San Feliz\",\"url\":\"https:\\\/\\\/sanfeliz.es\\\/\",\"logo\":{\"@type\":\"ImageObject\",\"inLanguage\":\"en-GB\",\"@id\":\"https:\\\/\\\/sanfeliz.es\\\/#\\\/schema\\\/logo\\\/image\\\/\",\"url\":\"https:\\\/\\\/sanfeliz.es\\\/wp-content\\\/uploads\\\/2023\\\/09\\\/logo-san-feliz-web.png\",\"contentUrl\":\"https:\\\/\\\/sanfeliz.es\\\/wp-content\\\/uploads\\\/2023\\\/09\\\/logo-san-feliz-web.png\",\"width\":350,\"height\":124,\"caption\":\"Espacio Rural San Feliz\"},\"image\":{\"@id\":\"https:\\\/\\\/sanfeliz.es\\\/#\\\/schema\\\/logo\\\/image\\\/\"}}]}<\/script>\n<!-- \/ Yoast SEO plugin. -->","yoast_head_json":{"title":"Condicionalidad - Espacio Rural San Feliz","description":"Condicionalidad de los alojamientos rurales San feliz situados en el conejo de Lena, Principado de Asturias","robots":{"index":"index","follow":"follow","max-snippet":"max-snippet:-1","max-image-preview":"max-image-preview:large","max-video-preview":"max-video-preview:-1"},"canonical":"https:\/\/sanfeliz.es\/en\/condicionalidad\/","og_locale":"en_GB","og_type":"article","og_title":"Condicionalidad - Espacio Rural San Feliz","og_description":"Condicionalidad de los alojamientos rurales San feliz situados en el conejo de Lena, Principado de Asturias","og_url":"https:\/\/sanfeliz.es\/en\/condicionalidad\/","og_site_name":"Espacio Rural San Feliz","article_modified_time":"2026-01-15T18:15:35+00:00","twitter_card":"summary_large_image","twitter_misc":{"Estimated reading time":"8 minutes"},"schema":{"@context":"https:\/\/schema.org","@graph":[{"@type":"WebPage","@id":"https:\/\/sanfeliz.es\/condicionalidad\/","url":"https:\/\/sanfeliz.es\/condicionalidad\/","name":"Condicionalidad - Espacio Rural San Feliz","isPartOf":{"@id":"https:\/\/sanfeliz.es\/#website"},"datePublished":"2023-10-31T13:19:19+00:00","dateModified":"2026-01-15T18:15:35+00:00","description":"Condicionalidad de los alojamientos rurales San feliz situados en el conejo de Lena, Principado de Asturias","breadcrumb":{"@id":"https:\/\/sanfeliz.es\/condicionalidad\/#breadcrumb"},"inLanguage":"en-GB","potentialAction":[{"@type":"ReadAction","target":["https:\/\/sanfeliz.es\/condicionalidad\/"]}]},{"@type":"BreadcrumbList","@id":"https:\/\/sanfeliz.es\/condicionalidad\/#breadcrumb","itemListElement":[{"@type":"ListItem","position":1,"name":"Portada","item":"https:\/\/sanfeliz.es\/"},{"@type":"ListItem","position":2,"name":"Condicionalidad"}]},{"@type":"WebSite","@id":"https:\/\/sanfeliz.es\/#website","url":"https:\/\/sanfeliz.es\/","name":"Espacio Rural San Feliz","description":"Apartamentos rurales San feliz","publisher":{"@id":"https:\/\/sanfeliz.es\/#organization"},"potentialAction":[{"@type":"SearchAction","target":{"@type":"EntryPoint","urlTemplate":"https:\/\/sanfeliz.es\/?s={search_term_string}"},"query-input":{"@type":"PropertyValueSpecification","valueRequired":true,"valueName":"search_term_string"}}],"inLanguage":"en-GB"},{"@type":"Organization","@id":"https:\/\/sanfeliz.es\/#organization","name":"Espacio Rural San Feliz","url":"https:\/\/sanfeliz.es\/","logo":{"@type":"ImageObject","inLanguage":"en-GB","@id":"https:\/\/sanfeliz.es\/#\/schema\/logo\/image\/","url":"https:\/\/sanfeliz.es\/wp-content\/uploads\/2023\/09\/logo-san-feliz-web.png","contentUrl":"https:\/\/sanfeliz.es\/wp-content\/uploads\/2023\/09\/logo-san-feliz-web.png","width":350,"height":124,"caption":"Espacio Rural San Feliz"},"image":{"@id":"https:\/\/sanfeliz.es\/#\/schema\/logo\/image\/"}}]}},"_links":{"self":[{"href":"https:\/\/sanfeliz.es\/en\/wp-json\/wp\/v2\/pages\/1303","targetHints":{"allow":["GET"]}}],"collection":[{"href":"https:\/\/sanfeliz.es\/en\/wp-json\/wp\/v2\/pages"}],"about":[{"href":"https:\/\/sanfeliz.es\/en\/wp-json\/wp\/v2\/types\/page"}],"author":[{"embeddable":true,"href":"https:\/\/sanfeliz.es\/en\/wp-json\/wp\/v2\/users\/1"}],"replies":[{"embeddable":true,"href":"https:\/\/sanfeliz.es\/en\/wp-json\/wp\/v2\/comments?post=1303"}],"version-history":[{"count":25,"href":"https:\/\/sanfeliz.es\/en\/wp-json\/wp\/v2\/pages\/1303\/revisions"}],"predecessor-version":[{"id":3173,"href":"https:\/\/sanfeliz.es\/en\/wp-json\/wp\/v2\/pages\/1303\/revisions\/3173"}],"wp:attachment":[{"href":"https:\/\/sanfeliz.es\/en\/wp-json\/wp\/v2\/media?parent=1303"}],"curies":[{"name":"wp","href":"https:\/\/api.w.org\/{rel}","templated":true}]}}