{"id":2670,"date":"2025-02-21T12:43:10","date_gmt":"2025-02-21T11:43:10","guid":{"rendered":"https:\/\/sanfeliz.es\/?page_id=2670"},"modified":"2025-08-06T19:28:03","modified_gmt":"2025-08-06T17:28:03","slug":"nosotros","status":"publish","type":"page","link":"https:\/\/sanfeliz.es\/en\/nosotros\/","title":{"rendered":"About Us"},"content":{"rendered":"<div data-elementor-type=\"wp-page\" data-elementor-id=\"2670\" class=\"elementor elementor-2670\" data-elementor-post-type=\"page\">\n\t\t\t\t<div class=\"elementor-element elementor-element-76b52626 e-flex e-con-boxed e-con e-parent\" data-id=\"76b52626\" data-element_type=\"container\" data-e-type=\"container\" id=\"apartamentos\" data-settings=\"{&quot;background_background&quot;:&quot;classic&quot;}\">\n\t\t\t\t\t<div class=\"e-con-inner\">\n\t\t<div class=\"elementor-element elementor-element-10e99e1 e-flex e-con-boxed e-con e-child\" data-id=\"10e99e1\" data-element_type=\"container\" data-e-type=\"container\">\n\t\t\t\t\t<div class=\"e-con-inner\">\n\t\t<div class=\"elementor-element elementor-element-1a1985f e-con-full e-flex e-con e-child\" data-id=\"1a1985f\" data-element_type=\"container\" data-e-type=\"container\">\n\t\t\t\t<div class=\"elementor-element elementor-element-c0b6394 elementor-widget elementor-widget-image\" data-id=\"c0b6394\" data-element_type=\"widget\" data-e-type=\"widget\" data-widget_type=\"image.default\">\n\t\t\t\t<div class=\"elementor-widget-container\">\n\t\t\t\t\t\t\t\t\t\t\t\t<figure class=\"wp-caption\">\n\t\t\t\t\t\t\t\t\t\t<img fetchpriority=\"high\" decoding=\"async\" width=\"763\" height=\"1024\" src=\"https:\/\/sanfeliz.es\/wp-content\/uploads\/2025\/02\/foto-gueli-763x1024.jpg\" class=\"attachment-large size-large wp-image-2764\" alt=\"Espacio Rural San Feliz fue construido en la casa de la abuela Elvira\" srcset=\"https:\/\/sanfeliz.es\/wp-content\/uploads\/2025\/02\/foto-gueli-763x1024.jpg 763w, https:\/\/sanfeliz.es\/wp-content\/uploads\/2025\/02\/foto-gueli-223x300.jpg 223w, https:\/\/sanfeliz.es\/wp-content\/uploads\/2025\/02\/foto-gueli-768x1031.jpg 768w, https:\/\/sanfeliz.es\/wp-content\/uploads\/2025\/02\/foto-gueli-1144x1536.jpg 1144w, https:\/\/sanfeliz.es\/wp-content\/uploads\/2025\/02\/foto-gueli-9x12.jpg 9w, https:\/\/sanfeliz.es\/wp-content\/uploads\/2025\/02\/foto-gueli.jpg 1430w\" sizes=\"(max-width: 763px) 100vw, 763px\" \/>\t\t\t\t\t\t\t\t\t\t\t<figcaption class=\"widget-image-caption wp-caption-text\">La abuela Elvira en San Feliz<\/figcaption>\n\t\t\t\t\t\t\t\t\t\t<\/figure>\n\t\t\t\t\t\t\t\t\t<\/div>\n\t\t\t\t<\/div>\n\t\t\t\t<\/div>\n\t\t<div class=\"elementor-element elementor-element-7b9d021 e-flex e-con-boxed e-con e-child\" data-id=\"7b9d021\" data-element_type=\"container\" data-e-type=\"container\">\n\t\t\t\t\t<div class=\"e-con-inner\">\n\t\t\t\t<div class=\"elementor-element elementor-element-30e5297 elementor-widget elementor-widget-heading\" data-id=\"30e5297\" data-element_type=\"widget\" data-e-type=\"widget\" data-widget_type=\"heading.default\">\n\t\t\t\t<div class=\"elementor-widget-container\">\n\t\t\t\t\t<h2 class=\"elementor-heading-title elementor-size-xxl\">A Story of Tradition and Rebirth<\/h2>\t\t\t\t<\/div>\n\t\t\t\t<\/div>\n\t\t\t\t<div class=\"elementor-element elementor-element-dee1b38 elementor-widget-divider--view-line elementor-widget elementor-widget-divider\" data-id=\"dee1b38\" data-element_type=\"widget\" data-e-type=\"widget\" data-widget_type=\"divider.default\">\n\t\t\t\t<div class=\"elementor-widget-container\">\n\t\t\t\t\t\t\t<div class=\"elementor-divider\">\n\t\t\t<span class=\"elementor-divider-separator\">\n\t\t\t\t\t\t<\/span>\n\t\t<\/div>\n\t\t\t\t\t\t<\/div>\n\t\t\t\t<\/div>\n\t\t\t\t<div class=\"elementor-element elementor-element-e821880 elementor-widget elementor-widget-text-editor\" data-id=\"e821880\" data-element_type=\"widget\" data-e-type=\"widget\" data-widget_type=\"text-editor.default\">\n\t\t\t\t<div class=\"elementor-widget-container\">\n\t\t\t\t\t\t\t\t\t<p>In the heart of a picturesque rural corner, Espacio Rural San Feliz has kept its doors open for over 20 years, offering our clients an authentic and warm experience. Founded by Luis and Mar\u00eda as a small family business, it has grown under the promise of delivering the best in every detail.<\/p><p>Lo que muchos no saben es que estos apartamentos ocupan lo que alguna vez fue la casa de la abuela Elvira y del abuelo Manuel, un lugar lleno de recuerdos y memorias que, con el tiempo, ha renacido como un espacio para nuevos momentos y nuevas historias. La esencia de aquella casa sigue viva en cada rinc\u00f3n, y se puede sentir en la calidez de los detalles que han sido cuidadosamente preservados.<\/p><p>Today, it is Elena, the third generation, who continues this legacy. After studying journalism in Salamanca and specializing in Fashion Communication in Madrid, she decided to step beyond the known. Her thirst for learning and new experiences led her to Australia, Italy, and the United States, embarking on solo journeys, exploring cultures, and connecting with people.<\/p><p>After seven years, Elena made a career shift and returned to her roots in San Feliz. With a renewed vision and a balance between rural life and connection to the city, she decided to take the reins of the family business.<\/p><p>Now, Espacio Rural San Feliz remains a refuge where tradition meets modernity, never losing the essence of its origins.<\/p><p>A space where the local feels global, offering our guests a unique experience that transcends generations. We invite you to be part of our story!<\/p><p style=\"font-weight: 400;\"><strong>Nuestros valores<\/strong><\/p><p><strong>Calidad<\/strong>: ofrecemos un servicio y una experiencia excepcionales, asegurando que todas las instalaciones y servicios cumplan con altos est\u00e1ndares para el bienestar y la comodidad de nuestros hu\u00e9spedes.<\/p><p><strong data-start=\"314\" data-end=\"332\">Sostenibilidad<\/strong>: practicamos un turismo responsable que minimice el impacto ambiental, promoviendo el uso eficiente de los recursos naturales y fomentando el respeto por el entorno y las comunidades locales.<\/p><p><strong data-start=\"535\" data-end=\"551\">Hospitalidad<\/strong>: recibimos a nuestros hu\u00e9spedes en un ambiente acogedor y familiar para que se sientan como en casa.<\/p><p><strong data-start=\"915\" data-end=\"927\">Profesionalidad<\/strong>: tras m\u00e1s de 20 a\u00f1os de experiencia, brindamos un servicio experto y eficiente, con personal capacitado que act\u00faa con seriedad, respeto y compromiso para garantizar una experiencia de calidad.<\/p><p><strong data-start=\"915\" data-end=\"927\">Ecolog\u00eda<\/strong>: cuidamos el medio ambiente mediante pr\u00e1cticas como el reciclaje, el uso de energ\u00edas renovables y el respeto por los ecosistemas locales, fomentando la conservaci\u00f3n de la biodiversidad.<\/p><p style=\"font-weight: 400;\" data-start=\"1126\" data-end=\"1229\" data-is-last-node=\"\" data-is-only-node=\"\">Cada uno de estos valores contribuye a ofrecer una experiencia \u00fanica y responsable en un entorno rural.<\/p><p>N\u00fa\u00f1ez \u2013 Mart\u00ednez Family<\/p>\t\t\t\t\t\t\t\t<\/div>\n\t\t\t\t<\/div>\n\t\t\t\t\t<\/div>\n\t\t\t\t<\/div>\n\t\t\t\t\t<\/div>\n\t\t\t\t<\/div>\n\t\t\t\t\t<\/div>\n\t\t\t\t<\/div>\n\t\t\t\t<\/div>","protected":false},"excerpt":{"rendered":"<p>La abuela Elvira en San Feliz Una Historia de Tradici\u00f3n y Renacimiento En el coraz\u00f3n de un pintoresco rinc\u00f3n rural, Espacio Rural San Feliz ha mantenido sus puertas abiertas durante m\u00e1s de 20 a\u00f1os, ofreciendo a nuestros clientes una experiencia aut\u00e9ntica y c\u00e1lida. Fundada por Luis y Mar\u00eda como una peque\u00f1a empresa familiar, ha crecido [&hellip;]<\/p>\n","protected":false},"author":1,"featured_media":0,"parent":0,"menu_order":0,"comment_status":"closed","ping_status":"closed","template":"elementor_header_footer","meta":{"footnotes":""},"class_list":["post-2670","page","type-page","status-publish","hentry"],"yoast_head":"<!-- This site is optimized with the Yoast SEO plugin v27.4 - https:\/\/yoast.com\/product\/yoast-seo-wordpress\/ -->\n<title>Nosotros - Espacio Rural San Feliz<\/title>\n<meta name=\"description\" content=\"Conjunto de tres apartamentos situados en la aldea de San Feliz en el concejo de Lena, Principado de Asturias\" \/>\n<meta name=\"robots\" content=\"index, follow, max-snippet:-1, max-image-preview:large, max-video-preview:-1\" \/>\n<link rel=\"canonical\" href=\"https:\/\/sanfeliz.es\/en\/nosotros\/\" \/>\n<meta property=\"og:locale\" content=\"en_GB\" \/>\n<meta property=\"og:type\" content=\"article\" \/>\n<meta property=\"og:title\" content=\"Nosotros - Espacio Rural San Feliz\" \/>\n<meta property=\"og:description\" content=\"Conjunto de tres apartamentos situados en la aldea de San Feliz en el concejo de Lena, Principado de Asturias\" \/>\n<meta property=\"og:url\" content=\"https:\/\/sanfeliz.es\/en\/nosotros\/\" \/>\n<meta property=\"og:site_name\" content=\"Espacio Rural San Feliz\" \/>\n<meta property=\"article:modified_time\" content=\"2025-08-06T17:28:03+00:00\" \/>\n<meta property=\"og:image\" content=\"https:\/\/sanfeliz.es\/wp-content\/uploads\/2025\/02\/foto-gueli.jpg\" \/>\n\t<meta property=\"og:image:width\" content=\"1430\" \/>\n\t<meta property=\"og:image:height\" content=\"1920\" \/>\n\t<meta property=\"og:image:type\" content=\"image\/jpeg\" \/>\n<meta name=\"twitter:card\" content=\"summary_large_image\" \/>\n<meta name=\"twitter:label1\" content=\"Estimated reading time\" \/>\n\t<meta name=\"twitter:data1\" content=\"3 minutes\" \/>\n<script type=\"application\/ld+json\" class=\"yoast-schema-graph\">{\"@context\":\"https:\\\/\\\/schema.org\",\"@graph\":[{\"@type\":\"WebPage\",\"@id\":\"https:\\\/\\\/sanfeliz.es\\\/nosotros\\\/\",\"url\":\"https:\\\/\\\/sanfeliz.es\\\/nosotros\\\/\",\"name\":\"Nosotros - Espacio Rural San Feliz\",\"isPartOf\":{\"@id\":\"https:\\\/\\\/sanfeliz.es\\\/#website\"},\"primaryImageOfPage\":{\"@id\":\"https:\\\/\\\/sanfeliz.es\\\/nosotros\\\/#primaryimage\"},\"image\":{\"@id\":\"https:\\\/\\\/sanfeliz.es\\\/nosotros\\\/#primaryimage\"},\"thumbnailUrl\":\"https:\\\/\\\/sanfeliz.es\\\/wp-content\\\/uploads\\\/2025\\\/02\\\/foto-gueli-763x1024.jpg\",\"datePublished\":\"2025-02-21T11:43:10+00:00\",\"dateModified\":\"2025-08-06T17:28:03+00:00\",\"description\":\"Conjunto de tres apartamentos situados en la aldea de San Feliz en el concejo de Lena, Principado de Asturias\",\"breadcrumb\":{\"@id\":\"https:\\\/\\\/sanfeliz.es\\\/nosotros\\\/#breadcrumb\"},\"inLanguage\":\"en-GB\",\"potentialAction\":[{\"@type\":\"ReadAction\",\"target\":[\"https:\\\/\\\/sanfeliz.es\\\/nosotros\\\/\"]}]},{\"@type\":\"ImageObject\",\"inLanguage\":\"en-GB\",\"@id\":\"https:\\\/\\\/sanfeliz.es\\\/nosotros\\\/#primaryimage\",\"url\":\"https:\\\/\\\/sanfeliz.es\\\/wp-content\\\/uploads\\\/2025\\\/02\\\/foto-gueli-763x1024.jpg\",\"contentUrl\":\"https:\\\/\\\/sanfeliz.es\\\/wp-content\\\/uploads\\\/2025\\\/02\\\/foto-gueli-763x1024.jpg\"},{\"@type\":\"BreadcrumbList\",\"@id\":\"https:\\\/\\\/sanfeliz.es\\\/nosotros\\\/#breadcrumb\",\"itemListElement\":[{\"@type\":\"ListItem\",\"position\":1,\"name\":\"Portada\",\"item\":\"https:\\\/\\\/sanfeliz.es\\\/\"},{\"@type\":\"ListItem\",\"position\":2,\"name\":\"Nosotros\"}]},{\"@type\":\"WebSite\",\"@id\":\"https:\\\/\\\/sanfeliz.es\\\/#website\",\"url\":\"https:\\\/\\\/sanfeliz.es\\\/\",\"name\":\"Espacio Rural San Feliz\",\"description\":\"Apartamentos rurales San feliz\",\"publisher\":{\"@id\":\"https:\\\/\\\/sanfeliz.es\\\/#organization\"},\"potentialAction\":[{\"@type\":\"SearchAction\",\"target\":{\"@type\":\"EntryPoint\",\"urlTemplate\":\"https:\\\/\\\/sanfeliz.es\\\/?s={search_term_string}\"},\"query-input\":{\"@type\":\"PropertyValueSpecification\",\"valueRequired\":true,\"valueName\":\"search_term_string\"}}],\"inLanguage\":\"en-GB\"},{\"@type\":\"Organization\",\"@id\":\"https:\\\/\\\/sanfeliz.es\\\/#organization\",\"name\":\"Espacio Rural San Feliz\",\"url\":\"https:\\\/\\\/sanfeliz.es\\\/\",\"logo\":{\"@type\":\"ImageObject\",\"inLanguage\":\"en-GB\",\"@id\":\"https:\\\/\\\/sanfeliz.es\\\/#\\\/schema\\\/logo\\\/image\\\/\",\"url\":\"https:\\\/\\\/sanfeliz.es\\\/wp-content\\\/uploads\\\/2023\\\/09\\\/logo-san-feliz-web.png\",\"contentUrl\":\"https:\\\/\\\/sanfeliz.es\\\/wp-content\\\/uploads\\\/2023\\\/09\\\/logo-san-feliz-web.png\",\"width\":350,\"height\":124,\"caption\":\"Espacio Rural San Feliz\"},\"image\":{\"@id\":\"https:\\\/\\\/sanfeliz.es\\\/#\\\/schema\\\/logo\\\/image\\\/\"}}]}<\/script>\n<!-- \/ Yoast SEO plugin. -->","yoast_head_json":{"title":"Nosotros - Espacio Rural San Feliz","description":"Conjunto de tres apartamentos situados en la aldea de San Feliz en el concejo de Lena, Principado de Asturias","robots":{"index":"index","follow":"follow","max-snippet":"max-snippet:-1","max-image-preview":"max-image-preview:large","max-video-preview":"max-video-preview:-1"},"canonical":"https:\/\/sanfeliz.es\/en\/nosotros\/","og_locale":"en_GB","og_type":"article","og_title":"Nosotros - Espacio Rural San Feliz","og_description":"Conjunto de tres apartamentos situados en la aldea de San Feliz en el concejo de Lena, Principado de Asturias","og_url":"https:\/\/sanfeliz.es\/en\/nosotros\/","og_site_name":"Espacio Rural San Feliz","article_modified_time":"2025-08-06T17:28:03+00:00","og_image":[{"width":1430,"height":1920,"url":"https:\/\/sanfeliz.es\/wp-content\/uploads\/2025\/02\/foto-gueli.jpg","type":"image\/jpeg"}],"twitter_card":"summary_large_image","twitter_misc":{"Estimated reading time":"3 minutes"},"schema":{"@context":"https:\/\/schema.org","@graph":[{"@type":"WebPage","@id":"https:\/\/sanfeliz.es\/nosotros\/","url":"https:\/\/sanfeliz.es\/nosotros\/","name":"Nosotros - Espacio Rural San Feliz","isPartOf":{"@id":"https:\/\/sanfeliz.es\/#website"},"primaryImageOfPage":{"@id":"https:\/\/sanfeliz.es\/nosotros\/#primaryimage"},"image":{"@id":"https:\/\/sanfeliz.es\/nosotros\/#primaryimage"},"thumbnailUrl":"https:\/\/sanfeliz.es\/wp-content\/uploads\/2025\/02\/foto-gueli-763x1024.jpg","datePublished":"2025-02-21T11:43:10+00:00","dateModified":"2025-08-06T17:28:03+00:00","description":"Conjunto de tres apartamentos situados en la aldea de San Feliz en el concejo de Lena, Principado de Asturias","breadcrumb":{"@id":"https:\/\/sanfeliz.es\/nosotros\/#breadcrumb"},"inLanguage":"en-GB","potentialAction":[{"@type":"ReadAction","target":["https:\/\/sanfeliz.es\/nosotros\/"]}]},{"@type":"ImageObject","inLanguage":"en-GB","@id":"https:\/\/sanfeliz.es\/nosotros\/#primaryimage","url":"https:\/\/sanfeliz.es\/wp-content\/uploads\/2025\/02\/foto-gueli-763x1024.jpg","contentUrl":"https:\/\/sanfeliz.es\/wp-content\/uploads\/2025\/02\/foto-gueli-763x1024.jpg"},{"@type":"BreadcrumbList","@id":"https:\/\/sanfeliz.es\/nosotros\/#breadcrumb","itemListElement":[{"@type":"ListItem","position":1,"name":"Portada","item":"https:\/\/sanfeliz.es\/"},{"@type":"ListItem","position":2,"name":"Nosotros"}]},{"@type":"WebSite","@id":"https:\/\/sanfeliz.es\/#website","url":"https:\/\/sanfeliz.es\/","name":"Espacio Rural San Feliz","description":"Apartamentos rurales San feliz","publisher":{"@id":"https:\/\/sanfeliz.es\/#organization"},"potentialAction":[{"@type":"SearchAction","target":{"@type":"EntryPoint","urlTemplate":"https:\/\/sanfeliz.es\/?s={search_term_string}"},"query-input":{"@type":"PropertyValueSpecification","valueRequired":true,"valueName":"search_term_string"}}],"inLanguage":"en-GB"},{"@type":"Organization","@id":"https:\/\/sanfeliz.es\/#organization","name":"Espacio Rural San Feliz","url":"https:\/\/sanfeliz.es\/","logo":{"@type":"ImageObject","inLanguage":"en-GB","@id":"https:\/\/sanfeliz.es\/#\/schema\/logo\/image\/","url":"https:\/\/sanfeliz.es\/wp-content\/uploads\/2023\/09\/logo-san-feliz-web.png","contentUrl":"https:\/\/sanfeliz.es\/wp-content\/uploads\/2023\/09\/logo-san-feliz-web.png","width":350,"height":124,"caption":"Espacio Rural San Feliz"},"image":{"@id":"https:\/\/sanfeliz.es\/#\/schema\/logo\/image\/"}}]}},"_links":{"self":[{"href":"https:\/\/sanfeliz.es\/en\/wp-json\/wp\/v2\/pages\/2670","targetHints":{"allow":["GET"]}}],"collection":[{"href":"https:\/\/sanfeliz.es\/en\/wp-json\/wp\/v2\/pages"}],"about":[{"href":"https:\/\/sanfeliz.es\/en\/wp-json\/wp\/v2\/types\/page"}],"author":[{"embeddable":true,"href":"https:\/\/sanfeliz.es\/en\/wp-json\/wp\/v2\/users\/1"}],"replies":[{"embeddable":true,"href":"https:\/\/sanfeliz.es\/en\/wp-json\/wp\/v2\/comments?post=2670"}],"version-history":[{"count":0,"href":"https:\/\/sanfeliz.es\/en\/wp-json\/wp\/v2\/pages\/2670\/revisions"}],"wp:attachment":[{"href":"https:\/\/sanfeliz.es\/en\/wp-json\/wp\/v2\/media?parent=2670"}],"curies":[{"name":"wp","href":"https:\/\/api.w.org\/{rel}","templated":true}]}}