{"id":2905,"date":"2025-04-25T11:33:20","date_gmt":"2025-04-25T09:33:20","guid":{"rendered":"https:\/\/sanfeliz.es\/?page_id=2905"},"modified":"2025-04-25T11:35:02","modified_gmt":"2025-04-25T09:35:02","slug":"alojamientos-rurales-en-oviedo-san-feliz","status":"publish","type":"page","link":"https:\/\/sanfeliz.es\/en\/alojamientos-rurales-en-oviedo-san-feliz\/","title":{"rendered":"Alojamientos rurales en Oviedo San Feliz"},"content":{"rendered":"<h2 class=\"wp-block-heading\"><\/h2>\n\n\n\n<p>Descubre los encantadores <strong>Alojamientos rurales en Oviedo<\/strong> que ofrece el <em>Espacio Rural San Feliz<\/em>, ubicados en la pintoresca aldea de San Feliz, en el concejo de Lena, Asturias. A tan solo 20 minutos de Oviedo, <a href=\"https:\/\/sanfeliz.es\/en\/apartamentos-rurales-san-feliz\/\">estos apartamentos<\/a> combinan la tranquilidad del entorno rural con la cercan\u00eda a la ciudad.\u200b<\/p>\n\n\n\n<figure class=\"wp-block-image aligncenter size-large\"><img fetchpriority=\"high\" decoding=\"async\" width=\"1024\" height=\"575\" src=\"https:\/\/sanfeliz.es\/wp-content\/uploads\/2025\/02\/galeria-1-1024x575.jpg\" alt=\"Alojamientos rurales en Oviedo\" class=\"wp-image-2689\" srcset=\"https:\/\/sanfeliz.es\/wp-content\/uploads\/2025\/02\/galeria-1-1024x575.jpg 1024w, https:\/\/sanfeliz.es\/wp-content\/uploads\/2025\/02\/galeria-1-300x169.jpg 300w, https:\/\/sanfeliz.es\/wp-content\/uploads\/2025\/02\/galeria-1-768x431.jpg 768w, https:\/\/sanfeliz.es\/wp-content\/uploads\/2025\/02\/galeria-1-18x10.jpg 18w, https:\/\/sanfeliz.es\/wp-content\/uploads\/2025\/02\/galeria-1.jpg 1200w\" sizes=\"(max-width: 1024px) 100vw, 1024px\" \/><\/figure>\n\n\n\n<h2 class=\"wp-block-heading\">Apartamentos con encanto y todas las comodidades<\/h2>\n\n\n\n<p>El <a href=\"https:\/\/sanfeliz.es\/en\/\">Espacio Rural San Feliz<\/a> cuenta con tres apartamentos \u00fanicos, dise\u00f1ados para ofrecer una experiencia acogedora y aut\u00e9ntica:\u200b<\/p>\n\n\n\n<h3 class=\"wp-block-heading\">Rebochal Deluxe Apartment<\/h3>\n\n\n\n<p>Este apartamento de dos plantas, con capacidad para 4 personas, destaca por su arquitectura tradicional asturiana, con paredes de piedra y acabados de madera. La amplia terraza cubierta ofrece vistas impresionantes a la Sierra del Aramo. Cuenta con chimenea de le\u00f1a, cocina completamente equipada, ba\u00f1o con ba\u00f1era y es <strong>dogfriendly<\/strong>, ideal para quienes viajan con mascotas. <\/p>\n\n\n\n<h3 class=\"wp-block-heading\">Reguera Cozy Apartment<\/h3>\n\n\n\n<p>Perfecto para 3 personas, este apartamento ofrece un ambiente acogedor con vistas a las monta\u00f1as. Dispone de chimenea de le\u00f1a, cocina equipada, ba\u00f1o con ba\u00f1era y terraza cubierta. Tambi\u00e9n es <strong>dogfriendly<\/strong>, permitiendo que toda la familia, incluidas las mascotas, disfrute de la estancia.<\/p>\n\n\n\n<h3 class=\"wp-block-heading\">Rib\u00f3 Standard Apartment<\/h3>\n\n\n\n<p>Con capacidad para 4 personas, este apartamento de dos plantas combina el estilo r\u00fastico con comodidades modernas. Ofrece cocina totalmente equipada, sal\u00f3n con chimenea, ba\u00f1o completo y terraza con vistas al entorno natural. <\/p>\n\n\n\n<figure class=\"wp-block-image aligncenter size-full is-resized\"><img decoding=\"async\" width=\"1200\" height=\"900\" src=\"https:\/\/sanfeliz.es\/wp-content\/uploads\/2023\/10\/entorno3.jpg\" alt=\"Alojamientos rurales en Oviedo\" class=\"wp-image-778\" style=\"width:555px;height:auto\" srcset=\"https:\/\/sanfeliz.es\/wp-content\/uploads\/2023\/10\/entorno3.jpg 1200w, https:\/\/sanfeliz.es\/wp-content\/uploads\/2023\/10\/entorno3-300x225.jpg 300w, https:\/\/sanfeliz.es\/wp-content\/uploads\/2023\/10\/entorno3-1024x768.jpg 1024w, https:\/\/sanfeliz.es\/wp-content\/uploads\/2023\/10\/entorno3-768x576.jpg 768w\" sizes=\"(max-width: 1200px) 100vw, 1200px\" \/><\/figure>\n\n\n\n<h2 class=\"wp-block-heading\">Un entorno natural privilegiado<\/h2>\n\n\n\n<p>San Feliz es una aldea t\u00edpica asturiana con apenas 20 habitantes, situada en la Monta\u00f1a Central de Asturias. Rodeada de bosques de casta\u00f1os y a orillas del r\u00edo Lena, ofrece un <a href=\"https:\/\/sanfeliz.es\/en\/entorno-y-sostenibilidad\/\">entorno tranquilo y pintoresco<\/a>. La aldea cuenta con una iglesia, una fuente p\u00fablica y un chigre-restaurante, proporcionando una experiencia aut\u00e9ntica. \u200b<\/p>\n\n\n\n<h2 class=\"wp-block-heading\">Actividades para todos los gustos<\/h2>\n\n\n\n<p>La ubicaci\u00f3n de los <strong>Alojamientos rurales en Oviedo<\/strong> San Feliz es ideal para los amantes de la naturaleza y las actividades al aire libre. Entre las opciones disponibles se incluyen:\u200b<\/p>\n\n\n\n<ul class=\"wp-block-list\">\n<li>Senderismo y rutas en bicicleta por la V\u00eda Romana de La Carisa.\u200b<\/li>\n\n\n\n<li>Esqu\u00ed en las cercanas estaciones de Valgrande-Pajares, Fuentes de Invierno y San Isidro.\u200b<\/li>\n\n\n\n<li>Visitas al Parque Natural Las Ubi\u00f1as-La Mesa, declarado Reserva de la Biosfera.\u200b<\/li>\n\n\n\n<li>Exploraci\u00f3n de la Sierra del Aramo y la iglesia prerrom\u00e1nica de Santa Cristina de Lena. \u200b<\/li>\n<\/ul>\n\n\n\n<h2 class=\"wp-block-heading\">Gastronom\u00eda y sostenibilidad<\/h2>\n\n\n\n<p>Frente a los apartamentos se encuentra el Restaurante Monte, galardonado con una Estrella Michelin y una Estrella Verde Michelin, ofreciendo una experiencia culinaria excepcional. Adem\u00e1s, el Espacio Rural San Feliz promueve pr\u00e1cticas sostenibles, utilizando productos ecol\u00f3gicos y fomentando el reciclaje. \u200b<\/p>\n\n\n\n<h2 class=\"wp-block-heading\">Reserva tu estancia<\/h2>\n\n\n\n<p>Si buscas <strong>Alojamientos rurales en Oviedo<\/strong> que combinen comodidad, autenticidad y un entorno natural inigualable, el Espacio Rural San Feliz es tu destino ideal. Disfruta de una escapada \u00fanica en el coraz\u00f3n de Asturias.\u200b<\/p>\n\n\n\n<p>Para m\u00e1s informaci\u00f3n y reservas, visita <a href=\"https:\/\/sanfeliz.es\/en\/\">sanfeliz.es<\/a>.<\/p>\n\n\n\n<p><\/p>","protected":false},"excerpt":{"rendered":"<p>Descubre los encantadores Alojamientos rurales en Oviedo que ofrece el Espacio Rural San Feliz, ubicados en la pintoresca aldea de San Feliz, en el concejo de Lena, Asturias. A tan solo 20 minutos de Oviedo, estos apartamentos combinan la tranquilidad del entorno rural con la cercan\u00eda a la ciudad.\u200b Apartamentos con encanto y todas las [&hellip;]<\/p>\n","protected":false},"author":5,"featured_media":0,"parent":0,"menu_order":0,"comment_status":"closed","ping_status":"closed","template":"","meta":{"footnotes":""},"class_list":["post-2905","page","type-page","status-publish","hentry"],"yoast_head":"<!-- This site is optimized with the Yoast SEO plugin v27.5 - https:\/\/yoast.com\/product\/yoast-seo-wordpress\/ -->\n<title>Alojamientos rurales en Oviedo San Feliz - Espacio Rural San Feliz<\/title>\n<meta name=\"description\" content=\"Descubre los encantadores Alojamientos rurales en Oviedo que ofrece el Espacio Rural San Feliz, ubicados en la pintoresca aldea de San Feliz\" \/>\n<meta name=\"robots\" content=\"index, follow, max-snippet:-1, max-image-preview:large, max-video-preview:-1\" \/>\n<link rel=\"canonical\" href=\"https:\/\/sanfeliz.es\/en\/alojamientos-rurales-en-oviedo-san-feliz\/\" \/>\n<meta property=\"og:locale\" content=\"en_GB\" \/>\n<meta property=\"og:type\" content=\"article\" \/>\n<meta property=\"og:title\" content=\"Alojamientos rurales en Oviedo San Feliz - Espacio Rural San Feliz\" \/>\n<meta property=\"og:description\" content=\"Descubre los encantadores Alojamientos rurales en Oviedo que ofrece el Espacio Rural San Feliz, ubicados en la pintoresca aldea de San Feliz\" \/>\n<meta property=\"og:url\" content=\"https:\/\/sanfeliz.es\/en\/alojamientos-rurales-en-oviedo-san-feliz\/\" \/>\n<meta property=\"og:site_name\" content=\"Espacio Rural San Feliz\" \/>\n<meta property=\"article:modified_time\" content=\"2025-04-25T09:35:02+00:00\" \/>\n<meta property=\"og:image\" content=\"https:\/\/sanfeliz.es\/wp-content\/uploads\/2025\/02\/galeria-1.jpg\" \/>\n\t<meta property=\"og:image:width\" content=\"1200\" \/>\n\t<meta property=\"og:image:height\" content=\"674\" \/>\n\t<meta property=\"og:image:type\" content=\"image\/jpeg\" \/>\n<meta name=\"twitter:card\" content=\"summary_large_image\" \/>\n<meta name=\"twitter:label1\" content=\"Estimated reading time\" \/>\n\t<meta name=\"twitter:data1\" content=\"3 minutes\" \/>\n<script type=\"application\/ld+json\" class=\"yoast-schema-graph\">{\"@context\":\"https:\\\/\\\/schema.org\",\"@graph\":[{\"@type\":\"WebPage\",\"@id\":\"https:\\\/\\\/sanfeliz.es\\\/alojamientos-rurales-en-oviedo-san-feliz\\\/\",\"url\":\"https:\\\/\\\/sanfeliz.es\\\/alojamientos-rurales-en-oviedo-san-feliz\\\/\",\"name\":\"Alojamientos rurales en Oviedo San Feliz - Espacio Rural San Feliz\",\"isPartOf\":{\"@id\":\"https:\\\/\\\/sanfeliz.es\\\/#website\"},\"primaryImageOfPage\":{\"@id\":\"https:\\\/\\\/sanfeliz.es\\\/alojamientos-rurales-en-oviedo-san-feliz\\\/#primaryimage\"},\"image\":{\"@id\":\"https:\\\/\\\/sanfeliz.es\\\/alojamientos-rurales-en-oviedo-san-feliz\\\/#primaryimage\"},\"thumbnailUrl\":\"https:\\\/\\\/sanfeliz.es\\\/wp-content\\\/uploads\\\/2025\\\/02\\\/galeria-1-1024x575.jpg\",\"datePublished\":\"2025-04-25T09:33:20+00:00\",\"dateModified\":\"2025-04-25T09:35:02+00:00\",\"description\":\"Descubre los encantadores Alojamientos rurales en Oviedo que ofrece el Espacio Rural San Feliz, ubicados en la pintoresca aldea de San Feliz\",\"breadcrumb\":{\"@id\":\"https:\\\/\\\/sanfeliz.es\\\/alojamientos-rurales-en-oviedo-san-feliz\\\/#breadcrumb\"},\"inLanguage\":\"en-GB\",\"potentialAction\":[{\"@type\":\"ReadAction\",\"target\":[\"https:\\\/\\\/sanfeliz.es\\\/alojamientos-rurales-en-oviedo-san-feliz\\\/\"]}]},{\"@type\":\"ImageObject\",\"inLanguage\":\"en-GB\",\"@id\":\"https:\\\/\\\/sanfeliz.es\\\/alojamientos-rurales-en-oviedo-san-feliz\\\/#primaryimage\",\"url\":\"https:\\\/\\\/sanfeliz.es\\\/wp-content\\\/uploads\\\/2025\\\/02\\\/galeria-1-1024x575.jpg\",\"contentUrl\":\"https:\\\/\\\/sanfeliz.es\\\/wp-content\\\/uploads\\\/2025\\\/02\\\/galeria-1-1024x575.jpg\"},{\"@type\":\"BreadcrumbList\",\"@id\":\"https:\\\/\\\/sanfeliz.es\\\/alojamientos-rurales-en-oviedo-san-feliz\\\/#breadcrumb\",\"itemListElement\":[{\"@type\":\"ListItem\",\"position\":1,\"name\":\"Portada\",\"item\":\"https:\\\/\\\/sanfeliz.es\\\/\"},{\"@type\":\"ListItem\",\"position\":2,\"name\":\"Alojamientos rurales en Oviedo San Feliz\"}]},{\"@type\":\"WebSite\",\"@id\":\"https:\\\/\\\/sanfeliz.es\\\/#website\",\"url\":\"https:\\\/\\\/sanfeliz.es\\\/\",\"name\":\"Espacio Rural San Feliz\",\"description\":\"Apartamentos rurales San feliz\",\"publisher\":{\"@id\":\"https:\\\/\\\/sanfeliz.es\\\/#organization\"},\"potentialAction\":[{\"@type\":\"SearchAction\",\"target\":{\"@type\":\"EntryPoint\",\"urlTemplate\":\"https:\\\/\\\/sanfeliz.es\\\/?s={search_term_string}\"},\"query-input\":{\"@type\":\"PropertyValueSpecification\",\"valueRequired\":true,\"valueName\":\"search_term_string\"}}],\"inLanguage\":\"en-GB\"},{\"@type\":\"Organization\",\"@id\":\"https:\\\/\\\/sanfeliz.es\\\/#organization\",\"name\":\"Espacio Rural San Feliz\",\"url\":\"https:\\\/\\\/sanfeliz.es\\\/\",\"logo\":{\"@type\":\"ImageObject\",\"inLanguage\":\"en-GB\",\"@id\":\"https:\\\/\\\/sanfeliz.es\\\/#\\\/schema\\\/logo\\\/image\\\/\",\"url\":\"https:\\\/\\\/sanfeliz.es\\\/wp-content\\\/uploads\\\/2023\\\/09\\\/logo-san-feliz-web.png\",\"contentUrl\":\"https:\\\/\\\/sanfeliz.es\\\/wp-content\\\/uploads\\\/2023\\\/09\\\/logo-san-feliz-web.png\",\"width\":350,\"height\":124,\"caption\":\"Espacio Rural San Feliz\"},\"image\":{\"@id\":\"https:\\\/\\\/sanfeliz.es\\\/#\\\/schema\\\/logo\\\/image\\\/\"}}]}<\/script>\n<!-- \/ Yoast SEO plugin. -->","yoast_head_json":{"title":"Alojamientos rurales en Oviedo San Feliz - Espacio Rural San Feliz","description":"Descubre los encantadores Alojamientos rurales en Oviedo que ofrece el Espacio Rural San Feliz, ubicados en la pintoresca aldea de San Feliz","robots":{"index":"index","follow":"follow","max-snippet":"max-snippet:-1","max-image-preview":"max-image-preview:large","max-video-preview":"max-video-preview:-1"},"canonical":"https:\/\/sanfeliz.es\/en\/alojamientos-rurales-en-oviedo-san-feliz\/","og_locale":"en_GB","og_type":"article","og_title":"Alojamientos rurales en Oviedo San Feliz - Espacio Rural San Feliz","og_description":"Descubre los encantadores Alojamientos rurales en Oviedo que ofrece el Espacio Rural San Feliz, ubicados en la pintoresca aldea de San Feliz","og_url":"https:\/\/sanfeliz.es\/en\/alojamientos-rurales-en-oviedo-san-feliz\/","og_site_name":"Espacio Rural San Feliz","article_modified_time":"2025-04-25T09:35:02+00:00","og_image":[{"width":1200,"height":674,"url":"https:\/\/sanfeliz.es\/wp-content\/uploads\/2025\/02\/galeria-1.jpg","type":"image\/jpeg"}],"twitter_card":"summary_large_image","twitter_misc":{"Estimated reading time":"3 minutes"},"schema":{"@context":"https:\/\/schema.org","@graph":[{"@type":"WebPage","@id":"https:\/\/sanfeliz.es\/alojamientos-rurales-en-oviedo-san-feliz\/","url":"https:\/\/sanfeliz.es\/alojamientos-rurales-en-oviedo-san-feliz\/","name":"Alojamientos rurales en Oviedo San Feliz - Espacio Rural San Feliz","isPartOf":{"@id":"https:\/\/sanfeliz.es\/#website"},"primaryImageOfPage":{"@id":"https:\/\/sanfeliz.es\/alojamientos-rurales-en-oviedo-san-feliz\/#primaryimage"},"image":{"@id":"https:\/\/sanfeliz.es\/alojamientos-rurales-en-oviedo-san-feliz\/#primaryimage"},"thumbnailUrl":"https:\/\/sanfeliz.es\/wp-content\/uploads\/2025\/02\/galeria-1-1024x575.jpg","datePublished":"2025-04-25T09:33:20+00:00","dateModified":"2025-04-25T09:35:02+00:00","description":"Descubre los encantadores Alojamientos rurales en Oviedo que ofrece el Espacio Rural San Feliz, ubicados en la pintoresca aldea de San Feliz","breadcrumb":{"@id":"https:\/\/sanfeliz.es\/alojamientos-rurales-en-oviedo-san-feliz\/#breadcrumb"},"inLanguage":"en-GB","potentialAction":[{"@type":"ReadAction","target":["https:\/\/sanfeliz.es\/alojamientos-rurales-en-oviedo-san-feliz\/"]}]},{"@type":"ImageObject","inLanguage":"en-GB","@id":"https:\/\/sanfeliz.es\/alojamientos-rurales-en-oviedo-san-feliz\/#primaryimage","url":"https:\/\/sanfeliz.es\/wp-content\/uploads\/2025\/02\/galeria-1-1024x575.jpg","contentUrl":"https:\/\/sanfeliz.es\/wp-content\/uploads\/2025\/02\/galeria-1-1024x575.jpg"},{"@type":"BreadcrumbList","@id":"https:\/\/sanfeliz.es\/alojamientos-rurales-en-oviedo-san-feliz\/#breadcrumb","itemListElement":[{"@type":"ListItem","position":1,"name":"Portada","item":"https:\/\/sanfeliz.es\/"},{"@type":"ListItem","position":2,"name":"Alojamientos rurales en Oviedo San Feliz"}]},{"@type":"WebSite","@id":"https:\/\/sanfeliz.es\/#website","url":"https:\/\/sanfeliz.es\/","name":"Espacio Rural San Feliz","description":"Apartamentos rurales San feliz","publisher":{"@id":"https:\/\/sanfeliz.es\/#organization"},"potentialAction":[{"@type":"SearchAction","target":{"@type":"EntryPoint","urlTemplate":"https:\/\/sanfeliz.es\/?s={search_term_string}"},"query-input":{"@type":"PropertyValueSpecification","valueRequired":true,"valueName":"search_term_string"}}],"inLanguage":"en-GB"},{"@type":"Organization","@id":"https:\/\/sanfeliz.es\/#organization","name":"Espacio Rural San Feliz","url":"https:\/\/sanfeliz.es\/","logo":{"@type":"ImageObject","inLanguage":"en-GB","@id":"https:\/\/sanfeliz.es\/#\/schema\/logo\/image\/","url":"https:\/\/sanfeliz.es\/wp-content\/uploads\/2023\/09\/logo-san-feliz-web.png","contentUrl":"https:\/\/sanfeliz.es\/wp-content\/uploads\/2023\/09\/logo-san-feliz-web.png","width":350,"height":124,"caption":"Espacio Rural San Feliz"},"image":{"@id":"https:\/\/sanfeliz.es\/#\/schema\/logo\/image\/"}}]}},"_links":{"self":[{"href":"https:\/\/sanfeliz.es\/en\/wp-json\/wp\/v2\/pages\/2905","targetHints":{"allow":["GET"]}}],"collection":[{"href":"https:\/\/sanfeliz.es\/en\/wp-json\/wp\/v2\/pages"}],"about":[{"href":"https:\/\/sanfeliz.es\/en\/wp-json\/wp\/v2\/types\/page"}],"author":[{"embeddable":true,"href":"https:\/\/sanfeliz.es\/en\/wp-json\/wp\/v2\/users\/5"}],"replies":[{"embeddable":true,"href":"https:\/\/sanfeliz.es\/en\/wp-json\/wp\/v2\/comments?post=2905"}],"version-history":[{"count":0,"href":"https:\/\/sanfeliz.es\/en\/wp-json\/wp\/v2\/pages\/2905\/revisions"}],"wp:attachment":[{"href":"https:\/\/sanfeliz.es\/en\/wp-json\/wp\/v2\/media?parent=2905"}],"curies":[{"name":"wp","href":"https:\/\/api.w.org\/{rel}","templated":true}]}}