{"id":2919,"date":"2025-06-18T13:38:15","date_gmt":"2025-06-18T11:38:15","guid":{"rendered":"https:\/\/sanfeliz.es\/?page_id=2919"},"modified":"2025-06-18T13:49:32","modified_gmt":"2025-06-18T11:49:32","slug":"casa-rural-en-oviedo","status":"publish","type":"page","link":"https:\/\/sanfeliz.es\/en\/casa-rural-en-oviedo\/","title":{"rendered":"Casa Rural en Oviedo"},"content":{"rendered":"<div data-elementor-type=\"wp-page\" data-elementor-id=\"2919\" class=\"elementor elementor-2919\" data-elementor-post-type=\"page\">\n\t\t\t\t<div class=\"elementor-element elementor-element-41438088 e-flex e-con-boxed e-con e-parent\" data-id=\"41438088\" data-element_type=\"container\" data-e-type=\"container\">\n\t\t\t\t\t<div class=\"e-con-inner\">\n\t\t\t\t\t<\/div>\n\t\t\t\t<\/div>\n\t\t<div class=\"elementor-element elementor-element-f0d6d28 e-flex e-con-boxed e-con e-parent\" data-id=\"f0d6d28\" data-element_type=\"container\" data-e-type=\"container\">\n\t\t\t\t\t<div class=\"e-con-inner\">\n\t\t<div class=\"elementor-element elementor-element-e070eb4 e-con-full e-flex e-con e-child\" data-id=\"e070eb4\" data-element_type=\"container\" data-e-type=\"container\">\n\t\t\t\t<div class=\"elementor-element elementor-element-57d9278 elementor-widget elementor-widget-text-editor\" data-id=\"57d9278\" data-element_type=\"widget\" data-e-type=\"widget\" data-widget_type=\"text-editor.default\">\n\t\t\t\t<div class=\"elementor-widget-container\">\n\t\t\t\t\t\t\t\t\t<p>Descubre la <strong data-start=\"93\" data-end=\"117\">Casa rural en Oviedo<\/strong> perfecta para una escapada inolvidable en Asturias. En <a href=\"https:\/\/sanfeliz.es\/en\/\">Espacio Rural San Feliz<\/a>, contamos con tres <strong data-start=\"216\" data-end=\"232\">apartamentos<\/strong> \u00fanicos, combinando encanto t\u00edpico asturiano, comodidad moderna y un entorno natural espectacular.<\/p>\t\t\t\t\t\t\t\t<\/div>\n\t\t\t\t<\/div>\n\t\t\t\t<\/div>\n\t\t<div class=\"elementor-element elementor-element-7f02c2d e-con-full e-flex e-con e-child\" data-id=\"7f02c2d\" data-element_type=\"container\" data-e-type=\"container\">\n\t\t\t\t<div class=\"elementor-element elementor-element-0bbf53a elementor-widget elementor-widget-image\" data-id=\"0bbf53a\" data-element_type=\"widget\" data-e-type=\"widget\" data-widget_type=\"image.default\">\n\t\t\t\t<div class=\"elementor-widget-container\">\n\t\t\t\t\t\t\t\t\t\t\t\t\t\t\t<img fetchpriority=\"high\" decoding=\"async\" width=\"800\" height=\"531\" src=\"https:\/\/sanfeliz.es\/wp-content\/uploads\/2025\/02\/galeria-9-1024x680.jpg\" class=\"attachment-large size-large wp-image-2697\" alt=\"Casa Rural Oviedo\" srcset=\"https:\/\/sanfeliz.es\/wp-content\/uploads\/2025\/02\/galeria-9-1024x680.jpg 1024w, https:\/\/sanfeliz.es\/wp-content\/uploads\/2025\/02\/galeria-9-300x199.jpg 300w, https:\/\/sanfeliz.es\/wp-content\/uploads\/2025\/02\/galeria-9-768x510.jpg 768w, https:\/\/sanfeliz.es\/wp-content\/uploads\/2025\/02\/galeria-9-18x12.jpg 18w, https:\/\/sanfeliz.es\/wp-content\/uploads\/2025\/02\/galeria-9.jpg 1200w\" sizes=\"(max-width: 800px) 100vw, 800px\" \/>\t\t\t\t\t\t\t\t\t\t\t\t\t\t\t<\/div>\n\t\t\t\t<\/div>\n\t\t\t\t<div class=\"elementor-element elementor-element-541429d elementor-widget elementor-widget-spacer\" data-id=\"541429d\" data-element_type=\"widget\" data-e-type=\"widget\" data-widget_type=\"spacer.default\">\n\t\t\t\t<div class=\"elementor-widget-container\">\n\t\t\t\t\t\t\t<div class=\"elementor-spacer\">\n\t\t\t<div class=\"elementor-spacer-inner\"><\/div>\n\t\t<\/div>\n\t\t\t\t\t\t<\/div>\n\t\t\t\t<\/div>\n\t\t\t\t<\/div>\n\t\t\t\t\t<\/div>\n\t\t\t\t<\/div>\n\t\t<div class=\"elementor-element elementor-element-41adba9 e-flex e-con-boxed e-con e-parent\" data-id=\"41adba9\" data-element_type=\"container\" data-e-type=\"container\">\n\t\t\t\t\t<div class=\"e-con-inner\">\n\t\t<div class=\"elementor-element elementor-element-0de30d8 e-con-full e-flex e-con e-child\" data-id=\"0de30d8\" data-element_type=\"container\" data-e-type=\"container\">\n\t\t\t\t<div class=\"elementor-element elementor-element-b444787 elementor-widget elementor-widget-text-editor\" data-id=\"b444787\" data-element_type=\"widget\" data-e-type=\"widget\" data-widget_type=\"text-editor.default\">\n\t\t\t\t<div class=\"elementor-widget-container\">\n\t\t\t\t\t\t\t\t\t<h2 data-start=\"332\" data-end=\"374\">Apartamentos en Espacio Rural San Feliz<\/h2>\n<h3 data-start=\"376\" data-end=\"409\">Rebochal Deluxe Apartment<\/h3>\n<p data-start=\"410\" data-end=\"1062\">La estrella de nuestra <strong data-start=\"433\" data-end=\"457\">Casa rural en Oviedo<\/strong>, este apartamento de dos plantas ofrece un ambiente acogedor y r\u00fastico. Con capacidad para 4 personas, incluye <strong data-start=\"569\" data-end=\"590\">paredes de piedra<\/strong>, <strong data-start=\"592\" data-end=\"614\">acabados en madera<\/strong>, chimenea de le\u00f1a, amplia terraza cubierta con vistas a la Sierra del Aramo, mobiliario exterior y un peque\u00f1o huerto. La cocina est\u00e1 totalmente equipada: varias cafeteras (Nespresso y de filtro), horno, tostadora y microondas. El ba\u00f1o con ba\u00f1era y los detalles eco\u2011friendly (secador, champ\u00fa, gel ecol\u00f3gico, cubos de reciclaje) garantizan confort y sostenibilidad. Adem\u00e1s, es <strong data-start=\"990\" data-end=\"1006\">dog\u2011friendly<\/strong> y dispone de enchufes junto a la cama y juegos de mesa.<\/p>\n<h3 data-start=\"1064\" data-end=\"1094\">Reguera Cozy Apartment<\/h3>\n<p data-start=\"1095\" data-end=\"1453\">Ideal para 2\u20113 personas, este espacio mantiene la esencia de la <strong data-start=\"1159\" data-end=\"1183\">Casa rural en Oviedo<\/strong>: piedra, madera y chimenea. Disfrutar\u00e1s de vistas a la monta\u00f1a desde su terraza cubierta, cocina equipada, amenities ecol\u00f3gicos, secador, ba\u00f1era, enchufes junto a la cama y reciclaje. Tambi\u00e9n admitimos mascotas, por lo que podr\u00e1s venir con tu compa\u00f1ero de cuatro patas.<\/p>\n<h3 data-start=\"1455\" data-end=\"1486\">Rib\u00f3 Standard Apartment<\/h3>\n<p data-start=\"1487\" data-end=\"1891\">Pensado para grupos o familias de hasta 4 personas, combina dos plantas, chimenea, cocina completa con varias cafeteras, librer\u00eda, juegos de mesa y ba\u00f1o con ba\u00f1era. La decoraci\u00f3n r\u00fastica y la vista a la Sierra del Aramo lo hacen ideal para aquellos que buscan la t\u00edpica <strong data-start=\"1757\" data-end=\"1781\">Casa rural en Oviedo<\/strong> con todas las comodidades modernas. Como en los dem\u00e1s, es <strong data-start=\"1840\" data-end=\"1856\">dog\u2011friendly<\/strong> y cuenta con detalles sostenibles.<\/p>\t\t\t\t\t\t\t\t<\/div>\n\t\t\t\t<\/div>\n\t\t\t\t<\/div>\n\t\t\t\t\t<\/div>\n\t\t\t\t<\/div>\n\t\t<div class=\"elementor-element elementor-element-7154c26 e-flex e-con-boxed e-con e-parent\" data-id=\"7154c26\" data-element_type=\"container\" data-e-type=\"container\">\n\t\t\t\t\t<div class=\"e-con-inner\">\n\t\t<div class=\"elementor-element elementor-element-97a2436 e-con-full e-flex e-con e-child\" data-id=\"97a2436\" data-element_type=\"container\" data-e-type=\"container\">\n\t\t\t\t<div class=\"elementor-element elementor-element-ebc7009 elementor-widget elementor-widget-image\" data-id=\"ebc7009\" data-element_type=\"widget\" data-e-type=\"widget\" data-widget_type=\"image.default\">\n\t\t\t\t<div class=\"elementor-widget-container\">\n\t\t\t\t\t\t\t\t\t\t\t\t\t\t\t<img decoding=\"async\" width=\"800\" height=\"534\" src=\"https:\/\/sanfeliz.es\/wp-content\/uploads\/2025\/01\/fondo-CTA-1024x683.jpg\" class=\"attachment-large size-large wp-image-2471\" alt=\"Casa rural en Oviedo\" srcset=\"https:\/\/sanfeliz.es\/wp-content\/uploads\/2025\/01\/fondo-CTA-1024x683.jpg 1024w, https:\/\/sanfeliz.es\/wp-content\/uploads\/2025\/01\/fondo-CTA-300x200.jpg 300w, https:\/\/sanfeliz.es\/wp-content\/uploads\/2025\/01\/fondo-CTA-768x512.jpg 768w, https:\/\/sanfeliz.es\/wp-content\/uploads\/2025\/01\/fondo-CTA-1536x1024.jpg 1536w, https:\/\/sanfeliz.es\/wp-content\/uploads\/2025\/01\/fondo-CTA.jpg 1600w\" sizes=\"(max-width: 800px) 100vw, 800px\" \/>\t\t\t\t\t\t\t\t\t\t\t\t\t\t\t<\/div>\n\t\t\t\t<\/div>\n\t\t\t\t<\/div>\n\t\t\t\t\t<\/div>\n\t\t\t\t<\/div>\n\t\t<div class=\"elementor-element elementor-element-b668e86 e-flex e-con-boxed e-con e-parent\" data-id=\"b668e86\" data-element_type=\"container\" data-e-type=\"container\">\n\t\t\t\t\t<div class=\"e-con-inner\">\n\t\t<div class=\"elementor-element elementor-element-731e82c e-con-full e-flex e-con e-child\" data-id=\"731e82c\" data-element_type=\"container\" data-e-type=\"container\">\n\t\t\t\t<div class=\"elementor-element elementor-element-3f62ed2 elementor-widget elementor-widget-spacer\" data-id=\"3f62ed2\" data-element_type=\"widget\" data-e-type=\"widget\" data-widget_type=\"spacer.default\">\n\t\t\t\t<div class=\"elementor-widget-container\">\n\t\t\t\t\t\t\t<div class=\"elementor-spacer\">\n\t\t\t<div class=\"elementor-spacer-inner\"><\/div>\n\t\t<\/div>\n\t\t\t\t\t\t<\/div>\n\t\t\t\t<\/div>\n\t\t\t\t<div class=\"elementor-element elementor-element-1070062 elementor-widget elementor-widget-text-editor\" data-id=\"1070062\" data-element_type=\"widget\" data-e-type=\"widget\" data-widget_type=\"text-editor.default\">\n\t\t\t\t<div class=\"elementor-widget-container\">\n\t\t\t\t\t\t\t\t\t<h2 data-start=\"1893\" data-end=\"1917\">Reserva ya<\/h2>\n<ol data-start=\"1968\" data-end=\"2473\">\n<li data-start=\"1968\" data-end=\"2106\">\n<p data-start=\"1971\" data-end=\"2106\"><strong data-start=\"1971\" data-end=\"2008\">Selecciona el apartamento deseado<\/strong>: Rebochal Deluxe, Reguera Cozy o Rib\u00f3 Est\u00e1ndar, seg\u00fan tus necesidades y la capacidad de personas.<\/p>\n<\/li>\n<li data-start=\"2107\" data-end=\"2211\">\n<p data-start=\"2110\" data-end=\"2211\"><strong data-start=\"2110\" data-end=\"2136\">Haz clic en \u201cRESERVAR\u201d<\/strong>: en la ficha de cada apartamento en nuestra web podr\u00e1s ver disponibilidad.<\/p>\n<\/li>\n<li data-start=\"2212\" data-end=\"2284\">\n<p data-start=\"2215\" data-end=\"2284\"><a href=\"https:\/\/sanfeliz.es\/en\/reservas\/reservas.html\/?undefined&amp;id_idioma=1\"><strong data-start=\"2215\" data-end=\"2240\">Rellena el formulario<\/strong><\/a> con tus datos y fechas de entrada y salida.<\/p>\n<\/li>\n<li data-start=\"2285\" data-end=\"2365\">\n<p data-start=\"2288\" data-end=\"2365\"><strong data-start=\"2288\" data-end=\"2311\">Confirma tu reserva<\/strong> y realiza el pago mediante los m\u00e9todos disponibles.<\/p>\n<\/li>\n<li data-start=\"2366\" data-end=\"2473\">\n<p data-start=\"2369\" data-end=\"2473\">Recibir\u00e1s un <strong data-start=\"2382\" data-end=\"2407\">email de confirmaci\u00f3n<\/strong> con toda la informaci\u00f3n sobre tu estancia, llegada y c\u00f3mo llegar.<\/p>\n<\/li>\n<\/ol>\n<p data-start=\"2475\" data-end=\"2631\">Tambi\u00e9n puedes reservar directamente contactando con nosotros por <strong data-start=\"2541\" data-end=\"2550\">email<\/strong> (<a class=\"cursor-pointer\" rel=\"noopener\" data-start=\"2552\" data-end=\"2568\">info@sanfeliz.es<\/a>) o <strong data-start=\"2572\" data-end=\"2593\">WhatsApp\/tel\u00e9fono<\/strong> al +34 696 635 611 o +34 985 490 297.<\/p>\t\t\t\t\t\t\t\t<\/div>\n\t\t\t\t<\/div>\n\t\t\t\t<\/div>\n\t\t\t\t\t<\/div>\n\t\t\t\t<\/div>\n\t\t\t\t<\/div>","protected":false},"excerpt":{"rendered":"<p>Descubre la Casa rural en Oviedo perfecta para una escapada inolvidable en Asturias. En Espacio Rural San Feliz, contamos con tres apartamentos \u00fanicos, combinando encanto t\u00edpico asturiano, comodidad moderna y un entorno natural espectacular. Apartamentos en Espacio Rural San Feliz Apartamento Rebochal Deluxe La estrella de nuestra Casa rural en Oviedo, este apartamento de dos [&hellip;]<\/p>\n","protected":false},"author":5,"featured_media":0,"parent":0,"menu_order":0,"comment_status":"closed","ping_status":"closed","template":"","meta":{"footnotes":""},"class_list":["post-2919","page","type-page","status-publish","hentry"],"yoast_head":"<!-- This site is optimized with the Yoast SEO plugin v27.5 - https:\/\/yoast.com\/product\/yoast-seo-wordpress\/ -->\n<title>Casa Rural en Oviedo - Espacio Rural San Feliz<\/title>\n<meta name=\"description\" content=\"Si buscas una Casa Rural en Oviedo que combine tranquilidad, naturaleza y f\u00e1cil acceso a Oviedo, Espacio Rural San Feliz es tu destino ideal.\" \/>\n<meta name=\"robots\" content=\"index, follow, max-snippet:-1, max-image-preview:large, max-video-preview:-1\" \/>\n<link rel=\"canonical\" href=\"https:\/\/sanfeliz.es\/en\/casa-rural-en-oviedo\/\" \/>\n<meta property=\"og:locale\" content=\"en_GB\" \/>\n<meta property=\"og:type\" content=\"article\" \/>\n<meta property=\"og:title\" content=\"Casa Rural en Oviedo - Espacio Rural San Feliz\" \/>\n<meta property=\"og:description\" content=\"Si buscas una Casa Rural en Oviedo que combine tranquilidad, naturaleza y f\u00e1cil acceso a Oviedo, Espacio Rural San Feliz es tu destino ideal.\" \/>\n<meta property=\"og:url\" content=\"https:\/\/sanfeliz.es\/en\/casa-rural-en-oviedo\/\" \/>\n<meta property=\"og:site_name\" content=\"Espacio Rural San Feliz\" \/>\n<meta property=\"article:modified_time\" content=\"2025-06-18T11:49:32+00:00\" \/>\n<meta property=\"og:image\" content=\"https:\/\/sanfeliz.es\/wp-content\/uploads\/2025\/02\/galeria-9.jpg\" \/>\n\t<meta property=\"og:image:width\" content=\"1200\" \/>\n\t<meta property=\"og:image:height\" content=\"797\" \/>\n\t<meta property=\"og:image:type\" content=\"image\/jpeg\" \/>\n<meta name=\"twitter:card\" content=\"summary_large_image\" \/>\n<meta name=\"twitter:label1\" content=\"Estimated reading time\" \/>\n\t<meta name=\"twitter:data1\" content=\"3 minutes\" \/>\n<script type=\"application\/ld+json\" class=\"yoast-schema-graph\">{\"@context\":\"https:\\\/\\\/schema.org\",\"@graph\":[{\"@type\":\"WebPage\",\"@id\":\"https:\\\/\\\/sanfeliz.es\\\/casa-rural-en-oviedo\\\/\",\"url\":\"https:\\\/\\\/sanfeliz.es\\\/casa-rural-en-oviedo\\\/\",\"name\":\"Casa Rural en Oviedo - Espacio Rural San Feliz\",\"isPartOf\":{\"@id\":\"https:\\\/\\\/sanfeliz.es\\\/#website\"},\"primaryImageOfPage\":{\"@id\":\"https:\\\/\\\/sanfeliz.es\\\/casa-rural-en-oviedo\\\/#primaryimage\"},\"image\":{\"@id\":\"https:\\\/\\\/sanfeliz.es\\\/casa-rural-en-oviedo\\\/#primaryimage\"},\"thumbnailUrl\":\"https:\\\/\\\/sanfeliz.es\\\/wp-content\\\/uploads\\\/2025\\\/02\\\/galeria-9-1024x680.jpg\",\"datePublished\":\"2025-06-18T11:38:15+00:00\",\"dateModified\":\"2025-06-18T11:49:32+00:00\",\"description\":\"Si buscas una Casa Rural en Oviedo que combine tranquilidad, naturaleza y f\u00e1cil acceso a Oviedo, Espacio Rural San Feliz es tu destino ideal.\",\"breadcrumb\":{\"@id\":\"https:\\\/\\\/sanfeliz.es\\\/casa-rural-en-oviedo\\\/#breadcrumb\"},\"inLanguage\":\"en-GB\",\"potentialAction\":[{\"@type\":\"ReadAction\",\"target\":[\"https:\\\/\\\/sanfeliz.es\\\/casa-rural-en-oviedo\\\/\"]}]},{\"@type\":\"ImageObject\",\"inLanguage\":\"en-GB\",\"@id\":\"https:\\\/\\\/sanfeliz.es\\\/casa-rural-en-oviedo\\\/#primaryimage\",\"url\":\"https:\\\/\\\/sanfeliz.es\\\/wp-content\\\/uploads\\\/2025\\\/02\\\/galeria-9-1024x680.jpg\",\"contentUrl\":\"https:\\\/\\\/sanfeliz.es\\\/wp-content\\\/uploads\\\/2025\\\/02\\\/galeria-9-1024x680.jpg\"},{\"@type\":\"BreadcrumbList\",\"@id\":\"https:\\\/\\\/sanfeliz.es\\\/casa-rural-en-oviedo\\\/#breadcrumb\",\"itemListElement\":[{\"@type\":\"ListItem\",\"position\":1,\"name\":\"Portada\",\"item\":\"https:\\\/\\\/sanfeliz.es\\\/\"},{\"@type\":\"ListItem\",\"position\":2,\"name\":\"Casa Rural en Oviedo\"}]},{\"@type\":\"WebSite\",\"@id\":\"https:\\\/\\\/sanfeliz.es\\\/#website\",\"url\":\"https:\\\/\\\/sanfeliz.es\\\/\",\"name\":\"Espacio Rural San Feliz\",\"description\":\"Apartamentos rurales San feliz\",\"publisher\":{\"@id\":\"https:\\\/\\\/sanfeliz.es\\\/#organization\"},\"potentialAction\":[{\"@type\":\"SearchAction\",\"target\":{\"@type\":\"EntryPoint\",\"urlTemplate\":\"https:\\\/\\\/sanfeliz.es\\\/?s={search_term_string}\"},\"query-input\":{\"@type\":\"PropertyValueSpecification\",\"valueRequired\":true,\"valueName\":\"search_term_string\"}}],\"inLanguage\":\"en-GB\"},{\"@type\":\"Organization\",\"@id\":\"https:\\\/\\\/sanfeliz.es\\\/#organization\",\"name\":\"Espacio Rural San Feliz\",\"url\":\"https:\\\/\\\/sanfeliz.es\\\/\",\"logo\":{\"@type\":\"ImageObject\",\"inLanguage\":\"en-GB\",\"@id\":\"https:\\\/\\\/sanfeliz.es\\\/#\\\/schema\\\/logo\\\/image\\\/\",\"url\":\"https:\\\/\\\/sanfeliz.es\\\/wp-content\\\/uploads\\\/2023\\\/09\\\/logo-san-feliz-web.png\",\"contentUrl\":\"https:\\\/\\\/sanfeliz.es\\\/wp-content\\\/uploads\\\/2023\\\/09\\\/logo-san-feliz-web.png\",\"width\":350,\"height\":124,\"caption\":\"Espacio Rural San Feliz\"},\"image\":{\"@id\":\"https:\\\/\\\/sanfeliz.es\\\/#\\\/schema\\\/logo\\\/image\\\/\"}}]}<\/script>\n<!-- \/ Yoast SEO plugin. -->","yoast_head_json":{"title":"Casa Rural en Oviedo - Espacio Rural San Feliz","description":"Si buscas una Casa Rural en Oviedo que combine tranquilidad, naturaleza y f\u00e1cil acceso a Oviedo, Espacio Rural San Feliz es tu destino ideal.","robots":{"index":"index","follow":"follow","max-snippet":"max-snippet:-1","max-image-preview":"max-image-preview:large","max-video-preview":"max-video-preview:-1"},"canonical":"https:\/\/sanfeliz.es\/en\/casa-rural-en-oviedo\/","og_locale":"en_GB","og_type":"article","og_title":"Casa Rural en Oviedo - Espacio Rural San Feliz","og_description":"Si buscas una Casa Rural en Oviedo que combine tranquilidad, naturaleza y f\u00e1cil acceso a Oviedo, Espacio Rural San Feliz es tu destino ideal.","og_url":"https:\/\/sanfeliz.es\/en\/casa-rural-en-oviedo\/","og_site_name":"Espacio Rural San Feliz","article_modified_time":"2025-06-18T11:49:32+00:00","og_image":[{"width":1200,"height":797,"url":"https:\/\/sanfeliz.es\/wp-content\/uploads\/2025\/02\/galeria-9.jpg","type":"image\/jpeg"}],"twitter_card":"summary_large_image","twitter_misc":{"Estimated reading time":"3 minutes"},"schema":{"@context":"https:\/\/schema.org","@graph":[{"@type":"WebPage","@id":"https:\/\/sanfeliz.es\/casa-rural-en-oviedo\/","url":"https:\/\/sanfeliz.es\/casa-rural-en-oviedo\/","name":"Casa Rural en Oviedo - Espacio Rural San Feliz","isPartOf":{"@id":"https:\/\/sanfeliz.es\/#website"},"primaryImageOfPage":{"@id":"https:\/\/sanfeliz.es\/casa-rural-en-oviedo\/#primaryimage"},"image":{"@id":"https:\/\/sanfeliz.es\/casa-rural-en-oviedo\/#primaryimage"},"thumbnailUrl":"https:\/\/sanfeliz.es\/wp-content\/uploads\/2025\/02\/galeria-9-1024x680.jpg","datePublished":"2025-06-18T11:38:15+00:00","dateModified":"2025-06-18T11:49:32+00:00","description":"Si buscas una Casa Rural en Oviedo que combine tranquilidad, naturaleza y f\u00e1cil acceso a Oviedo, Espacio Rural San Feliz es tu destino ideal.","breadcrumb":{"@id":"https:\/\/sanfeliz.es\/casa-rural-en-oviedo\/#breadcrumb"},"inLanguage":"en-GB","potentialAction":[{"@type":"ReadAction","target":["https:\/\/sanfeliz.es\/casa-rural-en-oviedo\/"]}]},{"@type":"ImageObject","inLanguage":"en-GB","@id":"https:\/\/sanfeliz.es\/casa-rural-en-oviedo\/#primaryimage","url":"https:\/\/sanfeliz.es\/wp-content\/uploads\/2025\/02\/galeria-9-1024x680.jpg","contentUrl":"https:\/\/sanfeliz.es\/wp-content\/uploads\/2025\/02\/galeria-9-1024x680.jpg"},{"@type":"BreadcrumbList","@id":"https:\/\/sanfeliz.es\/casa-rural-en-oviedo\/#breadcrumb","itemListElement":[{"@type":"ListItem","position":1,"name":"Portada","item":"https:\/\/sanfeliz.es\/"},{"@type":"ListItem","position":2,"name":"Casa Rural en Oviedo"}]},{"@type":"WebSite","@id":"https:\/\/sanfeliz.es\/#website","url":"https:\/\/sanfeliz.es\/","name":"Espacio Rural San Feliz","description":"Apartamentos rurales San feliz","publisher":{"@id":"https:\/\/sanfeliz.es\/#organization"},"potentialAction":[{"@type":"SearchAction","target":{"@type":"EntryPoint","urlTemplate":"https:\/\/sanfeliz.es\/?s={search_term_string}"},"query-input":{"@type":"PropertyValueSpecification","valueRequired":true,"valueName":"search_term_string"}}],"inLanguage":"en-GB"},{"@type":"Organization","@id":"https:\/\/sanfeliz.es\/#organization","name":"Espacio Rural San Feliz","url":"https:\/\/sanfeliz.es\/","logo":{"@type":"ImageObject","inLanguage":"en-GB","@id":"https:\/\/sanfeliz.es\/#\/schema\/logo\/image\/","url":"https:\/\/sanfeliz.es\/wp-content\/uploads\/2023\/09\/logo-san-feliz-web.png","contentUrl":"https:\/\/sanfeliz.es\/wp-content\/uploads\/2023\/09\/logo-san-feliz-web.png","width":350,"height":124,"caption":"Espacio Rural San Feliz"},"image":{"@id":"https:\/\/sanfeliz.es\/#\/schema\/logo\/image\/"}}]}},"_links":{"self":[{"href":"https:\/\/sanfeliz.es\/en\/wp-json\/wp\/v2\/pages\/2919","targetHints":{"allow":["GET"]}}],"collection":[{"href":"https:\/\/sanfeliz.es\/en\/wp-json\/wp\/v2\/pages"}],"about":[{"href":"https:\/\/sanfeliz.es\/en\/wp-json\/wp\/v2\/types\/page"}],"author":[{"embeddable":true,"href":"https:\/\/sanfeliz.es\/en\/wp-json\/wp\/v2\/users\/5"}],"replies":[{"embeddable":true,"href":"https:\/\/sanfeliz.es\/en\/wp-json\/wp\/v2\/comments?post=2919"}],"version-history":[{"count":0,"href":"https:\/\/sanfeliz.es\/en\/wp-json\/wp\/v2\/pages\/2919\/revisions"}],"wp:attachment":[{"href":"https:\/\/sanfeliz.es\/en\/wp-json\/wp\/v2\/media?parent=2919"}],"curies":[{"name":"wp","href":"https:\/\/api.w.org\/{rel}","templated":true}]}}