{"id":2949,"date":"2025-08-22T10:27:22","date_gmt":"2025-08-22T08:27:22","guid":{"rendered":"https:\/\/sanfeliz.es\/?page_id=2949"},"modified":"2025-08-22T10:31:42","modified_gmt":"2025-08-22T08:31:42","slug":"casa-rural-cerca-de-oviedo-apartamentos-rurales","status":"publish","type":"page","link":"https:\/\/sanfeliz.es\/en\/casa-rural-cerca-de-oviedo-apartamentos-rurales\/","title":{"rendered":"Casa rural cerca de Oviedo: apartamentos rurales"},"content":{"rendered":"\t\t<div data-elementor-type=\"wp-page\" data-elementor-id=\"2949\" class=\"elementor elementor-2949\" data-elementor-post-type=\"page\">\n\t\t\t\t<div class=\"elementor-element elementor-element-41438088 e-flex e-con-boxed e-con e-parent\" data-id=\"41438088\" data-element_type=\"container\" data-e-type=\"container\">\n\t\t\t\t\t<div class=\"e-con-inner\">\n\t\t\t\t<div class=\"elementor-element elementor-element-57d9278 elementor-widget elementor-widget-text-editor\" data-id=\"57d9278\" data-element_type=\"widget\" data-e-type=\"widget\" data-widget_type=\"text-editor.default\">\n\t\t\t\t<div class=\"elementor-widget-container\">\n\t\t\t\t\t\t\t\t\t<p>En <strong data-start=\"567\" data-end=\"594\">Espacio Rural San Feliz<\/strong>, te ofrecemos la mejor opci\u00f3n de <strong data-start=\"628\" data-end=\"658\">Casa rural cerca de Oviedo<\/strong> en un entorno natural y sostenible. Nuestros <strong data-start=\"704\" data-end=\"728\">Apartamentos rurales<\/strong>, dise\u00f1ados con encanto asturiano, son el lugar perfecto para disfrutar de una escapada aut\u00e9ntica sin renunciar a la comodidad. Conoce los alojamientos en nuestra p\u00e1gina de <strong data-start=\"901\" data-end=\"990\"><a class=\"decorated-link\" href=\"https:\/\/sanfeliz.es\/apartamentos-rurales-san-feliz\/\" target=\"_new\" rel=\"noopener\" data-start=\"903\" data-end=\"988\">Apartamentos rurales San Feliz<\/a><\/strong> y descubre nuestra filosof\u00eda de cuidado medioambiental en la secci\u00f3n de <strong data-start=\"1063\" data-end=\"1140\"><a class=\"decorated-link\" href=\"https:\/\/sanfeliz.es\/entorno-y-sostenibilidad\/\" target=\"_new\" rel=\"noopener\" data-start=\"1065\" data-end=\"1138\">entorno y sostenibilidad<\/a><\/strong>. Si ya est\u00e1s convencido, puedes gestionarlo f\u00e1cilmente en nuestra secci\u00f3n de <strong data-start=\"1218\" data-end=\"1276\"><a class=\"decorated-link\" href=\"https:\/\/sanfeliz.es\/reservas\/reservas.html\" target=\"_new\" rel=\"noopener\" data-start=\"1220\" data-end=\"1274\">reservas<\/a><\/strong>.<\/p>\t\t\t\t\t\t\t\t<\/div>\n\t\t\t\t<\/div>\n\t\t\t\t\t<\/div>\n\t\t\t\t<\/div>\n\t\t<div class=\"elementor-element elementor-element-f0d6d28 e-flex e-con-boxed e-con e-parent\" data-id=\"f0d6d28\" data-element_type=\"container\" data-e-type=\"container\">\n\t\t\t\t\t<div class=\"e-con-inner\">\n\t\t<div class=\"elementor-element elementor-element-7f02c2d e-con-full e-flex e-con e-child\" data-id=\"7f02c2d\" data-element_type=\"container\" data-e-type=\"container\">\n\t\t\t\t<div class=\"elementor-element elementor-element-0bbf53a elementor-widget elementor-widget-image\" data-id=\"0bbf53a\" data-element_type=\"widget\" data-e-type=\"widget\" data-widget_type=\"image.default\">\n\t\t\t\t<div class=\"elementor-widget-container\">\n\t\t\t\t\t\t\t\t\t\t\t\t\t\t\t<img fetchpriority=\"high\" decoding=\"async\" width=\"768\" height=\"512\" src=\"https:\/\/sanfeliz.es\/wp-content\/uploads\/2024\/05\/P1221630-768x512.jpg\" class=\"attachment-medium_large size-medium_large wp-image-1865\" alt=\"Casa rural cerca de Oviedo\" srcset=\"https:\/\/sanfeliz.es\/wp-content\/uploads\/2024\/05\/P1221630-768x512.jpg 768w, https:\/\/sanfeliz.es\/wp-content\/uploads\/2024\/05\/P1221630-300x200.jpg 300w, https:\/\/sanfeliz.es\/wp-content\/uploads\/2024\/05\/P1221630-1024x683.jpg 1024w, https:\/\/sanfeliz.es\/wp-content\/uploads\/2024\/05\/P1221630-1536x1024.jpg 1536w, https:\/\/sanfeliz.es\/wp-content\/uploads\/2024\/05\/P1221630.jpg 1920w\" sizes=\"(max-width: 768px) 100vw, 768px\" \/>\t\t\t\t\t\t\t\t\t\t\t\t\t\t\t<\/div>\n\t\t\t\t<\/div>\n\t\t\t\t<div class=\"elementor-element elementor-element-541429d elementor-widget elementor-widget-spacer\" data-id=\"541429d\" data-element_type=\"widget\" data-e-type=\"widget\" data-widget_type=\"spacer.default\">\n\t\t\t\t<div class=\"elementor-widget-container\">\n\t\t\t\t\t\t\t<div class=\"elementor-spacer\">\n\t\t\t<div class=\"elementor-spacer-inner\"><\/div>\n\t\t<\/div>\n\t\t\t\t\t\t<\/div>\n\t\t\t\t<\/div>\n\t\t\t\t<\/div>\n\t\t\t\t\t<\/div>\n\t\t\t\t<\/div>\n\t\t<div class=\"elementor-element elementor-element-41adba9 e-flex e-con-boxed e-con e-parent\" data-id=\"41adba9\" data-element_type=\"container\" data-e-type=\"container\">\n\t\t\t\t\t<div class=\"e-con-inner\">\n\t\t<div class=\"elementor-element elementor-element-0de30d8 e-con-full e-flex e-con e-child\" data-id=\"0de30d8\" data-element_type=\"container\" data-e-type=\"container\">\n\t\t\t\t<div class=\"elementor-element elementor-element-5881719 elementor-widget elementor-widget-spacer\" data-id=\"5881719\" data-element_type=\"widget\" data-e-type=\"widget\" data-widget_type=\"spacer.default\">\n\t\t\t\t<div class=\"elementor-widget-container\">\n\t\t\t\t\t\t\t<div class=\"elementor-spacer\">\n\t\t\t<div class=\"elementor-spacer-inner\"><\/div>\n\t\t<\/div>\n\t\t\t\t\t\t<\/div>\n\t\t\t\t<\/div>\n\t\t\t\t<div class=\"elementor-element elementor-element-b444787 elementor-widget elementor-widget-text-editor\" data-id=\"b444787\" data-element_type=\"widget\" data-e-type=\"widget\" data-widget_type=\"text-editor.default\">\n\t\t\t\t<div class=\"elementor-widget-container\">\n\t\t\t\t\t\t\t\t\t<h2 data-start=\"1284\" data-end=\"1335\">Tipolog\u00eda de nuestros Apartamentos rurales<\/h2><h3 data-start=\"1337\" data-end=\"1378\">Apartamento <strong data-start=\"1359\" data-end=\"1378\">Rebochal Deluxe<\/strong><\/h3><p data-start=\"1379\" data-end=\"2045\">El <strong data-start=\"1382\" data-end=\"1413\">Apartamento Rebochal Deluxe<\/strong> es una de nuestras joyas: de dos plantas, arquitectura t\u00edpica asturiana con piedra y madera, capacidad para 4 personas, y una terraza cubierta ideal para relajarse y admirar la Sierra del Aramo. Dispone de chimenea de le\u00f1a, cocina equipada (cafetera, microondas, horno, tostadora\u2026), librer\u00eda, juegos de mesa, ba\u00f1o con ba\u00f1era y amenities eco. Adem\u00e1s, es <strong data-start=\"1767\" data-end=\"1783\">dog-friendly<\/strong>, lo que lo convierte en una excelente opci\u00f3n si buscas una <strong data-start=\"1843\" data-end=\"1873\">Casa rural cerca de Oviedo<\/strong> donde viajar con tus mascotas.<\/p><h3 data-start=\"2047\" data-end=\"2085\">Apartamento <strong data-start=\"2069\" data-end=\"2085\">Reguera Cozy<\/strong><\/h3><p data-start=\"2086\" data-end=\"2577\">Con capacidad para 3 personas, este acogedor alojamiento conserva la construcci\u00f3n tradicional asturiana, vistas a la monta\u00f1a y terraza privada. Est\u00e1 completamente equipado, con chimenea de le\u00f1a, cafeteras <strong data-start=\"2291\" data-end=\"2304\">Nespresso<\/strong>, cubos de reciclaje, amenities ecol\u00f3gicos, secador de pelo y ba\u00f1o con ba\u00f1era. Es tambi\u00e9n <strong data-start=\"2394\" data-end=\"2410\">dog-friendly<\/strong>, ideal para parejas con mascota.\u00a0<\/p><h3 data-start=\"2579\" data-end=\"2618\">Apartamento <strong data-start=\"2601\" data-end=\"2618\">Rib\u00f3 Est\u00e1ndar<\/strong><\/h3><p data-start=\"2619\" data-end=\"3072\">Otro de nuestros <strong data-start=\"2636\" data-end=\"2660\">Apartamentos rurales<\/strong> de dos plantas, ideal para familias o grupos de 4 personas. Con paredes de piedra, vigas de madera, chimenea y cocina equipada, ofrece librer\u00eda, juegos de mesa, vistas maravillosas y todas las comodidades para una estancia relajada. Tambi\u00e9n es <strong data-start=\"2905\" data-end=\"2921\">dog-friendly<\/strong>. Todas las caracter\u00edsticas est\u00e1n detalladas en la p\u00e1gina de <strong data-start=\"2982\" data-end=\"3071\"><a class=\"decorated-link\" href=\"https:\/\/sanfeliz.es\/apartamentos-rurales-san-feliz\/\" target=\"_new\" rel=\"noopener\" data-start=\"2984\" data-end=\"3069\">Apartamentos rurales San Feliz<\/a><\/strong>.<\/p>\t\t\t\t\t\t\t\t<\/div>\n\t\t\t\t<\/div>\n\t\t\t\t<\/div>\n\t\t\t\t\t<\/div>\n\t\t\t\t<\/div>\n\t\t<div class=\"elementor-element elementor-element-b668e86 e-flex e-con-boxed e-con e-parent\" data-id=\"b668e86\" data-element_type=\"container\" data-e-type=\"container\">\n\t\t\t\t\t<div class=\"e-con-inner\">\n\t\t<div class=\"elementor-element elementor-element-731e82c e-con-full e-flex e-con e-child\" data-id=\"731e82c\" data-element_type=\"container\" data-e-type=\"container\">\n\t\t\t\t<div class=\"elementor-element elementor-element-3f62ed2 elementor-widget elementor-widget-spacer\" data-id=\"3f62ed2\" data-element_type=\"widget\" data-e-type=\"widget\" data-widget_type=\"spacer.default\">\n\t\t\t\t<div class=\"elementor-widget-container\">\n\t\t\t\t\t\t\t<div class=\"elementor-spacer\">\n\t\t\t<div class=\"elementor-spacer-inner\"><\/div>\n\t\t<\/div>\n\t\t\t\t\t\t<\/div>\n\t\t\t\t<\/div>\n\t\t\t\t<\/div>\n\t\t\t\t\t<\/div>\n\t\t\t\t<\/div>\n\t\t<div class=\"elementor-element elementor-element-bda33bc e-flex e-con-boxed e-con e-parent\" data-id=\"bda33bc\" data-element_type=\"container\" data-e-type=\"container\">\n\t\t\t\t\t<div class=\"e-con-inner\">\n\t\t<div class=\"elementor-element elementor-element-b69bfe2 e-con-full e-flex e-con e-child\" data-id=\"b69bfe2\" data-element_type=\"container\" data-e-type=\"container\">\n\t\t\t\t<div class=\"elementor-element elementor-element-fa328f3 elementor-widget elementor-widget-text-editor\" data-id=\"fa328f3\" data-element_type=\"widget\" data-e-type=\"widget\" data-widget_type=\"text-editor.default\">\n\t\t\t\t<div class=\"elementor-widget-container\">\n\t\t\t\t\t\t\t\t\t<h2 data-start=\"3079\" data-end=\"3163\">Entorno y sostenibilidad: la otra cara de nuestra Casa rural cerca de Oviedo<\/h2><p data-start=\"3165\" data-end=\"3709\">Nuestro compromiso va m\u00e1s all\u00e1 de la comodidad de nuestros clientes. En <strong data-start=\"3237\" data-end=\"3264\">Espacio Rural San Feliz<\/strong>, vivimos y promovemos la <strong data-start=\"3290\" data-end=\"3308\">sostenibilidad<\/strong> en cada detalle, desde el uso de <strong data-start=\"3342\" data-end=\"3359\">bombillas LED<\/strong> hasta el aprovechamiento de <strong data-start=\"3388\" data-end=\"3409\">energ\u00eda renovable<\/strong>, que cubre casi la mitad de nuestro consumo energ\u00e9tico <span class=\"\" data-state=\"closed\"><span class=\"ms-1 inline-flex max-w-full items-center relative top-[-0.094rem] animate-[show_150ms_ease-in]\" data-testid=\"webpage-citation-pill\"><a class=\"flex h-4.5 overflow-hidden rounded-xl px-2 text-[9px] font-medium text-token-text-secondary! bg-[#F4F4F4]! dark:bg-[#303030]! transition-colors duration-150 ease-in-out\" href=\"https:\/\/sanfeliz.es\/entorno-y-sostenibilidad\/\" target=\"_blank\" rel=\"noopener\"><span class=\"relative start-0 bottom-0 flex h-full w-full items-center\"><span class=\"flex h-4 w-full items-center justify-between overflow-hidden\"><span class=\"max-w-full grow truncate overflow-hidden text-center\">Espacio Rural San Feliz<\/span><\/span><\/span><\/a><\/span><\/span>. Adem\u00e1s, recogemos agua de lluvia para regar nuestras plantas y el huerto del Rebochal, donde puedes recolectar hierbas arom\u00e1ticas para preparar tus propias infusiones.<\/p><p data-start=\"3711\" data-end=\"4045\">Todos nuestros <strong data-start=\"3726\" data-end=\"3750\">Apartamentos rurales<\/strong> incluyen cubos de reciclaje y recipientes para aceite usado, fomentando pr\u00e1cticas responsables <span class=\"\" data-state=\"closed\"><span class=\"ms-1 inline-flex max-w-full items-center relative top-[-0.094rem] animate-[show_150ms_ease-in]\" data-testid=\"webpage-citation-pill\"><a class=\"flex h-4.5 overflow-hidden rounded-xl px-2 text-[9px] font-medium text-token-text-secondary! bg-[#F4F4F4]! dark:bg-[#303030]! transition-colors duration-150 ease-in-out\" href=\"https:\/\/sanfeliz.es\/entorno-y-sostenibilidad\/\" target=\"_blank\" rel=\"noopener\"><span class=\"relative start-0 bottom-0 flex h-full w-full items-center\"><span class=\"flex h-4 w-full items-center justify-between overflow-hidden\"><span class=\"max-w-full grow truncate overflow-hidden text-center\">Espacio Rural San Feliz<\/span><\/span><\/span><\/a><\/span><\/span>. Los productos de cortes\u00eda son eco y veganos (Naturals Remedies), y apoyamos el comercio local con productos de proximidad.<\/p><p data-start=\"4047\" data-end=\"4352\">Adem\u00e1s, en cada apartamento encontrar\u00e1s recomendaciones para realizar turismo sostenible, visitando lugares como el <strong data-start=\"4163\" data-end=\"4200\">Parque Natural Las Ubi\u00f1as-La Mesa<\/strong>, con indicaciones de buenas pr\u00e1cticas como respetar el entorno, no dejar residuos y apoyar a productores locales<\/p>\t\t\t\t\t\t\t\t<\/div>\n\t\t\t\t<\/div>\n\t\t\t\t<\/div>\n\t\t<div class=\"elementor-element elementor-element-6c7d60c e-con-full e-flex e-con e-child\" data-id=\"6c7d60c\" data-element_type=\"container\" data-e-type=\"container\">\n\t\t\t\t<div class=\"elementor-element elementor-element-9ba93fd elementor-widget elementor-widget-image\" data-id=\"9ba93fd\" data-element_type=\"widget\" data-e-type=\"widget\" data-widget_type=\"image.default\">\n\t\t\t\t<div class=\"elementor-widget-container\">\n\t\t\t\t\t\t\t\t\t\t\t\t\t\t\t<img decoding=\"async\" width=\"683\" height=\"1024\" src=\"https:\/\/sanfeliz.es\/wp-content\/uploads\/2025\/02\/galeria-7-683x1024.jpg\" class=\"attachment-large size-large wp-image-2695\" alt=\"Casa rural cerca de Oviedo\" srcset=\"https:\/\/sanfeliz.es\/wp-content\/uploads\/2025\/02\/galeria-7-683x1024.jpg 683w, https:\/\/sanfeliz.es\/wp-content\/uploads\/2025\/02\/galeria-7-200x300.jpg 200w, https:\/\/sanfeliz.es\/wp-content\/uploads\/2025\/02\/galeria-7-768x1152.jpg 768w, https:\/\/sanfeliz.es\/wp-content\/uploads\/2025\/02\/galeria-7-8x12.jpg 8w, https:\/\/sanfeliz.es\/wp-content\/uploads\/2025\/02\/galeria-7.jpg 800w\" sizes=\"(max-width: 683px) 100vw, 683px\" \/>\t\t\t\t\t\t\t\t\t\t\t\t\t\t\t<\/div>\n\t\t\t\t<\/div>\n\t\t\t\t<\/div>\n\t\t\t\t\t<\/div>\n\t\t\t\t<\/div>\n\t\t<div class=\"elementor-element elementor-element-9bcf591 e-flex e-con-boxed e-con e-parent\" data-id=\"9bcf591\" data-element_type=\"container\" data-e-type=\"container\">\n\t\t\t\t\t<div class=\"e-con-inner\">\n\t\t\t\t<div class=\"elementor-element elementor-element-bab4c7c elementor-widget elementor-widget-text-editor\" data-id=\"bab4c7c\" data-element_type=\"widget\" data-e-type=\"widget\" data-widget_type=\"text-editor.default\">\n\t\t\t\t<div class=\"elementor-widget-container\">\n\t\t\t\t\t\t\t\t\t<h2 data-start=\"4359\" data-end=\"4425\">Reserva tu estancia en la mejor Casa rural cerca de Oviedo<\/h2><p data-start=\"4427\" data-end=\"4775\">Si ya te imaginas disfrutando de unos d\u00edas en plena Asturias, no esperes m\u00e1s. Puedes hacer tu reserva directamente accediendo a nuestra secci\u00f3n de <strong data-start=\"4574\" data-end=\"4632\"><a class=\"decorated-link\" href=\"https:\/\/sanfeliz.es\/reservas\/reservas.html\" target=\"_new\" rel=\"noopener\" data-start=\"4576\" data-end=\"4630\">reservas<\/a><\/strong>. El proceso es sencillo e intuitivo; solo tienes que seleccionar el apartamento que mejor se adapte a tus necesidades y confirmar tu estancia.<\/p>\t\t\t\t\t\t\t\t<\/div>\n\t\t\t\t<\/div>\n\t\t\t\t\t<\/div>\n\t\t\t\t<\/div>\n\t\t\t\t<\/div>\n\t\t","protected":false},"excerpt":{"rendered":"<p>En Espacio Rural San Feliz, te ofrecemos la mejor opci\u00f3n de Casa rural cerca de Oviedo en un entorno natural y sostenible. Nuestros Apartamentos rurales, dise\u00f1ados con encanto asturiano, son el lugar perfecto para disfrutar de una escapada aut\u00e9ntica sin renunciar a la comodidad. Conoce los alojamientos en nuestra p\u00e1gina de Apartamentos rurales San Feliz [&hellip;]<\/p>\n","protected":false},"author":5,"featured_media":0,"parent":0,"menu_order":0,"comment_status":"closed","ping_status":"closed","template":"","meta":{"footnotes":""},"class_list":["post-2949","page","type-page","status-publish","hentry"],"yoast_head":"<!-- This site is optimized with the Yoast SEO plugin v27.5 - https:\/\/yoast.com\/product\/yoast-seo-wordpress\/ -->\n<title>Casa rural cerca de Oviedo: apartamentos rurales - Espacio Rural San Feliz<\/title>\n<meta name=\"description\" content=\"En Espacio Rural San Feliz, te ofrecemos la mejor opci\u00f3n de Casa rural cerca de Oviedo en un entorno natural y sostenible\" \/>\n<meta name=\"robots\" content=\"index, follow, max-snippet:-1, max-image-preview:large, max-video-preview:-1\" \/>\n<link rel=\"canonical\" href=\"https:\/\/sanfeliz.es\/en\/casa-rural-cerca-de-oviedo-apartamentos-rurales\/\" \/>\n<meta property=\"og:locale\" content=\"en_GB\" \/>\n<meta property=\"og:type\" content=\"article\" \/>\n<meta property=\"og:title\" content=\"Casa rural cerca de Oviedo: apartamentos rurales - Espacio Rural San Feliz\" \/>\n<meta property=\"og:description\" content=\"En Espacio Rural San Feliz, te ofrecemos la mejor opci\u00f3n de Casa rural cerca de Oviedo en un entorno natural y sostenible\" \/>\n<meta property=\"og:url\" content=\"https:\/\/sanfeliz.es\/en\/casa-rural-cerca-de-oviedo-apartamentos-rurales\/\" \/>\n<meta property=\"og:site_name\" content=\"Espacio Rural San Feliz\" \/>\n<meta property=\"article:modified_time\" content=\"2025-08-22T08:31:42+00:00\" \/>\n<meta property=\"og:image\" content=\"https:\/\/sanfeliz.es\/wp-content\/uploads\/2024\/05\/P1221630.jpg\" \/>\n\t<meta property=\"og:image:width\" content=\"1920\" \/>\n\t<meta property=\"og:image:height\" content=\"1280\" \/>\n\t<meta property=\"og:image:type\" content=\"image\/jpeg\" \/>\n<meta name=\"twitter:card\" content=\"summary_large_image\" \/>\n<meta name=\"twitter:label1\" content=\"Estimated reading time\" \/>\n\t<meta name=\"twitter:data1\" content=\"3 minutes\" \/>\n<script type=\"application\/ld+json\" class=\"yoast-schema-graph\">{\"@context\":\"https:\\\/\\\/schema.org\",\"@graph\":[{\"@type\":\"WebPage\",\"@id\":\"https:\\\/\\\/sanfeliz.es\\\/casa-rural-cerca-de-oviedo-apartamentos-rurales\\\/\",\"url\":\"https:\\\/\\\/sanfeliz.es\\\/casa-rural-cerca-de-oviedo-apartamentos-rurales\\\/\",\"name\":\"Casa rural cerca de Oviedo: apartamentos rurales - Espacio Rural San Feliz\",\"isPartOf\":{\"@id\":\"https:\\\/\\\/sanfeliz.es\\\/#website\"},\"primaryImageOfPage\":{\"@id\":\"https:\\\/\\\/sanfeliz.es\\\/casa-rural-cerca-de-oviedo-apartamentos-rurales\\\/#primaryimage\"},\"image\":{\"@id\":\"https:\\\/\\\/sanfeliz.es\\\/casa-rural-cerca-de-oviedo-apartamentos-rurales\\\/#primaryimage\"},\"thumbnailUrl\":\"https:\\\/\\\/sanfeliz.es\\\/wp-content\\\/uploads\\\/2024\\\/05\\\/P1221630-768x512.jpg\",\"datePublished\":\"2025-08-22T08:27:22+00:00\",\"dateModified\":\"2025-08-22T08:31:42+00:00\",\"description\":\"En Espacio Rural San Feliz, te ofrecemos la mejor opci\u00f3n de Casa rural cerca de Oviedo en un entorno natural y sostenible\",\"breadcrumb\":{\"@id\":\"https:\\\/\\\/sanfeliz.es\\\/casa-rural-cerca-de-oviedo-apartamentos-rurales\\\/#breadcrumb\"},\"inLanguage\":\"en-GB\",\"potentialAction\":[{\"@type\":\"ReadAction\",\"target\":[\"https:\\\/\\\/sanfeliz.es\\\/casa-rural-cerca-de-oviedo-apartamentos-rurales\\\/\"]}]},{\"@type\":\"ImageObject\",\"inLanguage\":\"en-GB\",\"@id\":\"https:\\\/\\\/sanfeliz.es\\\/casa-rural-cerca-de-oviedo-apartamentos-rurales\\\/#primaryimage\",\"url\":\"https:\\\/\\\/sanfeliz.es\\\/wp-content\\\/uploads\\\/2024\\\/05\\\/P1221630-768x512.jpg\",\"contentUrl\":\"https:\\\/\\\/sanfeliz.es\\\/wp-content\\\/uploads\\\/2024\\\/05\\\/P1221630-768x512.jpg\"},{\"@type\":\"BreadcrumbList\",\"@id\":\"https:\\\/\\\/sanfeliz.es\\\/casa-rural-cerca-de-oviedo-apartamentos-rurales\\\/#breadcrumb\",\"itemListElement\":[{\"@type\":\"ListItem\",\"position\":1,\"name\":\"Portada\",\"item\":\"https:\\\/\\\/sanfeliz.es\\\/\"},{\"@type\":\"ListItem\",\"position\":2,\"name\":\"Casa rural cerca de Oviedo: apartamentos rurales\"}]},{\"@type\":\"WebSite\",\"@id\":\"https:\\\/\\\/sanfeliz.es\\\/#website\",\"url\":\"https:\\\/\\\/sanfeliz.es\\\/\",\"name\":\"Espacio Rural San Feliz\",\"description\":\"Apartamentos rurales San feliz\",\"publisher\":{\"@id\":\"https:\\\/\\\/sanfeliz.es\\\/#organization\"},\"potentialAction\":[{\"@type\":\"SearchAction\",\"target\":{\"@type\":\"EntryPoint\",\"urlTemplate\":\"https:\\\/\\\/sanfeliz.es\\\/?s={search_term_string}\"},\"query-input\":{\"@type\":\"PropertyValueSpecification\",\"valueRequired\":true,\"valueName\":\"search_term_string\"}}],\"inLanguage\":\"en-GB\"},{\"@type\":\"Organization\",\"@id\":\"https:\\\/\\\/sanfeliz.es\\\/#organization\",\"name\":\"Espacio Rural San Feliz\",\"url\":\"https:\\\/\\\/sanfeliz.es\\\/\",\"logo\":{\"@type\":\"ImageObject\",\"inLanguage\":\"en-GB\",\"@id\":\"https:\\\/\\\/sanfeliz.es\\\/#\\\/schema\\\/logo\\\/image\\\/\",\"url\":\"https:\\\/\\\/sanfeliz.es\\\/wp-content\\\/uploads\\\/2023\\\/09\\\/logo-san-feliz-web.png\",\"contentUrl\":\"https:\\\/\\\/sanfeliz.es\\\/wp-content\\\/uploads\\\/2023\\\/09\\\/logo-san-feliz-web.png\",\"width\":350,\"height\":124,\"caption\":\"Espacio Rural San Feliz\"},\"image\":{\"@id\":\"https:\\\/\\\/sanfeliz.es\\\/#\\\/schema\\\/logo\\\/image\\\/\"}}]}<\/script>\n<!-- \/ Yoast SEO plugin. -->","yoast_head_json":{"title":"Casa rural cerca de Oviedo: apartamentos rurales - Espacio Rural San Feliz","description":"En Espacio Rural San Feliz, te ofrecemos la mejor opci\u00f3n de Casa rural cerca de Oviedo en un entorno natural y sostenible","robots":{"index":"index","follow":"follow","max-snippet":"max-snippet:-1","max-image-preview":"max-image-preview:large","max-video-preview":"max-video-preview:-1"},"canonical":"https:\/\/sanfeliz.es\/en\/casa-rural-cerca-de-oviedo-apartamentos-rurales\/","og_locale":"en_GB","og_type":"article","og_title":"Casa rural cerca de Oviedo: apartamentos rurales - Espacio Rural San Feliz","og_description":"En Espacio Rural San Feliz, te ofrecemos la mejor opci\u00f3n de Casa rural cerca de Oviedo en un entorno natural y sostenible","og_url":"https:\/\/sanfeliz.es\/en\/casa-rural-cerca-de-oviedo-apartamentos-rurales\/","og_site_name":"Espacio Rural San Feliz","article_modified_time":"2025-08-22T08:31:42+00:00","og_image":[{"width":1920,"height":1280,"url":"https:\/\/sanfeliz.es\/wp-content\/uploads\/2024\/05\/P1221630.jpg","type":"image\/jpeg"}],"twitter_card":"summary_large_image","twitter_misc":{"Estimated reading time":"3 minutes"},"schema":{"@context":"https:\/\/schema.org","@graph":[{"@type":"WebPage","@id":"https:\/\/sanfeliz.es\/casa-rural-cerca-de-oviedo-apartamentos-rurales\/","url":"https:\/\/sanfeliz.es\/casa-rural-cerca-de-oviedo-apartamentos-rurales\/","name":"Casa rural cerca de Oviedo: apartamentos rurales - Espacio Rural San Feliz","isPartOf":{"@id":"https:\/\/sanfeliz.es\/#website"},"primaryImageOfPage":{"@id":"https:\/\/sanfeliz.es\/casa-rural-cerca-de-oviedo-apartamentos-rurales\/#primaryimage"},"image":{"@id":"https:\/\/sanfeliz.es\/casa-rural-cerca-de-oviedo-apartamentos-rurales\/#primaryimage"},"thumbnailUrl":"https:\/\/sanfeliz.es\/wp-content\/uploads\/2024\/05\/P1221630-768x512.jpg","datePublished":"2025-08-22T08:27:22+00:00","dateModified":"2025-08-22T08:31:42+00:00","description":"En Espacio Rural San Feliz, te ofrecemos la mejor opci\u00f3n de Casa rural cerca de Oviedo en un entorno natural y sostenible","breadcrumb":{"@id":"https:\/\/sanfeliz.es\/casa-rural-cerca-de-oviedo-apartamentos-rurales\/#breadcrumb"},"inLanguage":"en-GB","potentialAction":[{"@type":"ReadAction","target":["https:\/\/sanfeliz.es\/casa-rural-cerca-de-oviedo-apartamentos-rurales\/"]}]},{"@type":"ImageObject","inLanguage":"en-GB","@id":"https:\/\/sanfeliz.es\/casa-rural-cerca-de-oviedo-apartamentos-rurales\/#primaryimage","url":"https:\/\/sanfeliz.es\/wp-content\/uploads\/2024\/05\/P1221630-768x512.jpg","contentUrl":"https:\/\/sanfeliz.es\/wp-content\/uploads\/2024\/05\/P1221630-768x512.jpg"},{"@type":"BreadcrumbList","@id":"https:\/\/sanfeliz.es\/casa-rural-cerca-de-oviedo-apartamentos-rurales\/#breadcrumb","itemListElement":[{"@type":"ListItem","position":1,"name":"Portada","item":"https:\/\/sanfeliz.es\/"},{"@type":"ListItem","position":2,"name":"Casa rural cerca de Oviedo: apartamentos rurales"}]},{"@type":"WebSite","@id":"https:\/\/sanfeliz.es\/#website","url":"https:\/\/sanfeliz.es\/","name":"Espacio Rural San Feliz","description":"Apartamentos rurales San feliz","publisher":{"@id":"https:\/\/sanfeliz.es\/#organization"},"potentialAction":[{"@type":"SearchAction","target":{"@type":"EntryPoint","urlTemplate":"https:\/\/sanfeliz.es\/?s={search_term_string}"},"query-input":{"@type":"PropertyValueSpecification","valueRequired":true,"valueName":"search_term_string"}}],"inLanguage":"en-GB"},{"@type":"Organization","@id":"https:\/\/sanfeliz.es\/#organization","name":"Espacio Rural San Feliz","url":"https:\/\/sanfeliz.es\/","logo":{"@type":"ImageObject","inLanguage":"en-GB","@id":"https:\/\/sanfeliz.es\/#\/schema\/logo\/image\/","url":"https:\/\/sanfeliz.es\/wp-content\/uploads\/2023\/09\/logo-san-feliz-web.png","contentUrl":"https:\/\/sanfeliz.es\/wp-content\/uploads\/2023\/09\/logo-san-feliz-web.png","width":350,"height":124,"caption":"Espacio Rural San Feliz"},"image":{"@id":"https:\/\/sanfeliz.es\/#\/schema\/logo\/image\/"}}]}},"_links":{"self":[{"href":"https:\/\/sanfeliz.es\/en\/wp-json\/wp\/v2\/pages\/2949","targetHints":{"allow":["GET"]}}],"collection":[{"href":"https:\/\/sanfeliz.es\/en\/wp-json\/wp\/v2\/pages"}],"about":[{"href":"https:\/\/sanfeliz.es\/en\/wp-json\/wp\/v2\/types\/page"}],"author":[{"embeddable":true,"href":"https:\/\/sanfeliz.es\/en\/wp-json\/wp\/v2\/users\/5"}],"replies":[{"embeddable":true,"href":"https:\/\/sanfeliz.es\/en\/wp-json\/wp\/v2\/comments?post=2949"}],"version-history":[{"count":0,"href":"https:\/\/sanfeliz.es\/en\/wp-json\/wp\/v2\/pages\/2949\/revisions"}],"wp:attachment":[{"href":"https:\/\/sanfeliz.es\/en\/wp-json\/wp\/v2\/media?parent=2949"}],"curies":[{"name":"wp","href":"https:\/\/api.w.org\/{rel}","templated":true}]}}