{"id":877,"date":"2023-10-19T11:15:44","date_gmt":"2023-10-19T09:15:44","guid":{"rendered":"https:\/\/sanfeliz.es\/?page_id=877"},"modified":"2025-02-25T14:54:16","modified_gmt":"2025-02-25T13:54:16","slug":"alojamiento-ideal-para-ciclistas","status":"publish","type":"page","link":"https:\/\/sanfeliz.es\/en\/alojamiento-ideal-para-ciclistas\/","title":{"rendered":"Ideal accommodation for cyclists"},"content":{"rendered":"<div data-elementor-type=\"wp-page\" data-elementor-id=\"877\" class=\"elementor elementor-877\" data-elementor-post-type=\"page\">\n\t\t\t\t<div class=\"elementor-element elementor-element-76b52626 e-flex e-con-boxed e-con e-parent\" data-id=\"76b52626\" data-element_type=\"container\" data-e-type=\"container\" id=\"apartamentos\">\n\t\t\t\t\t<div class=\"e-con-inner\">\n\t\t\t\t<div class=\"elementor-element elementor-element-e821880 elementor-widget elementor-widget-text-editor\" data-id=\"e821880\" data-element_type=\"widget\" data-e-type=\"widget\" data-widget_type=\"text-editor.default\">\n\t\t\t\t<div class=\"elementor-widget-container\">\n\t\t\t\t\t\t\t\t\t<p class=\"translation-block\"><strong>The Central Mountain of Asturias<\/strong> is well known for the <a href=\"https:\/\/www.mieres.es\/turismo\/naturaleza\/rutas-b-t-t\/anillo-ciclista-la-montana-central-gr-208\/\" target=\"_self\"><strong>Cycling Ring<\/strong><\/a> and the climbs of the <strong>Vuelta Ciclista Espa\u00f1a.<\/strong><br>A perimeter route <strong>165 kilometers<\/strong> long, whose route runs through the six municipalities of the region: Aller, Lena, Mieres, Morc\u00edn, Ribera de Arriba and Riosa.<br>The <strong>Cycling Ring<\/strong> route has been approved by the <strong>Federation of Mountain Sports, Climbing and Hiking of the Principality of Asturias,<\/strong> under the name <strong>GR-208.<\/strong> It is conceived as a space prepared for practicing <strong>mountain biking<\/strong> and also <strong>hiking,<\/strong> divided into a total of eight stages, with a demanding route, perfectly signposted, and with several reception points that will provide complementary services to sports practice.<\/p><h4>Why is it the ideal accommodation if you are a cyclist or cycling fan?<\/h4><ul class=\"bloqueTexto\"><li class=\"translation-block\">We can offer you information about<a href=\"https:\/\/sanfeliz.es\/en\/servicios-alojamiento-rural\/#ciclistas\" target=\"_self\"><strong> cycling activities<\/strong><\/a> in the <a href=\"https:\/\/ciclismoenasturias.com\/\" target=\"_self\"><strong>Council of Lena<\/strong><\/a> and in the<strong> Central Mountain of Asturias.<\/strong><\/li><li class=\"translation-block\">Each <strong>rural house<\/strong> has a specific space to store bikes both inside and outside.<\/li><li class=\"translation-block\">The <strong>rural accommodations<\/strong> are very accessible to <strong>cycling<\/strong> routes of all styles: for <strong>road cycling, bbt, enduro cycling, mountain biking, etc.<\/strong><\/li><li>We have the necessary (basic) tools for your bike in case of need, if something happens, don't hesitate to ask.<\/li><li>We set up an area for cleaning the bikes with a hose if it is convenient.<\/li><li class=\"translation-block\">We have a <strong>laundry service,<\/strong> so that the shorts and jerseys are like new after an intense day.<\/li><li class=\"translation-block\">We manage, with prior consultation and availability, the <strong>rental of bicycles<\/strong> for both individuals and families.<\/li><li class=\"translation-block\">We have a <strong>massage service<\/strong> within the apartment itself, from sports, localized massage or total relaxation.<\/li><li>Additionally, if you come with friends or family who are not going to cycle, we also have information on alternatives for everyone to enjoy on rest days.<\/li><\/ul>\t\t\t\t\t\t\t\t<\/div>\n\t\t\t\t<\/div>\n\t\t\t\t\t<\/div>\n\t\t\t\t<\/div>\n\t\t<div class=\"elementor-element elementor-element-49dca32 e-flex e-con-boxed e-con e-parent\" data-id=\"49dca32\" data-element_type=\"container\" data-e-type=\"container\" data-settings=\"{&quot;background_background&quot;:&quot;classic&quot;}\">\n\t\t\t\t\t<div class=\"e-con-inner\">\n\t\t\t\t<div class=\"elementor-element elementor-element-5ef6e24 elementor-widget elementor-widget-heading\" data-id=\"5ef6e24\" data-element_type=\"widget\" data-e-type=\"widget\" data-widget_type=\"heading.default\">\n\t\t\t\t<div class=\"elementor-widget-container\">\n\t\t\t\t\t<h2 class=\"elementor-heading-title elementor-size-default\">Routes<\/h2>\t\t\t\t<\/div>\n\t\t\t\t<\/div>\n\t\t\t\t\t<\/div>\n\t\t\t\t<\/div>\n\t\t<div class=\"elementor-element elementor-element-4c3cac6b e-flex e-con-boxed e-con e-parent\" data-id=\"4c3cac6b\" data-element_type=\"container\" data-e-type=\"container\" data-settings=\"{&quot;background_background&quot;:&quot;classic&quot;}\">\n\t\t\t\t\t<div class=\"e-con-inner\">\n\t\t<div class=\"elementor-element elementor-element-6e63390 e-flex e-con-boxed e-con e-child\" data-id=\"6e63390\" data-element_type=\"container\" data-e-type=\"container\" id=\"carrusel\" data-settings=\"{&quot;background_background&quot;:&quot;classic&quot;}\">\n\t\t\t\t\t<div class=\"e-con-inner\">\n\t\t\t\t\t<\/div>\n\t\t\t\t<\/div>\n\t\t<div class=\"elementor-element elementor-element-5c98459 e-flex e-con-boxed e-con e-child\" data-id=\"5c98459\" data-element_type=\"container\" data-e-type=\"container\" data-settings=\"{&quot;background_background&quot;:&quot;classic&quot;}\">\n\t\t\t\t\t<div class=\"e-con-inner\">\n\t\t\t\t<div class=\"elementor-element elementor-element-0c6b26f elementor-widget elementor-widget-text-editor\" data-id=\"0c6b26f\" data-element_type=\"widget\" data-e-type=\"widget\" data-widget_type=\"text-editor.default\">\n\t\t\t\t<div class=\"elementor-widget-container\">\n\t\t\t\t\t\t\t\t\t<h3><strong>L&#8217;Angliru<\/strong><\/h3><p class=\"translation-block\"><strong>L'Angliru,<\/strong> located in the heart of the <strong>Sierra del Aramo,<\/strong> just 20 km from Oviedo, is considered <strong>one of the toughest passes in Spain<\/strong> with its <strong>12.6 kilometers of ascent at 9.8% average slope and ramps of up to 23 .6%. <\/strong>The Angliru even changed the bicycles, since the developments prior to its appearance were not valid (practically) to promote it. The triple chainring appeared on the road bike, the 34-tooth chainring appeared, the crowns that previously seemed reserved exclusively for mountain bikes appeared, competitors emerged in Italy (Zoncolan or Plan de Corones), etc.<\/p><p class=\"translation-block\"><strong>Distance from La Vega: 12.6 km<br>\nAverage: 9.98%<br>\nAltitude: 1570m<br>\nElevation: 1258m<\/strong><\/p>\t\t\t\t\t\t\t\t<\/div>\n\t\t\t\t<\/div>\n\t\t\t\t\t<\/div>\n\t\t\t\t<\/div>\n\t\t\t\t\t<\/div>\n\t\t\t\t<\/div>\n\t\t<div class=\"elementor-element elementor-element-14c8e56 e-flex e-con-boxed e-con e-parent\" data-id=\"14c8e56\" data-element_type=\"container\" data-e-type=\"container\" data-settings=\"{&quot;background_background&quot;:&quot;classic&quot;}\">\n\t\t\t\t\t<div class=\"e-con-inner\">\n\t\t<div class=\"elementor-element elementor-element-a09090d e-con-full e-flex e-con e-child\" data-id=\"a09090d\" data-element_type=\"container\" data-e-type=\"container\" data-settings=\"{&quot;background_background&quot;:&quot;classic&quot;}\">\n\t\t\t\t<\/div>\n\t\t<div class=\"elementor-element elementor-element-c4f32ae e-con-full e-flex e-con e-child\" data-id=\"c4f32ae\" data-element_type=\"container\" data-e-type=\"container\">\n\t\t\t\t<div class=\"elementor-element elementor-element-9e557c6 elementor-widget elementor-widget-text-editor\" data-id=\"9e557c6\" data-element_type=\"widget\" data-e-type=\"widget\" data-widget_type=\"text-editor.default\">\n\t\t\t\t<div class=\"elementor-widget-container\">\n\t\t\t\t\t\t\t\t\t<h3><strong>The Gamoniteiru<\/strong><\/h3><p class=\"translation-block\">Gamoniteiru is the highest peak of the <strong>Sierra del Aramo,<\/strong> a limestone range almost <strong>20 kilometers long and 7 kilometers wide,<\/strong> and the second highest peak in Asturias (the first is Cuitunigru). It is carried out through the AS-230 that connects Pola de Lena with B\u00e1rzana.<br>\nTo get there it is necessary to <strong>ascend La Cobertoria,<\/strong> in the municipality of Lena, and travel it for 9 kilometers. With an altimetry of 1791m, the climb to Gamoniteiro has an average slope of 9.6%, but at some points it adds up to 17%.<\/p><p class=\"translation-block\"><strong>Distance from Pola de Lena: 15.11 km<br>\nAverage: 9.69%<br>\nAltitude: 1772m<br>\nElevation: 1465m<br>\n<\/strong><\/p>\t\t\t\t\t\t\t\t<\/div>\n\t\t\t\t<\/div>\n\t\t\t\t<\/div>\n\t\t\t\t\t<\/div>\n\t\t\t\t<\/div>\n\t\t<div class=\"elementor-element elementor-element-0413c89 e-flex e-con-boxed e-con e-parent\" data-id=\"0413c89\" data-element_type=\"container\" data-e-type=\"container\" data-settings=\"{&quot;background_background&quot;:&quot;classic&quot;}\">\n\t\t\t\t\t<div class=\"e-con-inner\">\n\t\t<div class=\"elementor-element elementor-element-5affcf5 e-flex e-con-boxed e-con e-child\" data-id=\"5affcf5\" data-element_type=\"container\" data-e-type=\"container\" data-settings=\"{&quot;background_background&quot;:&quot;classic&quot;}\">\n\t\t\t\t\t<div class=\"e-con-inner\">\n\t\t\t\t\t<\/div>\n\t\t\t\t<\/div>\n\t\t<div class=\"elementor-element elementor-element-5276621 e-flex e-con-boxed e-con e-child\" data-id=\"5276621\" data-element_type=\"container\" data-e-type=\"container\" data-settings=\"{&quot;background_background&quot;:&quot;classic&quot;}\">\n\t\t\t\t\t<div class=\"e-con-inner\">\n\t\t\t\t<div class=\"elementor-element elementor-element-63663ed elementor-widget elementor-widget-text-editor\" data-id=\"63663ed\" data-element_type=\"widget\" data-e-type=\"widget\" data-widget_type=\"text-editor.default\">\n\t\t\t\t<div class=\"elementor-widget-container\">\n\t\t\t\t\t\t\t\t\t<h3><strong>The Cubilla<\/strong><\/h3><p class=\"translation-block\"><strong>La Cubilla at 1,686m,<\/strong> Alto del Palo for locals, <strong>is the dividing line between Asturias and Le\u00f3n,<\/strong> which is reached by the AS-89, a road that starts from Campomanes through the Huerna Valley. It is also a transit point for livestock farmers on their access to Puerto Pinos located nearby, a pasture area owned by the Mieres City Council since 1923. The acquisition of the land provided the shepherds of the Asturian council with an extensive area of forage for the summer months.<\/p><p class=\"translation-block\"><strong>Distance from Campomanes: 27.7 km<br>\nAverage: 4.8%<br>\nAltitude: 1689m<br>\nElevation: 1298m<br>\n<\/strong><\/p>\t\t\t\t\t\t\t\t<\/div>\n\t\t\t\t<\/div>\n\t\t\t\t\t<\/div>\n\t\t\t\t<\/div>\n\t\t\t\t\t<\/div>\n\t\t\t\t<\/div>\n\t\t\t\t<\/div>","protected":false},"excerpt":{"rendered":"<p>La Monta\u00f1a Central de Asturias es muy conocida por el Anillo Ciclista y por las subidas de la Vuelta Ciclista Espa\u00f1a.Un recorrido perimetral de 165 kil\u00f3metros de longitud, cuyo trazado discurre por los seis municipios de la comarca: Aller, Lena, Mieres, Morc\u00edn, Ribera de Arriba y Riosa.El recorrido del Anillo Ciclista ha sido homologado por [&hellip;]<\/p>\n","protected":false},"author":1,"featured_media":0,"parent":0,"menu_order":0,"comment_status":"closed","ping_status":"closed","template":"elementor_header_footer","meta":{"footnotes":""},"class_list":["post-877","page","type-page","status-publish","hentry"],"yoast_head":"<!-- This site is optimized with the Yoast SEO plugin v27.6 - https:\/\/yoast.com\/product\/yoast-seo-wordpress\/ -->\n<title>Alojamiento ideal para ciclistas - Espacio Rural San Feliz<\/title>\n<meta name=\"description\" content=\"Apartamentos rurales ideales para establecer el campo base de nuestras rutas ciclistas en el Anillo de la Monta\u00f1a Central\" \/>\n<meta name=\"robots\" content=\"index, follow, max-snippet:-1, max-image-preview:large, max-video-preview:-1\" \/>\n<link rel=\"canonical\" href=\"https:\/\/sanfeliz.es\/en\/alojamiento-ideal-para-ciclistas\/\" \/>\n<meta property=\"og:locale\" content=\"en_GB\" \/>\n<meta property=\"og:type\" content=\"article\" \/>\n<meta property=\"og:title\" content=\"Alojamiento ideal para ciclistas - Espacio Rural San Feliz\" \/>\n<meta property=\"og:description\" content=\"Apartamentos rurales ideales para establecer el campo base de nuestras rutas ciclistas en el Anillo de la Monta\u00f1a Central\" \/>\n<meta property=\"og:url\" content=\"https:\/\/sanfeliz.es\/en\/alojamiento-ideal-para-ciclistas\/\" \/>\n<meta property=\"og:site_name\" content=\"Espacio Rural San Feliz\" \/>\n<meta property=\"article:modified_time\" content=\"2025-02-25T13:54:16+00:00\" \/>\n<meta name=\"twitter:card\" content=\"summary_large_image\" \/>\n<meta name=\"twitter:label1\" content=\"Estimated reading time\" \/>\n\t<meta name=\"twitter:data1\" content=\"3 minutes\" \/>\n<script type=\"application\/ld+json\" class=\"yoast-schema-graph\">{\"@context\":\"https:\\\/\\\/schema.org\",\"@graph\":[{\"@type\":\"WebPage\",\"@id\":\"https:\\\/\\\/sanfeliz.es\\\/alojamiento-ideal-para-ciclistas\\\/\",\"url\":\"https:\\\/\\\/sanfeliz.es\\\/alojamiento-ideal-para-ciclistas\\\/\",\"name\":\"Alojamiento ideal para ciclistas - Espacio Rural San Feliz\",\"isPartOf\":{\"@id\":\"https:\\\/\\\/sanfeliz.es\\\/#website\"},\"datePublished\":\"2023-10-19T09:15:44+00:00\",\"dateModified\":\"2025-02-25T13:54:16+00:00\",\"description\":\"Apartamentos rurales ideales para establecer el campo base de nuestras rutas ciclistas en el Anillo de la Monta\u00f1a Central\",\"breadcrumb\":{\"@id\":\"https:\\\/\\\/sanfeliz.es\\\/alojamiento-ideal-para-ciclistas\\\/#breadcrumb\"},\"inLanguage\":\"en-GB\",\"potentialAction\":[{\"@type\":\"ReadAction\",\"target\":[\"https:\\\/\\\/sanfeliz.es\\\/alojamiento-ideal-para-ciclistas\\\/\"]}]},{\"@type\":\"BreadcrumbList\",\"@id\":\"https:\\\/\\\/sanfeliz.es\\\/alojamiento-ideal-para-ciclistas\\\/#breadcrumb\",\"itemListElement\":[{\"@type\":\"ListItem\",\"position\":1,\"name\":\"Portada\",\"item\":\"https:\\\/\\\/sanfeliz.es\\\/\"},{\"@type\":\"ListItem\",\"position\":2,\"name\":\"Alojamiento ideal para ciclistas\"}]},{\"@type\":\"WebSite\",\"@id\":\"https:\\\/\\\/sanfeliz.es\\\/#website\",\"url\":\"https:\\\/\\\/sanfeliz.es\\\/\",\"name\":\"Espacio Rural San Feliz\",\"description\":\"Apartamentos rurales San feliz\",\"publisher\":{\"@id\":\"https:\\\/\\\/sanfeliz.es\\\/#organization\"},\"potentialAction\":[{\"@type\":\"SearchAction\",\"target\":{\"@type\":\"EntryPoint\",\"urlTemplate\":\"https:\\\/\\\/sanfeliz.es\\\/?s={search_term_string}\"},\"query-input\":{\"@type\":\"PropertyValueSpecification\",\"valueRequired\":true,\"valueName\":\"search_term_string\"}}],\"inLanguage\":\"en-GB\"},{\"@type\":\"Organization\",\"@id\":\"https:\\\/\\\/sanfeliz.es\\\/#organization\",\"name\":\"Espacio Rural San Feliz\",\"url\":\"https:\\\/\\\/sanfeliz.es\\\/\",\"logo\":{\"@type\":\"ImageObject\",\"inLanguage\":\"en-GB\",\"@id\":\"https:\\\/\\\/sanfeliz.es\\\/#\\\/schema\\\/logo\\\/image\\\/\",\"url\":\"https:\\\/\\\/sanfeliz.es\\\/wp-content\\\/uploads\\\/2023\\\/09\\\/logo-san-feliz-web.png\",\"contentUrl\":\"https:\\\/\\\/sanfeliz.es\\\/wp-content\\\/uploads\\\/2023\\\/09\\\/logo-san-feliz-web.png\",\"width\":350,\"height\":124,\"caption\":\"Espacio Rural San Feliz\"},\"image\":{\"@id\":\"https:\\\/\\\/sanfeliz.es\\\/#\\\/schema\\\/logo\\\/image\\\/\"}}]}<\/script>\n<!-- \/ Yoast SEO plugin. -->","yoast_head_json":{"title":"Alojamiento ideal para ciclistas - Espacio Rural San Feliz","description":"Apartamentos rurales ideales para establecer el campo base de nuestras rutas ciclistas en el Anillo de la Monta\u00f1a Central","robots":{"index":"index","follow":"follow","max-snippet":"max-snippet:-1","max-image-preview":"max-image-preview:large","max-video-preview":"max-video-preview:-1"},"canonical":"https:\/\/sanfeliz.es\/en\/alojamiento-ideal-para-ciclistas\/","og_locale":"en_GB","og_type":"article","og_title":"Alojamiento ideal para ciclistas - Espacio Rural San Feliz","og_description":"Apartamentos rurales ideales para establecer el campo base de nuestras rutas ciclistas en el Anillo de la Monta\u00f1a Central","og_url":"https:\/\/sanfeliz.es\/en\/alojamiento-ideal-para-ciclistas\/","og_site_name":"Espacio Rural San Feliz","article_modified_time":"2025-02-25T13:54:16+00:00","twitter_card":"summary_large_image","twitter_misc":{"Estimated reading time":"3 minutes"},"schema":{"@context":"https:\/\/schema.org","@graph":[{"@type":"WebPage","@id":"https:\/\/sanfeliz.es\/alojamiento-ideal-para-ciclistas\/","url":"https:\/\/sanfeliz.es\/alojamiento-ideal-para-ciclistas\/","name":"Alojamiento ideal para ciclistas - Espacio Rural San Feliz","isPartOf":{"@id":"https:\/\/sanfeliz.es\/#website"},"datePublished":"2023-10-19T09:15:44+00:00","dateModified":"2025-02-25T13:54:16+00:00","description":"Apartamentos rurales ideales para establecer el campo base de nuestras rutas ciclistas en el Anillo de la Monta\u00f1a Central","breadcrumb":{"@id":"https:\/\/sanfeliz.es\/alojamiento-ideal-para-ciclistas\/#breadcrumb"},"inLanguage":"en-GB","potentialAction":[{"@type":"ReadAction","target":["https:\/\/sanfeliz.es\/alojamiento-ideal-para-ciclistas\/"]}]},{"@type":"BreadcrumbList","@id":"https:\/\/sanfeliz.es\/alojamiento-ideal-para-ciclistas\/#breadcrumb","itemListElement":[{"@type":"ListItem","position":1,"name":"Portada","item":"https:\/\/sanfeliz.es\/"},{"@type":"ListItem","position":2,"name":"Alojamiento ideal para ciclistas"}]},{"@type":"WebSite","@id":"https:\/\/sanfeliz.es\/#website","url":"https:\/\/sanfeliz.es\/","name":"Espacio Rural San Feliz","description":"Apartamentos rurales San feliz","publisher":{"@id":"https:\/\/sanfeliz.es\/#organization"},"potentialAction":[{"@type":"SearchAction","target":{"@type":"EntryPoint","urlTemplate":"https:\/\/sanfeliz.es\/?s={search_term_string}"},"query-input":{"@type":"PropertyValueSpecification","valueRequired":true,"valueName":"search_term_string"}}],"inLanguage":"en-GB"},{"@type":"Organization","@id":"https:\/\/sanfeliz.es\/#organization","name":"Espacio Rural San Feliz","url":"https:\/\/sanfeliz.es\/","logo":{"@type":"ImageObject","inLanguage":"en-GB","@id":"https:\/\/sanfeliz.es\/#\/schema\/logo\/image\/","url":"https:\/\/sanfeliz.es\/wp-content\/uploads\/2023\/09\/logo-san-feliz-web.png","contentUrl":"https:\/\/sanfeliz.es\/wp-content\/uploads\/2023\/09\/logo-san-feliz-web.png","width":350,"height":124,"caption":"Espacio Rural San Feliz"},"image":{"@id":"https:\/\/sanfeliz.es\/#\/schema\/logo\/image\/"}}]}},"_links":{"self":[{"href":"https:\/\/sanfeliz.es\/en\/wp-json\/wp\/v2\/pages\/877","targetHints":{"allow":["GET"]}}],"collection":[{"href":"https:\/\/sanfeliz.es\/en\/wp-json\/wp\/v2\/pages"}],"about":[{"href":"https:\/\/sanfeliz.es\/en\/wp-json\/wp\/v2\/types\/page"}],"author":[{"embeddable":true,"href":"https:\/\/sanfeliz.es\/en\/wp-json\/wp\/v2\/users\/1"}],"replies":[{"embeddable":true,"href":"https:\/\/sanfeliz.es\/en\/wp-json\/wp\/v2\/comments?post=877"}],"version-history":[{"count":0,"href":"https:\/\/sanfeliz.es\/en\/wp-json\/wp\/v2\/pages\/877\/revisions"}],"wp:attachment":[{"href":"https:\/\/sanfeliz.es\/en\/wp-json\/wp\/v2\/media?parent=877"}],"curies":[{"name":"wp","href":"https:\/\/api.w.org\/{rel}","templated":true}]}}