{"id":908,"date":"2023-10-19T12:01:15","date_gmt":"2023-10-19T10:01:15","guid":{"rendered":"https:\/\/sanfeliz.es\/?page_id=908"},"modified":"2025-02-25T14:54:59","modified_gmt":"2025-02-25T13:54:59","slug":"alojamiento-ideal-para-esquiadores","status":"publish","type":"page","link":"https:\/\/sanfeliz.es\/en\/alojamiento-ideal-para-esquiadores\/","title":{"rendered":"Ideal accommodation for skiers"},"content":{"rendered":"<div data-elementor-type=\"wp-page\" data-elementor-id=\"908\" class=\"elementor elementor-908\" data-elementor-post-type=\"page\">\n\t\t\t\t<div class=\"elementor-element elementor-element-76b52626 e-flex e-con-boxed e-con e-parent\" data-id=\"76b52626\" data-element_type=\"container\" data-e-type=\"container\" id=\"apartamentos\">\n\t\t\t\t\t<div class=\"e-con-inner\">\n\t\t\t\t<div class=\"elementor-element elementor-element-e821880 elementor-widget elementor-widget-text-editor\" data-id=\"e821880\" data-element_type=\"widget\" data-e-type=\"widget\" data-widget_type=\"text-editor.default\">\n\t\t\t\t<div class=\"elementor-widget-container\">\n\t\t\t\t\t\t\t\t\t<p class=\"translation-block\">During the snow season, our mountains are perfect for <strong>skiing<\/strong> and we are also lucky to be just 20 minutes from the <a href=\"https:\/\/www.valgrande-pajares.com\/\" target=\"_self\"><strong>Valgrande \u2013 Pajares Ski Resort,<\/strong><\/a> where we can manage the ski pass for you, ask us!<br>\nWe also have the other Asturian station nearby, <a href=\"https:\/\/fuentesdeinvierno.com\/\" target=\"_self\"><strong>Fuentes de Invierno,<\/strong><\/a> 40 minutes away, and San Isidro, which, although it already belongs to the province of Le\u00f3n, is only 45 minutes away.<\/p><h4 class=\"translation-block\">Espacio Rural San Feliz is the ideal accommodation if you are thinking of spending a few days skiing and discovering the snow-capped mountains of Asturias.<\/h4><ul><li class=\"translation-block\">Each <strong>rural house<\/strong> has a specific space to <strong>store skis or snowboards<\/strong> inside the apartment.<\/li><li class=\"translation-block\">We manage the <strong>acquisition of the ski pass at the Valgrande \u2013 Pajares Ski Resort<\/strong> so that you don't have to worry before arrival.<\/li><li>Los alojamientos rurales est\u00e1n a <strong>20 minutos de la Estaci\u00f3n de Esqu\u00ed de Valgrande &#8211; Pajares<\/strong> y a <strong>40 minutos de la Estaci\u00f3n de Esqu\u00ed de Fuentes de Invierno<\/strong>. Estaciones d\u00f3nde se puede practicar <strong>esqu\u00ed de descenso, snowboard, esqu\u00ed de fondo, esqu\u00ed de traves\u00eda<\/strong>, etc.<\/li><li class=\"translation-block\">The rural accommodations are <strong>20 minutes from the Valgrande \u2013 Pajares Ski Resort and 40 minutes from the Fuentes de Invierno Ski Resort<\/strong>. Stations where you can practice <strong>downhill skiing, snowboarding, cross-country skiing, cross-country skiing, etc.<\/strong><\/li><li class=\"translation-block\">We have a <strong>massage service<\/strong> within the apartment itself, from sports, localized massage or total relaxation.<\/li><li class=\"translation-block\">In each <strong>rural apartment<\/strong> there is a <strong>fireplace<\/strong>, to be able to enjoy in a calm atmosphere.<\/li><\/ul>\t\t\t\t\t\t\t\t<\/div>\n\t\t\t\t<\/div>\n\t\t\t\t\t<\/div>\n\t\t\t\t<\/div>\n\t\t<div class=\"elementor-element elementor-element-49dca32 e-flex e-con-boxed e-con e-parent\" data-id=\"49dca32\" data-element_type=\"container\" data-e-type=\"container\" data-settings=\"{&quot;background_background&quot;:&quot;classic&quot;}\">\n\t\t\t\t\t<div class=\"e-con-inner\">\n\t\t\t\t<div class=\"elementor-element elementor-element-5ef6e24 elementor-widget elementor-widget-heading\" data-id=\"5ef6e24\" data-element_type=\"widget\" data-e-type=\"widget\" data-widget_type=\"heading.default\">\n\t\t\t\t<div class=\"elementor-widget-container\">\n\t\t\t\t\t<h2 class=\"elementor-heading-title elementor-size-default\">Nearby ski resorts<\/h2>\t\t\t\t<\/div>\n\t\t\t\t<\/div>\n\t\t\t\t\t<\/div>\n\t\t\t\t<\/div>\n\t\t<div class=\"elementor-element elementor-element-4c3cac6b e-flex e-con-boxed e-con e-parent\" data-id=\"4c3cac6b\" data-element_type=\"container\" data-e-type=\"container\" data-settings=\"{&quot;background_background&quot;:&quot;classic&quot;}\">\n\t\t\t\t\t<div class=\"e-con-inner\">\n\t\t<div class=\"elementor-element elementor-element-6e63390 e-flex e-con-boxed e-con e-child\" data-id=\"6e63390\" data-element_type=\"container\" data-e-type=\"container\" id=\"carrusel\" data-settings=\"{&quot;background_background&quot;:&quot;classic&quot;}\">\n\t\t\t\t\t<div class=\"e-con-inner\">\n\t\t\t\t<div class=\"elementor-element elementor-element-045500b elementor-widget elementor-widget-text-editor\" data-id=\"045500b\" data-element_type=\"widget\" data-e-type=\"widget\" data-widget_type=\"text-editor.default\">\n\t\t\t\t<div class=\"elementor-widget-container\">\n\t\t\t\t\t\t\t\t\t<h2><strong>Fuentes de Invierno<\/strong><\/h2><p class=\"translation-block\">Fuentes de Invierno, located in the heart of the <strong>Asturian Central Mountain,<\/strong> offers you <strong>8.7 km of skiing, divided into 15 slopes of different levels: 3 green slopes, 3 blue, 6 red and 3 black.<\/strong> This way all skiers, from the most expert to the most novice, will be able to ski in style. They have <strong>3 chairlifts, 1 ski lift and 1 treadmill <\/strong>\u2013 which can transport 8,200 people per hour.\nThere is also a <strong>sports equipment rental service available<\/strong> with a total of 300 complete carving ski equipment and 80 snowboard equipment and a <strong>ski school <\/strong>with private lessons, weekend courses, adapted skiing, etc.<\/p>\t\t\t\t\t\t\t\t<\/div>\n\t\t\t\t<\/div>\n\t\t\t\t\t<\/div>\n\t\t\t\t<\/div>\n\t\t<div class=\"elementor-element elementor-element-5c98459 e-flex e-con-boxed e-con e-child\" data-id=\"5c98459\" data-element_type=\"container\" data-e-type=\"container\" data-settings=\"{&quot;background_background&quot;:&quot;classic&quot;}\">\n\t\t\t\t\t<div class=\"e-con-inner\">\n\t\t\t\t<div class=\"elementor-element elementor-element-0c6b26f elementor-widget elementor-widget-text-editor\" data-id=\"0c6b26f\" data-element_type=\"widget\" data-e-type=\"widget\" data-widget_type=\"text-editor.default\">\n\t\t\t\t<div class=\"elementor-widget-container\">\n\t\t\t\t\t\t\t\t\t<h2><strong>Pajares<\/strong><\/h2><p class=\"translation-block\">Considered <strong>one of the reference resorts in the Cantabrian Mountains,<\/strong> the winter resort located in the municipality of Lena\/L.lena has a long history behind it.\nWith more than 60 years of life (it was inaugurated in 1954), the <strong>Valgrande-Pajares<\/strong> station is perfectly connected to the most important population centers in Asturias and Le\u00f3n. In the heart of the Cantabrian coast, under the hills of the mythical port of Pajares and in the shadow of Cueto Negro, El Cell\u00f3n and Las Tres Mar\u00edas, which are around <strong>2,000 meters above sea level,<\/strong> the Lenense station is one of the oldest in Spain.\nIt has a <strong>ski area with 30.9 km of slopes, to which the Gondola, chairlifts and treadmills provide access.<\/strong> The resort has at its disposal a school for private or group classes in skiing, snowboarding, cross-country, freestyle... and a <strong>equipment rental store.<\/strong><\/p>\t\t\t\t\t\t\t\t<\/div>\n\t\t\t\t<\/div>\n\t\t\t\t\t<\/div>\n\t\t\t\t<\/div>\n\t\t\t\t\t<\/div>\n\t\t\t\t<\/div>\n\t\t\t\t<\/div>","protected":false},"excerpt":{"rendered":"<p>Durante la temporada de nieve, nuestras monta\u00f1as son perfectas para\u00a0esquiar\u00a0y adem\u00e1s tenemos la suerte de estar a tan solo 20 minutos de la\u00a0Estaci\u00f3n de Esqu\u00ed de Valgrande \u2013 Pajares, donde nosotros te podemos gestionar el forfait, \u00a1preg\u00fantanos!Tambi\u00e9n tenemos cerca la otra estaci\u00f3n asturiana,\u00a0Fuentes de Invierno\u00a0a 40 minutos y San Isidro, que, aunque ya pertenece a [&hellip;]<\/p>\n","protected":false},"author":1,"featured_media":0,"parent":0,"menu_order":0,"comment_status":"closed","ping_status":"closed","template":"elementor_header_footer","meta":{"footnotes":""},"class_list":["post-908","page","type-page","status-publish","hentry"],"yoast_head":"<!-- This site is optimized with the Yoast SEO plugin v27.6 - https:\/\/yoast.com\/product\/yoast-seo-wordpress\/ -->\n<title>Alojamiento ideal para esquiadores - Espacio Rural San Feliz<\/title>\n<meta name=\"description\" content=\"Alojamiento ideal para esquiadores cercano a estaciones de esqu\u00ed de Asturias y Le\u00f3n\" \/>\n<meta name=\"robots\" content=\"index, follow, max-snippet:-1, max-image-preview:large, max-video-preview:-1\" \/>\n<link rel=\"canonical\" href=\"https:\/\/sanfeliz.es\/en\/alojamiento-ideal-para-esquiadores\/\" \/>\n<meta property=\"og:locale\" content=\"en_GB\" \/>\n<meta property=\"og:type\" content=\"article\" \/>\n<meta property=\"og:title\" content=\"Alojamiento ideal para esquiadores - Espacio Rural San Feliz\" \/>\n<meta property=\"og:description\" content=\"Alojamiento ideal para esquiadores cercano a estaciones de esqu\u00ed de Asturias y Le\u00f3n\" \/>\n<meta property=\"og:url\" content=\"https:\/\/sanfeliz.es\/en\/alojamiento-ideal-para-esquiadores\/\" \/>\n<meta property=\"og:site_name\" content=\"Espacio Rural San Feliz\" \/>\n<meta property=\"article:modified_time\" content=\"2025-02-25T13:54:59+00:00\" \/>\n<meta name=\"twitter:card\" content=\"summary_large_image\" \/>\n<meta name=\"twitter:label1\" content=\"Estimated reading time\" \/>\n\t<meta name=\"twitter:data1\" content=\"3 minutes\" \/>\n<script type=\"application\/ld+json\" class=\"yoast-schema-graph\">{\"@context\":\"https:\\\/\\\/schema.org\",\"@graph\":[{\"@type\":\"WebPage\",\"@id\":\"https:\\\/\\\/sanfeliz.es\\\/alojamiento-ideal-para-esquiadores\\\/\",\"url\":\"https:\\\/\\\/sanfeliz.es\\\/alojamiento-ideal-para-esquiadores\\\/\",\"name\":\"Alojamiento ideal para esquiadores - Espacio Rural San Feliz\",\"isPartOf\":{\"@id\":\"https:\\\/\\\/sanfeliz.es\\\/#website\"},\"datePublished\":\"2023-10-19T10:01:15+00:00\",\"dateModified\":\"2025-02-25T13:54:59+00:00\",\"description\":\"Alojamiento ideal para esquiadores cercano a estaciones de esqu\u00ed de Asturias y Le\u00f3n\",\"breadcrumb\":{\"@id\":\"https:\\\/\\\/sanfeliz.es\\\/alojamiento-ideal-para-esquiadores\\\/#breadcrumb\"},\"inLanguage\":\"en-GB\",\"potentialAction\":[{\"@type\":\"ReadAction\",\"target\":[\"https:\\\/\\\/sanfeliz.es\\\/alojamiento-ideal-para-esquiadores\\\/\"]}]},{\"@type\":\"BreadcrumbList\",\"@id\":\"https:\\\/\\\/sanfeliz.es\\\/alojamiento-ideal-para-esquiadores\\\/#breadcrumb\",\"itemListElement\":[{\"@type\":\"ListItem\",\"position\":1,\"name\":\"Portada\",\"item\":\"https:\\\/\\\/sanfeliz.es\\\/\"},{\"@type\":\"ListItem\",\"position\":2,\"name\":\"Alojamiento ideal para esquiadores\"}]},{\"@type\":\"WebSite\",\"@id\":\"https:\\\/\\\/sanfeliz.es\\\/#website\",\"url\":\"https:\\\/\\\/sanfeliz.es\\\/\",\"name\":\"Espacio Rural San Feliz\",\"description\":\"Apartamentos rurales San feliz\",\"publisher\":{\"@id\":\"https:\\\/\\\/sanfeliz.es\\\/#organization\"},\"potentialAction\":[{\"@type\":\"SearchAction\",\"target\":{\"@type\":\"EntryPoint\",\"urlTemplate\":\"https:\\\/\\\/sanfeliz.es\\\/?s={search_term_string}\"},\"query-input\":{\"@type\":\"PropertyValueSpecification\",\"valueRequired\":true,\"valueName\":\"search_term_string\"}}],\"inLanguage\":\"en-GB\"},{\"@type\":\"Organization\",\"@id\":\"https:\\\/\\\/sanfeliz.es\\\/#organization\",\"name\":\"Espacio Rural San Feliz\",\"url\":\"https:\\\/\\\/sanfeliz.es\\\/\",\"logo\":{\"@type\":\"ImageObject\",\"inLanguage\":\"en-GB\",\"@id\":\"https:\\\/\\\/sanfeliz.es\\\/#\\\/schema\\\/logo\\\/image\\\/\",\"url\":\"https:\\\/\\\/sanfeliz.es\\\/wp-content\\\/uploads\\\/2023\\\/09\\\/logo-san-feliz-web.png\",\"contentUrl\":\"https:\\\/\\\/sanfeliz.es\\\/wp-content\\\/uploads\\\/2023\\\/09\\\/logo-san-feliz-web.png\",\"width\":350,\"height\":124,\"caption\":\"Espacio Rural San Feliz\"},\"image\":{\"@id\":\"https:\\\/\\\/sanfeliz.es\\\/#\\\/schema\\\/logo\\\/image\\\/\"}}]}<\/script>\n<!-- \/ Yoast SEO plugin. -->","yoast_head_json":{"title":"Alojamiento ideal para esquiadores - Espacio Rural San Feliz","description":"Alojamiento ideal para esquiadores cercano a estaciones de esqu\u00ed de Asturias y Le\u00f3n","robots":{"index":"index","follow":"follow","max-snippet":"max-snippet:-1","max-image-preview":"max-image-preview:large","max-video-preview":"max-video-preview:-1"},"canonical":"https:\/\/sanfeliz.es\/en\/alojamiento-ideal-para-esquiadores\/","og_locale":"en_GB","og_type":"article","og_title":"Alojamiento ideal para esquiadores - Espacio Rural San Feliz","og_description":"Alojamiento ideal para esquiadores cercano a estaciones de esqu\u00ed de Asturias y Le\u00f3n","og_url":"https:\/\/sanfeliz.es\/en\/alojamiento-ideal-para-esquiadores\/","og_site_name":"Espacio Rural San Feliz","article_modified_time":"2025-02-25T13:54:59+00:00","twitter_card":"summary_large_image","twitter_misc":{"Estimated reading time":"3 minutes"},"schema":{"@context":"https:\/\/schema.org","@graph":[{"@type":"WebPage","@id":"https:\/\/sanfeliz.es\/alojamiento-ideal-para-esquiadores\/","url":"https:\/\/sanfeliz.es\/alojamiento-ideal-para-esquiadores\/","name":"Alojamiento ideal para esquiadores - Espacio Rural San Feliz","isPartOf":{"@id":"https:\/\/sanfeliz.es\/#website"},"datePublished":"2023-10-19T10:01:15+00:00","dateModified":"2025-02-25T13:54:59+00:00","description":"Alojamiento ideal para esquiadores cercano a estaciones de esqu\u00ed de Asturias y Le\u00f3n","breadcrumb":{"@id":"https:\/\/sanfeliz.es\/alojamiento-ideal-para-esquiadores\/#breadcrumb"},"inLanguage":"en-GB","potentialAction":[{"@type":"ReadAction","target":["https:\/\/sanfeliz.es\/alojamiento-ideal-para-esquiadores\/"]}]},{"@type":"BreadcrumbList","@id":"https:\/\/sanfeliz.es\/alojamiento-ideal-para-esquiadores\/#breadcrumb","itemListElement":[{"@type":"ListItem","position":1,"name":"Portada","item":"https:\/\/sanfeliz.es\/"},{"@type":"ListItem","position":2,"name":"Alojamiento ideal para esquiadores"}]},{"@type":"WebSite","@id":"https:\/\/sanfeliz.es\/#website","url":"https:\/\/sanfeliz.es\/","name":"Espacio Rural San Feliz","description":"Apartamentos rurales San feliz","publisher":{"@id":"https:\/\/sanfeliz.es\/#organization"},"potentialAction":[{"@type":"SearchAction","target":{"@type":"EntryPoint","urlTemplate":"https:\/\/sanfeliz.es\/?s={search_term_string}"},"query-input":{"@type":"PropertyValueSpecification","valueRequired":true,"valueName":"search_term_string"}}],"inLanguage":"en-GB"},{"@type":"Organization","@id":"https:\/\/sanfeliz.es\/#organization","name":"Espacio Rural San Feliz","url":"https:\/\/sanfeliz.es\/","logo":{"@type":"ImageObject","inLanguage":"en-GB","@id":"https:\/\/sanfeliz.es\/#\/schema\/logo\/image\/","url":"https:\/\/sanfeliz.es\/wp-content\/uploads\/2023\/09\/logo-san-feliz-web.png","contentUrl":"https:\/\/sanfeliz.es\/wp-content\/uploads\/2023\/09\/logo-san-feliz-web.png","width":350,"height":124,"caption":"Espacio Rural San Feliz"},"image":{"@id":"https:\/\/sanfeliz.es\/#\/schema\/logo\/image\/"}}]}},"_links":{"self":[{"href":"https:\/\/sanfeliz.es\/en\/wp-json\/wp\/v2\/pages\/908","targetHints":{"allow":["GET"]}}],"collection":[{"href":"https:\/\/sanfeliz.es\/en\/wp-json\/wp\/v2\/pages"}],"about":[{"href":"https:\/\/sanfeliz.es\/en\/wp-json\/wp\/v2\/types\/page"}],"author":[{"embeddable":true,"href":"https:\/\/sanfeliz.es\/en\/wp-json\/wp\/v2\/users\/1"}],"replies":[{"embeddable":true,"href":"https:\/\/sanfeliz.es\/en\/wp-json\/wp\/v2\/comments?post=908"}],"version-history":[{"count":0,"href":"https:\/\/sanfeliz.es\/en\/wp-json\/wp\/v2\/pages\/908\/revisions"}],"wp:attachment":[{"href":"https:\/\/sanfeliz.es\/en\/wp-json\/wp\/v2\/media?parent=908"}],"curies":[{"name":"wp","href":"https:\/\/api.w.org\/{rel}","templated":true}]}}