{"id":918,"date":"2023-10-19T12:17:30","date_gmt":"2023-10-19T10:17:30","guid":{"rendered":"https:\/\/sanfeliz.es\/?page_id=918"},"modified":"2025-02-05T11:54:13","modified_gmt":"2025-02-05T10:54:13","slug":"alojamiento-ideal-para-familias","status":"publish","type":"page","link":"https:\/\/sanfeliz.es\/en\/alojamiento-ideal-para-familias\/","title":{"rendered":"Ideal accommodation for families"},"content":{"rendered":"<div data-elementor-type=\"wp-page\" data-elementor-id=\"918\" class=\"elementor elementor-918\" data-elementor-post-type=\"page\">\n\t\t\t\t<div class=\"elementor-element elementor-element-76b52626 e-flex e-con-boxed e-con e-parent\" data-id=\"76b52626\" data-element_type=\"container\" data-e-type=\"container\" id=\"apartamentos\">\n\t\t\t\t\t<div class=\"e-con-inner\">\n\t\t\t\t<div class=\"elementor-element elementor-element-e821880 elementor-widget elementor-widget-text-editor\" data-id=\"e821880\" data-element_type=\"widget\" data-e-type=\"widget\" data-widget_type=\"text-editor.default\">\n\t\t\t\t<div class=\"elementor-widget-container\">\n\t\t\t\t\t\t\t\t\t<h5 class=\"translation-block\"><strong>Espacio Rural San Feliz<\/strong> are the ideal accommodations to spend a few days resting and discovering unforgettable landscapes with the <strong>family.<\/strong><\/h5><ul class=\"bloqueTexto\"><li class=\"translation-block\">We have information about <strong>family activities and board games,<\/strong> so that the fun can be had inside and outside the home.<\/li><li class=\"translation-block\">Parents can enjoy the tranquility of a village where <strong>children can play at their leisure.<\/strong><\/li><li class=\"translation-block\">If needed, <strong>we provide a cot, high chair and bed rail in the apartment completely free of charge.<\/strong> We also have special <strong>tableware for babies.<\/strong><\/li><li class=\"translation-block\"><strong>WIFI is included.<\/strong><\/li><li class=\"translation-block\">We are just <strong>5 minutes from the capital of the council, Pola de Lena,<\/strong> where you can find a <strong>health center, pharmacies, supermarkets, parks, etc.<\/strong><\/li><li class=\"translation-block\">You don't need to bring anything, we have a <strong>fully equipped kitchen.<\/strong><\/li><li class=\"translation-block\">We offer a <a href=\"https:\/\/sanfeliz.es\/en\/servicios-alojamiento-rural\/#lavanderia\"><strong>laundry service<\/strong><\/a> in case the kids get extra messy.<\/li><li class=\"translation-block\">And also, even though the goal is to enjoy as a family, sometimes the grown-ups need a little break\u2014like a romantic dinner at <strong><a href=\"https:\/\/www.montesanfeliz.com\/\" target=\"_blank\">Monte<\/a><\/strong>, a Michelin-starred and Green Michelin-starred restaurant in San Feliz.<br>\nWe also offer a <strong>babysitting service<\/strong> for those who want to unwind for a while.<\/li><\/ul><h5>THE BEST ACTIVITIES TO DO WITH THE FAMILY<\/h5><ul class=\"bloqueTexto\"><li><a href=\"http:\/\/www.mumi.es\" target=\"_blank\" rel=\"noopener\">Museo de la Miner\u00eda<\/a>: descubre nuestros or\u00edgenes mineros a tan solo 25 minutos de San Feliz. La entrada es gratuita hasta los 3 a\u00f1os y la tarifa est\u00e1 reducida hasta 12 a\u00f1os.<\/li><li class=\"translation-block\"><a href=\"https:\/\/www.museoycircuitofernandoalonso.com\" target=\"_blank\" rel=\"noopener\">Fernando Alonso Museum and Racing Circuit:<\/a> just 30 minutes from San Feliz, feel the adrenaline like the Asturian driver. Admission is reduced for children up to 12 years old.<\/li><li class=\"translation-block\"><a href=\"https:\/\/www.gijon.es\/es\/directorio\/jardin-botanico-atlantico-de-gijon\" target=\"_blank\" rel=\"noopener\">Botanical Garden in Gij\u00f3n:<\/a> also 30 minutes from San Feliz, explore botany with your family. Admission is free for children up to 11 years old.<\/li><li class=\"translation-block\"><a href=\"https:\/\/www.acuariogijon.es\" target=\"_blank\" rel=\"noopener\">Gij\u00f3n Aquarium:<\/a> discover the marine world just 40 minutes from San Feliz. Children under 3 years old enter for free and up to 14 years old admission is reduced.<\/li><li class=\"translation-block\"><a href=\"http:\/\/www.museojurasicoasturias.com\" target=\"_blank\" rel=\"noopener\">The MUJA:<\/a> the Jurassic Museum of Asturias is 50 minutes from San Feliz. Up to 3 years old admission is free and up to 11 years old the rate is reduced.<\/li><li class=\"translation-block\"><a href=\"http:\/\/www.parquedelaprehistoria.es\" target=\"_blank\" rel=\"noopener\">Prehistory Park:<\/a> children will have a blast and learn in the Prehistory Park 50 minutes from San Feliz. Up to 3 years old admission is free and up to 11 years old the rate is reduced.<\/li><li>Going down the Sella River: one of the most famous descents in Spain that you have to go down at least once in your life. It can be hired through different companies, but it is recommended that children be over 5 years old. This adventure is 1 hour from San Feliz.<\/li><li>Go up to the Covadonga Lakes: another essential plan in Asturias is to go up to the Covadonga Lakes and marvel at the landscape. It is 1:30 from San Feliz. You can get on the bus in Covadonga or get in your car.<\/li><\/ul>\t\t\t\t\t\t\t\t<\/div>\n\t\t\t\t<\/div>\n\t\t\t\t\t<\/div>\n\t\t\t\t<\/div>\n\t\t<div class=\"elementor-element elementor-element-49dca32 e-flex e-con-boxed e-con e-parent\" data-id=\"49dca32\" data-element_type=\"container\" data-e-type=\"container\" data-settings=\"{&quot;background_background&quot;:&quot;classic&quot;}\">\n\t\t\t\t\t<div class=\"e-con-inner\">\n\t\t\t\t<div class=\"elementor-element elementor-element-5ef6e24 elementor-widget elementor-widget-heading\" data-id=\"5ef6e24\" data-element_type=\"widget\" data-e-type=\"widget\" data-widget_type=\"heading.default\">\n\t\t\t\t<div class=\"elementor-widget-container\">\n\t\t\t\t\t<p class=\"elementor-heading-title elementor-size-default\">Hiking<\/p>\t\t\t\t<\/div>\n\t\t\t\t<\/div>\n\t\t\t\t\t<\/div>\n\t\t\t\t<\/div>\n\t\t<div class=\"elementor-element elementor-element-4c3cac6b e-flex e-con-boxed e-con e-parent\" data-id=\"4c3cac6b\" data-element_type=\"container\" data-e-type=\"container\" data-settings=\"{&quot;background_background&quot;:&quot;classic&quot;}\">\n\t\t\t\t\t<div class=\"e-con-inner\">\n\t\t<div class=\"elementor-element elementor-element-6e63390 e-flex e-con-boxed e-con e-child\" data-id=\"6e63390\" data-element_type=\"container\" data-e-type=\"container\" id=\"carrusel\" data-settings=\"{&quot;background_background&quot;:&quot;classic&quot;}\">\n\t\t\t\t\t<div class=\"e-con-inner\">\n\t\t\t\t<div class=\"elementor-element elementor-element-045500b elementor-widget elementor-widget-text-editor\" data-id=\"045500b\" data-element_type=\"widget\" data-e-type=\"widget\" data-widget_type=\"text-editor.default\">\n\t\t\t\t<div class=\"elementor-widget-container\">\n\t\t\t\t\t\t\t\t\t<h2><strong>Route from El Cordal to La Peral<\/strong><\/h2><p class=\"translation-block\">A perfect plan could be the route from the La <strong>Peral Recreational Area to El Cordal<\/strong>. It is long but quite simple and with hardly any slopes.\nYou can also do it the other way around, starting in El Cordal and ending in La Peral, in both places you can park your car well. In addition, it is a route that can also be done by bicycle.\nThe views are impressive and you find more animals than people, so you can say that you are in the heart of Asturian nature.<\/p>\t\t\t\t\t\t\t\t<\/div>\n\t\t\t\t<\/div>\n\t\t\t\t\t<\/div>\n\t\t\t\t<\/div>\n\t\t<div class=\"elementor-element elementor-element-5c98459 e-flex e-con-boxed e-con e-child\" data-id=\"5c98459\" data-element_type=\"container\" data-e-type=\"container\" data-settings=\"{&quot;background_background&quot;:&quot;classic&quot;}\">\n\t\t\t\t\t<div class=\"e-con-inner\">\n\t\t\t\t<div class=\"elementor-element elementor-element-0c6b26f elementor-widget elementor-widget-text-editor\" data-id=\"0c6b26f\" data-element_type=\"widget\" data-e-type=\"widget\" data-widget_type=\"text-editor.default\">\n\t\t\t\t<div class=\"elementor-widget-container\">\n\t\t\t\t\t\t\t\t\t<h2><strong>Route to the hermitage of La Flor<\/strong><\/h2><p class=\"translation-block\">From the <strong>Pola de Lena square<\/strong>, passing through the town hall gardens to the <strong>La Flor hermitage<\/strong>, you can take a mini route of about 3km.\nWalking parallel to the <strong>Naredo River<\/strong> through a riverside forest that will surround you most of the time. This hermitage is where the popular La Flor pilgrimage is celebrated.<\/p>\t\t\t\t\t\t\t\t<\/div>\n\t\t\t\t<\/div>\n\t\t\t\t\t<\/div>\n\t\t\t\t<\/div>\n\t\t\t\t\t<\/div>\n\t\t\t\t<\/div>\n\t\t<div class=\"elementor-element elementor-element-3544d90 e-flex e-con-boxed e-con e-parent\" data-id=\"3544d90\" data-element_type=\"container\" data-e-type=\"container\" data-settings=\"{&quot;background_background&quot;:&quot;classic&quot;}\">\n\t\t\t\t\t<div class=\"e-con-inner\">\n\t\t<div class=\"elementor-element elementor-element-cf75f47 e-flex e-con-boxed e-con e-child\" data-id=\"cf75f47\" data-element_type=\"container\" data-e-type=\"container\" data-settings=\"{&quot;background_background&quot;:&quot;classic&quot;}\">\n\t\t\t\t\t<div class=\"e-con-inner\">\n\t\t\t\t<div class=\"elementor-element elementor-element-4354ed7 elementor-widget elementor-widget-text-editor\" data-id=\"4354ed7\" data-element_type=\"widget\" data-e-type=\"widget\" data-widget_type=\"text-editor.default\">\n\t\t\t\t<div class=\"elementor-widget-container\">\n\t\t\t\t\t\t\t\t\t<h2><strong>Meic\u00edn refuge route<\/strong><\/h2><p class=\"translation-block\">One of the best-known routes that you cannot miss in the <strong>council of Lena<\/strong> is that of the <strong>Meic\u00edn Refuge.<\/strong> From San Feliz you drive to the town of Tuiza de Arriba, which is where the route begins. There you can park your car without problem in the parking lot or in a free space on the road.<br>\nThe beginning of the trail to <strong>Bra\u00f1a del Meic\u00edn<\/strong> is indicated. You follow the path until you reach the shelter where you can stop to eat, rest or have a drink. Up to here the route is quite simple and takes around 1h30\/2h.\nThe next part is reserved for people with a little more experience and training. From the refuge to Alto Terreos it is harder due to the slope of the climb and it can take more or less 1 hour.<br>\nWith this route, you can see some of the most famous peaks in the area. We can define it as moderate difficulty in which you can enjoy spectacular views.<\/p>\t\t\t\t\t\t\t\t<\/div>\n\t\t\t\t<\/div>\n\t\t\t\t\t<\/div>\n\t\t\t\t<\/div>\n\t\t\t\t\t<\/div>\n\t\t\t\t<\/div>\n\t\t\t\t<\/div>","protected":false},"excerpt":{"rendered":"<p>Espacio Rural San Feliz\u00a0son los alojamientos ideales para pasar unos d\u00edas descansado y descubriendo paisajes inolvidables en\u00a0familia. Disponemos de informaci\u00f3n sobre\u00a0actividades en familia y juegos de mesa,\u00a0para que la diversi\u00f3n sea dentro y fuera de casa. Los padres pueden disfrutar de la tranquilidad de una aldea donde\u00a0los ni\u00f1os pueden jugar a su aire. Si se [&hellip;]<\/p>\n","protected":false},"author":1,"featured_media":0,"parent":0,"menu_order":0,"comment_status":"closed","ping_status":"closed","template":"elementor_header_footer","meta":{"footnotes":""},"class_list":["post-918","page","type-page","status-publish","hentry"],"yoast_head":"<!-- This site is optimized with the Yoast SEO plugin v27.5 - https:\/\/yoast.com\/product\/yoast-seo-wordpress\/ -->\n<title>Alojamiento ideal para familias - Espacio Rural San Feliz<\/title>\n<meta name=\"description\" content=\"Alojamiento rural ideal para familias para disfrutar de unos d\u00edas en plena naturaleza desde un punto privilegiado en el centro de Asturias\" \/>\n<meta name=\"robots\" content=\"index, follow, max-snippet:-1, max-image-preview:large, max-video-preview:-1\" \/>\n<link rel=\"canonical\" href=\"https:\/\/sanfeliz.es\/en\/alojamiento-ideal-para-familias\/\" \/>\n<meta property=\"og:locale\" content=\"en_GB\" \/>\n<meta property=\"og:type\" content=\"article\" \/>\n<meta property=\"og:title\" content=\"Alojamiento ideal para familias - Espacio Rural San Feliz\" \/>\n<meta property=\"og:description\" content=\"Alojamiento rural ideal para familias para disfrutar de unos d\u00edas en plena naturaleza desde un punto privilegiado en el centro de Asturias\" \/>\n<meta property=\"og:url\" content=\"https:\/\/sanfeliz.es\/en\/alojamiento-ideal-para-familias\/\" \/>\n<meta property=\"og:site_name\" content=\"Espacio Rural San Feliz\" \/>\n<meta property=\"article:modified_time\" content=\"2025-02-05T10:54:13+00:00\" \/>\n<meta name=\"twitter:card\" content=\"summary_large_image\" \/>\n<meta name=\"twitter:label1\" content=\"Estimated reading time\" \/>\n\t<meta name=\"twitter:data1\" content=\"4 minutes\" \/>\n<script type=\"application\/ld+json\" class=\"yoast-schema-graph\">{\"@context\":\"https:\\\/\\\/schema.org\",\"@graph\":[{\"@type\":\"WebPage\",\"@id\":\"https:\\\/\\\/sanfeliz.es\\\/alojamiento-ideal-para-familias\\\/\",\"url\":\"https:\\\/\\\/sanfeliz.es\\\/alojamiento-ideal-para-familias\\\/\",\"name\":\"Alojamiento ideal para familias - Espacio Rural San Feliz\",\"isPartOf\":{\"@id\":\"https:\\\/\\\/sanfeliz.es\\\/#website\"},\"datePublished\":\"2023-10-19T10:17:30+00:00\",\"dateModified\":\"2025-02-05T10:54:13+00:00\",\"description\":\"Alojamiento rural ideal para familias para disfrutar de unos d\u00edas en plena naturaleza desde un punto privilegiado en el centro de Asturias\",\"breadcrumb\":{\"@id\":\"https:\\\/\\\/sanfeliz.es\\\/alojamiento-ideal-para-familias\\\/#breadcrumb\"},\"inLanguage\":\"en-GB\",\"potentialAction\":[{\"@type\":\"ReadAction\",\"target\":[\"https:\\\/\\\/sanfeliz.es\\\/alojamiento-ideal-para-familias\\\/\"]}]},{\"@type\":\"BreadcrumbList\",\"@id\":\"https:\\\/\\\/sanfeliz.es\\\/alojamiento-ideal-para-familias\\\/#breadcrumb\",\"itemListElement\":[{\"@type\":\"ListItem\",\"position\":1,\"name\":\"Portada\",\"item\":\"https:\\\/\\\/sanfeliz.es\\\/\"},{\"@type\":\"ListItem\",\"position\":2,\"name\":\"Alojamiento ideal para familias\"}]},{\"@type\":\"WebSite\",\"@id\":\"https:\\\/\\\/sanfeliz.es\\\/#website\",\"url\":\"https:\\\/\\\/sanfeliz.es\\\/\",\"name\":\"Espacio Rural San Feliz\",\"description\":\"Apartamentos rurales San feliz\",\"publisher\":{\"@id\":\"https:\\\/\\\/sanfeliz.es\\\/#organization\"},\"potentialAction\":[{\"@type\":\"SearchAction\",\"target\":{\"@type\":\"EntryPoint\",\"urlTemplate\":\"https:\\\/\\\/sanfeliz.es\\\/?s={search_term_string}\"},\"query-input\":{\"@type\":\"PropertyValueSpecification\",\"valueRequired\":true,\"valueName\":\"search_term_string\"}}],\"inLanguage\":\"en-GB\"},{\"@type\":\"Organization\",\"@id\":\"https:\\\/\\\/sanfeliz.es\\\/#organization\",\"name\":\"Espacio Rural San Feliz\",\"url\":\"https:\\\/\\\/sanfeliz.es\\\/\",\"logo\":{\"@type\":\"ImageObject\",\"inLanguage\":\"en-GB\",\"@id\":\"https:\\\/\\\/sanfeliz.es\\\/#\\\/schema\\\/logo\\\/image\\\/\",\"url\":\"https:\\\/\\\/sanfeliz.es\\\/wp-content\\\/uploads\\\/2023\\\/09\\\/logo-san-feliz-web.png\",\"contentUrl\":\"https:\\\/\\\/sanfeliz.es\\\/wp-content\\\/uploads\\\/2023\\\/09\\\/logo-san-feliz-web.png\",\"width\":350,\"height\":124,\"caption\":\"Espacio Rural San Feliz\"},\"image\":{\"@id\":\"https:\\\/\\\/sanfeliz.es\\\/#\\\/schema\\\/logo\\\/image\\\/\"}}]}<\/script>\n<!-- \/ Yoast SEO plugin. -->","yoast_head_json":{"title":"Alojamiento ideal para familias - Espacio Rural San Feliz","description":"Alojamiento rural ideal para familias para disfrutar de unos d\u00edas en plena naturaleza desde un punto privilegiado en el centro de Asturias","robots":{"index":"index","follow":"follow","max-snippet":"max-snippet:-1","max-image-preview":"max-image-preview:large","max-video-preview":"max-video-preview:-1"},"canonical":"https:\/\/sanfeliz.es\/en\/alojamiento-ideal-para-familias\/","og_locale":"en_GB","og_type":"article","og_title":"Alojamiento ideal para familias - Espacio Rural San Feliz","og_description":"Alojamiento rural ideal para familias para disfrutar de unos d\u00edas en plena naturaleza desde un punto privilegiado en el centro de Asturias","og_url":"https:\/\/sanfeliz.es\/en\/alojamiento-ideal-para-familias\/","og_site_name":"Espacio Rural San Feliz","article_modified_time":"2025-02-05T10:54:13+00:00","twitter_card":"summary_large_image","twitter_misc":{"Estimated reading time":"4 minutes"},"schema":{"@context":"https:\/\/schema.org","@graph":[{"@type":"WebPage","@id":"https:\/\/sanfeliz.es\/alojamiento-ideal-para-familias\/","url":"https:\/\/sanfeliz.es\/alojamiento-ideal-para-familias\/","name":"Alojamiento ideal para familias - Espacio Rural San Feliz","isPartOf":{"@id":"https:\/\/sanfeliz.es\/#website"},"datePublished":"2023-10-19T10:17:30+00:00","dateModified":"2025-02-05T10:54:13+00:00","description":"Alojamiento rural ideal para familias para disfrutar de unos d\u00edas en plena naturaleza desde un punto privilegiado en el centro de Asturias","breadcrumb":{"@id":"https:\/\/sanfeliz.es\/alojamiento-ideal-para-familias\/#breadcrumb"},"inLanguage":"en-GB","potentialAction":[{"@type":"ReadAction","target":["https:\/\/sanfeliz.es\/alojamiento-ideal-para-familias\/"]}]},{"@type":"BreadcrumbList","@id":"https:\/\/sanfeliz.es\/alojamiento-ideal-para-familias\/#breadcrumb","itemListElement":[{"@type":"ListItem","position":1,"name":"Portada","item":"https:\/\/sanfeliz.es\/"},{"@type":"ListItem","position":2,"name":"Alojamiento ideal para familias"}]},{"@type":"WebSite","@id":"https:\/\/sanfeliz.es\/#website","url":"https:\/\/sanfeliz.es\/","name":"Espacio Rural San Feliz","description":"Apartamentos rurales San feliz","publisher":{"@id":"https:\/\/sanfeliz.es\/#organization"},"potentialAction":[{"@type":"SearchAction","target":{"@type":"EntryPoint","urlTemplate":"https:\/\/sanfeliz.es\/?s={search_term_string}"},"query-input":{"@type":"PropertyValueSpecification","valueRequired":true,"valueName":"search_term_string"}}],"inLanguage":"en-GB"},{"@type":"Organization","@id":"https:\/\/sanfeliz.es\/#organization","name":"Espacio Rural San Feliz","url":"https:\/\/sanfeliz.es\/","logo":{"@type":"ImageObject","inLanguage":"en-GB","@id":"https:\/\/sanfeliz.es\/#\/schema\/logo\/image\/","url":"https:\/\/sanfeliz.es\/wp-content\/uploads\/2023\/09\/logo-san-feliz-web.png","contentUrl":"https:\/\/sanfeliz.es\/wp-content\/uploads\/2023\/09\/logo-san-feliz-web.png","width":350,"height":124,"caption":"Espacio Rural San Feliz"},"image":{"@id":"https:\/\/sanfeliz.es\/#\/schema\/logo\/image\/"}}]}},"_links":{"self":[{"href":"https:\/\/sanfeliz.es\/en\/wp-json\/wp\/v2\/pages\/918","targetHints":{"allow":["GET"]}}],"collection":[{"href":"https:\/\/sanfeliz.es\/en\/wp-json\/wp\/v2\/pages"}],"about":[{"href":"https:\/\/sanfeliz.es\/en\/wp-json\/wp\/v2\/types\/page"}],"author":[{"embeddable":true,"href":"https:\/\/sanfeliz.es\/en\/wp-json\/wp\/v2\/users\/1"}],"replies":[{"embeddable":true,"href":"https:\/\/sanfeliz.es\/en\/wp-json\/wp\/v2\/comments?post=918"}],"version-history":[{"count":0,"href":"https:\/\/sanfeliz.es\/en\/wp-json\/wp\/v2\/pages\/918\/revisions"}],"wp:attachment":[{"href":"https:\/\/sanfeliz.es\/en\/wp-json\/wp\/v2\/media?parent=918"}],"curies":[{"name":"wp","href":"https:\/\/api.w.org\/{rel}","templated":true}]}}