{"id":961,"date":"2023-10-19T13:09:39","date_gmt":"2023-10-19T11:09:39","guid":{"rendered":"https:\/\/sanfeliz.es\/?page_id=961"},"modified":"2024-06-14T12:16:05","modified_gmt":"2024-06-14T10:16:05","slug":"alojamiento-ideal-para-viajar-con-mascotas","status":"publish","type":"page","link":"https:\/\/sanfeliz.es\/en\/alojamiento-ideal-para-viajar-con-mascotas\/","title":{"rendered":"Alojamiento ideal para viajar con mascotas"},"content":{"rendered":"<div data-elementor-type=\"wp-page\" data-elementor-id=\"961\" class=\"elementor elementor-961\" data-elementor-post-type=\"page\">\n\t\t\t\t<div class=\"elementor-element elementor-element-76b52626 e-flex e-con-boxed e-con e-parent\" data-id=\"76b52626\" data-element_type=\"container\" data-e-type=\"container\" id=\"apartamentos\">\n\t\t\t\t\t<div class=\"e-con-inner\">\n\t\t\t\t\t<\/div>\n\t\t\t\t<\/div>\n\t\t<div class=\"elementor-element elementor-element-d87a132 e-flex e-con-boxed e-con e-parent\" data-id=\"d87a132\" data-element_type=\"container\" data-e-type=\"container\">\n\t\t\t\t\t<div class=\"e-con-inner\">\n\t\t\t\t<div class=\"elementor-element elementor-element-08d94f7 elementor-widget elementor-widget-heading\" data-id=\"08d94f7\" data-element_type=\"widget\" data-e-type=\"widget\" data-widget_type=\"heading.default\">\n\t\t\t\t<div class=\"elementor-widget-container\">\n\t\t\t\t\t<h2 class=\"elementor-heading-title elementor-size-default\">Apartamentos Rurales San Feliz es el alojamiento ideal si est\u00e1s pensando en pasar tus vacaciones con un miembro m\u00e1s de la familia, la mascota.<\/h2>\t\t\t\t<\/div>\n\t\t\t\t<\/div>\n\t\t\t\t<div class=\"elementor-element elementor-element-39302b2 elementor-widget elementor-widget-text-editor\" data-id=\"39302b2\" data-element_type=\"widget\" data-e-type=\"widget\" data-widget_type=\"text-editor.default\">\n\t\t\t\t<div class=\"elementor-widget-container\">\n\t\t\t\t\t\t\t\t\t<p><img fetchpriority=\"high\" decoding=\"async\" class=\"alignright wp-image-975 size-large\" src=\"https:\/\/sanfeliz.es\/wp-content\/uploads\/2023\/10\/mascota-1024x585.jpg\" alt=\"Alojamiento ideal para mascotas\" width=\"800\" height=\"457\" srcset=\"https:\/\/sanfeliz.es\/wp-content\/uploads\/2023\/10\/mascota-1024x585.jpg 1024w, https:\/\/sanfeliz.es\/wp-content\/uploads\/2023\/10\/mascota-300x171.jpg 300w, https:\/\/sanfeliz.es\/wp-content\/uploads\/2023\/10\/mascota-768x439.jpg 768w, https:\/\/sanfeliz.es\/wp-content\/uploads\/2023\/10\/mascota-1536x878.jpg 1536w, https:\/\/sanfeliz.es\/wp-content\/uploads\/2023\/10\/mascota.jpg 1920w\" sizes=\"(max-width: 800px) 100vw, 800px\" \/><\/p><ul class=\"bloqueTexto\"><li>Es el lugar <strong>ideal para pasear con mascota,<\/strong> puedes ir desde la monta\u00f1a, por un paseo hasta por el centro urbano.<\/li><li>Cada <strong>casa rural dispone de su propia terraza privada,<\/strong> para que la mascota pueda quedarse suelta.<\/li><li>Nos da igual el peso y el tama\u00f1o de la mascota, \u00a1admitimos todas!<\/li><li>Si se te olvid\u00f3 en casa, no te preocupes, nosotros <strong>tenemos un comedero y un bebedero.<\/strong><\/li><li>Tambi\u00e9n ponemos una <strong>cama para la mascota.<\/strong><\/li><li>Estamos a tan solo <strong>5 minutos de la capital del concejo, Pola de Lena,<\/strong> donde podr\u00e1s encontrar <strong>veterinarios, autoservicio de lavado de mascota, un parque canino y hasta una residencia canina.<\/strong><\/li><li>Como consideramos a la mascota un miembro m\u00e1s de la familia, tenemos un <strong>detalle de bienvenida<\/strong> para ella.<\/li><\/ul>\t\t\t\t\t\t\t\t<\/div>\n\t\t\t\t<\/div>\n\t\t\t\t\t<\/div>\n\t\t\t\t<\/div>\n\t\t\t\t<\/div>","protected":false},"excerpt":{"rendered":"<p>Apartamentos Rurales San Feliz es el alojamiento ideal si est\u00e1s pensando en pasar tus vacaciones con un miembro m\u00e1s de la familia, la mascota. Es el lugar ideal para pasear con mascota, puedes ir desde la monta\u00f1a, por un paseo hasta por el centro urbano. Cada casa rural dispone de su propia terraza privada, para [&hellip;]<\/p>\n","protected":false},"author":1,"featured_media":0,"parent":0,"menu_order":0,"comment_status":"closed","ping_status":"closed","template":"elementor_header_footer","meta":{"footnotes":""},"class_list":["post-961","page","type-page","status-publish","hentry"],"yoast_head":"<!-- This site is optimized with the Yoast SEO plugin v27.5 - https:\/\/yoast.com\/product\/yoast-seo-wordpress\/ -->\n<title>Alojamiento ideal para viajar con mascotas - Espacio Rural San Feliz<\/title>\n<meta name=\"description\" content=\"Apartamentos Rurales San Feliz es el alojamiento ideal para pasar tus vacaciones con un miembro m\u00e1s de la familia, la mascota.\" \/>\n<meta name=\"robots\" content=\"index, follow, max-snippet:-1, max-image-preview:large, max-video-preview:-1\" \/>\n<link rel=\"canonical\" href=\"https:\/\/sanfeliz.es\/en\/alojamiento-ideal-para-viajar-con-mascotas\/\" \/>\n<meta property=\"og:locale\" content=\"en_GB\" \/>\n<meta property=\"og:type\" content=\"article\" \/>\n<meta property=\"og:title\" content=\"Alojamiento ideal para viajar con mascotas - Espacio Rural San Feliz\" \/>\n<meta property=\"og:description\" content=\"Apartamentos Rurales San Feliz es el alojamiento ideal para pasar tus vacaciones con un miembro m\u00e1s de la familia, la mascota.\" \/>\n<meta property=\"og:url\" content=\"https:\/\/sanfeliz.es\/en\/alojamiento-ideal-para-viajar-con-mascotas\/\" \/>\n<meta property=\"og:site_name\" content=\"Espacio Rural San Feliz\" \/>\n<meta property=\"article:modified_time\" content=\"2024-06-14T10:16:05+00:00\" \/>\n<meta property=\"og:image\" content=\"https:\/\/sanfeliz.es\/wp-content\/uploads\/2023\/10\/mascota-1024x585.jpg\" \/>\n<meta name=\"twitter:card\" content=\"summary_large_image\" \/>\n<meta name=\"twitter:label1\" content=\"Estimated reading time\" \/>\n\t<meta name=\"twitter:data1\" content=\"1 minute\" \/>\n<script type=\"application\/ld+json\" class=\"yoast-schema-graph\">{\"@context\":\"https:\\\/\\\/schema.org\",\"@graph\":[{\"@type\":\"WebPage\",\"@id\":\"https:\\\/\\\/sanfeliz.es\\\/alojamiento-ideal-para-viajar-con-mascotas\\\/\",\"url\":\"https:\\\/\\\/sanfeliz.es\\\/alojamiento-ideal-para-viajar-con-mascotas\\\/\",\"name\":\"Alojamiento ideal para viajar con mascotas - Espacio Rural San Feliz\",\"isPartOf\":{\"@id\":\"https:\\\/\\\/sanfeliz.es\\\/#website\"},\"primaryImageOfPage\":{\"@id\":\"https:\\\/\\\/sanfeliz.es\\\/alojamiento-ideal-para-viajar-con-mascotas\\\/#primaryimage\"},\"image\":{\"@id\":\"https:\\\/\\\/sanfeliz.es\\\/alojamiento-ideal-para-viajar-con-mascotas\\\/#primaryimage\"},\"thumbnailUrl\":\"https:\\\/\\\/sanfeliz.es\\\/wp-content\\\/uploads\\\/2023\\\/10\\\/mascota-1024x585.jpg\",\"datePublished\":\"2023-10-19T11:09:39+00:00\",\"dateModified\":\"2024-06-14T10:16:05+00:00\",\"description\":\"Apartamentos Rurales San Feliz es el alojamiento ideal para pasar tus vacaciones con un miembro m\u00e1s de la familia, la mascota.\",\"breadcrumb\":{\"@id\":\"https:\\\/\\\/sanfeliz.es\\\/alojamiento-ideal-para-viajar-con-mascotas\\\/#breadcrumb\"},\"inLanguage\":\"en-GB\",\"potentialAction\":[{\"@type\":\"ReadAction\",\"target\":[\"https:\\\/\\\/sanfeliz.es\\\/alojamiento-ideal-para-viajar-con-mascotas\\\/\"]}]},{\"@type\":\"ImageObject\",\"inLanguage\":\"en-GB\",\"@id\":\"https:\\\/\\\/sanfeliz.es\\\/alojamiento-ideal-para-viajar-con-mascotas\\\/#primaryimage\",\"url\":\"https:\\\/\\\/sanfeliz.es\\\/wp-content\\\/uploads\\\/2023\\\/10\\\/mascota-1024x585.jpg\",\"contentUrl\":\"https:\\\/\\\/sanfeliz.es\\\/wp-content\\\/uploads\\\/2023\\\/10\\\/mascota-1024x585.jpg\"},{\"@type\":\"BreadcrumbList\",\"@id\":\"https:\\\/\\\/sanfeliz.es\\\/alojamiento-ideal-para-viajar-con-mascotas\\\/#breadcrumb\",\"itemListElement\":[{\"@type\":\"ListItem\",\"position\":1,\"name\":\"Portada\",\"item\":\"https:\\\/\\\/sanfeliz.es\\\/\"},{\"@type\":\"ListItem\",\"position\":2,\"name\":\"Alojamiento ideal para viajar con mascotas\"}]},{\"@type\":\"WebSite\",\"@id\":\"https:\\\/\\\/sanfeliz.es\\\/#website\",\"url\":\"https:\\\/\\\/sanfeliz.es\\\/\",\"name\":\"Espacio Rural San Feliz\",\"description\":\"Apartamentos rurales San feliz\",\"publisher\":{\"@id\":\"https:\\\/\\\/sanfeliz.es\\\/#organization\"},\"potentialAction\":[{\"@type\":\"SearchAction\",\"target\":{\"@type\":\"EntryPoint\",\"urlTemplate\":\"https:\\\/\\\/sanfeliz.es\\\/?s={search_term_string}\"},\"query-input\":{\"@type\":\"PropertyValueSpecification\",\"valueRequired\":true,\"valueName\":\"search_term_string\"}}],\"inLanguage\":\"en-GB\"},{\"@type\":\"Organization\",\"@id\":\"https:\\\/\\\/sanfeliz.es\\\/#organization\",\"name\":\"Espacio Rural San Feliz\",\"url\":\"https:\\\/\\\/sanfeliz.es\\\/\",\"logo\":{\"@type\":\"ImageObject\",\"inLanguage\":\"en-GB\",\"@id\":\"https:\\\/\\\/sanfeliz.es\\\/#\\\/schema\\\/logo\\\/image\\\/\",\"url\":\"https:\\\/\\\/sanfeliz.es\\\/wp-content\\\/uploads\\\/2023\\\/09\\\/logo-san-feliz-web.png\",\"contentUrl\":\"https:\\\/\\\/sanfeliz.es\\\/wp-content\\\/uploads\\\/2023\\\/09\\\/logo-san-feliz-web.png\",\"width\":350,\"height\":124,\"caption\":\"Espacio Rural San Feliz\"},\"image\":{\"@id\":\"https:\\\/\\\/sanfeliz.es\\\/#\\\/schema\\\/logo\\\/image\\\/\"}}]}<\/script>\n<!-- \/ Yoast SEO plugin. -->","yoast_head_json":{"title":"Alojamiento ideal para viajar con mascotas - Espacio Rural San Feliz","description":"Apartamentos Rurales San Feliz es el alojamiento ideal para pasar tus vacaciones con un miembro m\u00e1s de la familia, la mascota.","robots":{"index":"index","follow":"follow","max-snippet":"max-snippet:-1","max-image-preview":"max-image-preview:large","max-video-preview":"max-video-preview:-1"},"canonical":"https:\/\/sanfeliz.es\/en\/alojamiento-ideal-para-viajar-con-mascotas\/","og_locale":"en_GB","og_type":"article","og_title":"Alojamiento ideal para viajar con mascotas - Espacio Rural San Feliz","og_description":"Apartamentos Rurales San Feliz es el alojamiento ideal para pasar tus vacaciones con un miembro m\u00e1s de la familia, la mascota.","og_url":"https:\/\/sanfeliz.es\/en\/alojamiento-ideal-para-viajar-con-mascotas\/","og_site_name":"Espacio Rural San Feliz","article_modified_time":"2024-06-14T10:16:05+00:00","og_image":[{"url":"https:\/\/sanfeliz.es\/wp-content\/uploads\/2023\/10\/mascota-1024x585.jpg","type":"","width":"","height":""}],"twitter_card":"summary_large_image","twitter_misc":{"Estimated reading time":"1 minute"},"schema":{"@context":"https:\/\/schema.org","@graph":[{"@type":"WebPage","@id":"https:\/\/sanfeliz.es\/alojamiento-ideal-para-viajar-con-mascotas\/","url":"https:\/\/sanfeliz.es\/alojamiento-ideal-para-viajar-con-mascotas\/","name":"Alojamiento ideal para viajar con mascotas - Espacio Rural San Feliz","isPartOf":{"@id":"https:\/\/sanfeliz.es\/#website"},"primaryImageOfPage":{"@id":"https:\/\/sanfeliz.es\/alojamiento-ideal-para-viajar-con-mascotas\/#primaryimage"},"image":{"@id":"https:\/\/sanfeliz.es\/alojamiento-ideal-para-viajar-con-mascotas\/#primaryimage"},"thumbnailUrl":"https:\/\/sanfeliz.es\/wp-content\/uploads\/2023\/10\/mascota-1024x585.jpg","datePublished":"2023-10-19T11:09:39+00:00","dateModified":"2024-06-14T10:16:05+00:00","description":"Apartamentos Rurales San Feliz es el alojamiento ideal para pasar tus vacaciones con un miembro m\u00e1s de la familia, la mascota.","breadcrumb":{"@id":"https:\/\/sanfeliz.es\/alojamiento-ideal-para-viajar-con-mascotas\/#breadcrumb"},"inLanguage":"en-GB","potentialAction":[{"@type":"ReadAction","target":["https:\/\/sanfeliz.es\/alojamiento-ideal-para-viajar-con-mascotas\/"]}]},{"@type":"ImageObject","inLanguage":"en-GB","@id":"https:\/\/sanfeliz.es\/alojamiento-ideal-para-viajar-con-mascotas\/#primaryimage","url":"https:\/\/sanfeliz.es\/wp-content\/uploads\/2023\/10\/mascota-1024x585.jpg","contentUrl":"https:\/\/sanfeliz.es\/wp-content\/uploads\/2023\/10\/mascota-1024x585.jpg"},{"@type":"BreadcrumbList","@id":"https:\/\/sanfeliz.es\/alojamiento-ideal-para-viajar-con-mascotas\/#breadcrumb","itemListElement":[{"@type":"ListItem","position":1,"name":"Portada","item":"https:\/\/sanfeliz.es\/"},{"@type":"ListItem","position":2,"name":"Alojamiento ideal para viajar con mascotas"}]},{"@type":"WebSite","@id":"https:\/\/sanfeliz.es\/#website","url":"https:\/\/sanfeliz.es\/","name":"Espacio Rural San Feliz","description":"Apartamentos rurales San feliz","publisher":{"@id":"https:\/\/sanfeliz.es\/#organization"},"potentialAction":[{"@type":"SearchAction","target":{"@type":"EntryPoint","urlTemplate":"https:\/\/sanfeliz.es\/?s={search_term_string}"},"query-input":{"@type":"PropertyValueSpecification","valueRequired":true,"valueName":"search_term_string"}}],"inLanguage":"en-GB"},{"@type":"Organization","@id":"https:\/\/sanfeliz.es\/#organization","name":"Espacio Rural San Feliz","url":"https:\/\/sanfeliz.es\/","logo":{"@type":"ImageObject","inLanguage":"en-GB","@id":"https:\/\/sanfeliz.es\/#\/schema\/logo\/image\/","url":"https:\/\/sanfeliz.es\/wp-content\/uploads\/2023\/09\/logo-san-feliz-web.png","contentUrl":"https:\/\/sanfeliz.es\/wp-content\/uploads\/2023\/09\/logo-san-feliz-web.png","width":350,"height":124,"caption":"Espacio Rural San Feliz"},"image":{"@id":"https:\/\/sanfeliz.es\/#\/schema\/logo\/image\/"}}]}},"_links":{"self":[{"href":"https:\/\/sanfeliz.es\/en\/wp-json\/wp\/v2\/pages\/961","targetHints":{"allow":["GET"]}}],"collection":[{"href":"https:\/\/sanfeliz.es\/en\/wp-json\/wp\/v2\/pages"}],"about":[{"href":"https:\/\/sanfeliz.es\/en\/wp-json\/wp\/v2\/types\/page"}],"author":[{"embeddable":true,"href":"https:\/\/sanfeliz.es\/en\/wp-json\/wp\/v2\/users\/1"}],"replies":[{"embeddable":true,"href":"https:\/\/sanfeliz.es\/en\/wp-json\/wp\/v2\/comments?post=961"}],"version-history":[{"count":0,"href":"https:\/\/sanfeliz.es\/en\/wp-json\/wp\/v2\/pages\/961\/revisions"}],"wp:attachment":[{"href":"https:\/\/sanfeliz.es\/en\/wp-json\/wp\/v2\/media?parent=961"}],"curies":[{"name":"wp","href":"https:\/\/api.w.org\/{rel}","templated":true}]}}